{"id":10157,"date":"2024-08-22T15:05:05","date_gmt":"2024-08-22T14:05:05","guid":{"rendered":"https:\/\/tremunpiercing.com\/?post_type=product&#038;p=10157"},"modified":"2025-12-04T16:10:04","modified_gmt":"2025-12-04T15:10:04","slug":"venezia","status":"publish","type":"product","link":"https:\/\/tremunpiercing.com\/sk\/product\/venezia\/","title":{"rendered":"Venezia"},"content":{"rendered":"<p>Vrchn\u00e1k Venezia bez nit\u00ed od spolo\u010dnosti Shanga Jewellery je kr\u00e1snym doplnkom k ak\u00e9muko\u013evek piercingu a do va\u0161ej \u0161perkovnice ur\u010dite prinesie eleganciu in\u0161pirovan\u00fa talianskym \u0161t\u00fdlom. Puzetka Venezia je vyroben\u00e1 z 18-kar\u00e1tov\u00e9ho \u017elt\u00e9ho zlata a je vybaven\u00e1 oslniv\u00fdmi zirk\u00f3nmi. Venezia je k dispoz\u00edcii v dvoch ve\u013ekostiach: ve\u013ekej (5,4 mm x 4 mm) a malej (3,9 mm x 2,9 mm), \u010do umo\u017e\u0148uje prisp\u00f4sobi\u0165 sa v\u00e1\u0161mu osobn\u00e9mu vkusu alebo preferovan\u00e9mu umiestneniu \u0161perku. Bezpe\u010dn\u00e1 klauzula so z\u00e1vitom vytv\u00e1ra bezpe\u010dn\u00e9 a pohodln\u00e9 uchytenie pre piercera aj klienta a z\u00e1rove\u0148 umo\u017e\u0148uje jednoduch\u00fa v\u00fdmenu \u0161perku. Vrchn\u00e1k Venezia bez z\u00e1vitu je kompatibiln\u00fd s bezz\u00e1vitov\u00fdmi kol\u00edkmi 16G aj 14G a hod\u00ed sa na \u0161irok\u00fa \u0161k\u00e1lu piercingov vr\u00e1tane pier, u\u0161\u00ed a nosn\u00fdch dierok.<\/p>\n<p>Klasick\u00e1 kombin\u00e1cia zlata a kame\u0148ov z neho rob\u00ed sol\u00eddny k\u00fasok pre \u0161t\u00fadi\u00e1, ktor\u00e9 chc\u00fa ma\u0165 na sklade pr\u00e9miov\u00e9, hypoalerg\u00e9nne \u0161perky, ktor\u00e9 by sp\u013a\u0148ali profesion\u00e1lne \u0161tandardy. Luxusn\u00e1 povrchov\u00e1 \u00faprava a dobre spracovan\u00fd dizajn n\u00e1ramku Venezia z neho robia kr\u00e1sny v\u00fdrobok pre predajcov piercingu a profesion\u00e1lov, ktor\u00ed h\u013eadaj\u00fa jemn\u00e9 zlat\u00e9 zvr\u0161ky, ktor\u00e9 by klienti ocenili.<\/p>","protected":false},"excerpt":{"rendered":"<ul>\n<li>Bez z\u00e1vitu - Push pin top<\/li>\n<li>Materi\u00e1l: vrchn\u00e1 \u010das\u0165 zo \u017elt\u00e9ho 18-kar\u00e1tov\u00e9ho zlata, nerezov\u00fd kol\u00edk<\/li>\n<li>Drahokam: Kubick\u00fd zirk\u00f3n<\/li>\n<li>Kompatibiln\u00fd s bezz\u00e1vitov\u00fdmi st\u013apikmi 16G a 14G<\/li>\n<li>Ve\u013ekos\u0165: Ve\u013ek\u00fd 5,4 mm x 4 mm - Mal\u00fd 3,9 mm x 2,9 mm<\/li>\n<li>Zna\u010dka: Shanga Jewellery<\/li>\n<\/ul>","protected":false},"featured_media":10160,"comment_status":"closed","ping_status":"closed","template":"","meta":{"_acf_changed":false},"product_brand":[],"product_cat":[337,398],"product_tag":[187,188,189,205,206,212,190,183,213,184,207],"class_list":{"0":"post-10157","1":"product","2":"type-product","3":"status-publish","4":"has-post-thumbnail","6":"product_cat-gold-jewelry","7":"product_cat-shanga","8":"product_tag-conch","9":"product_tag-ear","10":"product_tag-helix","11":"product_tag-lobe","12":"product_tag-lobulo","13":"product_tag-medusa","14":"product_tag-oreja","15":"product_tag-perforacion","16":"product_tag-philtrum","17":"product_tag-piercing","18":"product_tag-tragus","20":"first","21":"instock","22":"taxable","23":"shipping-taxable","24":"product-type-variable"},"acf":[],"gallery_images":[],"_links":{"self":[{"href":"https:\/\/tremunpiercing.com\/sk\/wp-json\/wp\/v2\/product\/10157","targetHints":{"allow":["GET"]}}],"collection":[{"href":"https:\/\/tremunpiercing.com\/sk\/wp-json\/wp\/v2\/product"}],"about":[{"href":"https:\/\/tremunpiercing.com\/sk\/wp-json\/wp\/v2\/types\/product"}],"replies":[{"embeddable":true,"href":"https:\/\/tremunpiercing.com\/sk\/wp-json\/wp\/v2\/comments?post=10157"}],"version-history":[{"count":0,"href":"https:\/\/tremunpiercing.com\/sk\/wp-json\/wp\/v2\/product\/10157\/revisions"}],"wp:featuredmedia":[{"embeddable":true,"href":"https:\/\/tremunpiercing.com\/sk\/wp-json\/wp\/v2\/media\/10160"}],"wp:attachment":[{"href":"https:\/\/tremunpiercing.com\/sk\/wp-json\/wp\/v2\/media?parent=10157"}],"wp:term":[{"taxonomy":"product_brand","embeddable":true,"href":"https:\/\/tremunpiercing.com\/sk\/wp-json\/wp\/v2\/product_brand?post=10157"},{"taxonomy":"product_cat","embeddable":true,"href":"https:\/\/tremunpiercing.com\/sk\/wp-json\/wp\/v2\/product_cat?post=10157"},{"taxonomy":"product_tag","embeddable":true,"href":"https:\/\/tremunpiercing.com\/sk\/wp-json\/wp\/v2\/product_tag?post=10157"}],"curies":[{"name":"wp","href":"https:\/\/api.w.org\/{rel}","templated":true}]}}