{"id":10168,"date":"2024-08-22T16:17:26","date_gmt":"2024-08-22T15:17:26","guid":{"rendered":"https:\/\/tremunpiercing.com\/?post_type=product&#038;p=10168"},"modified":"2025-12-04T13:22:32","modified_gmt":"2025-12-04T12:22:32","slug":"pear-chevron-2","status":"publish","type":"product","link":"https:\/\/tremunpiercing.com\/sk\/product\/pear-chevron-2\/","title":{"rendered":"Hru\u0161ka Chevron"},"content":{"rendered":"<p>Pear Chevron je kr\u00e1sny a prisp\u00f4sobiv\u00fd \u0161perk od Shanga Jewellery pre profesion\u00e1lnych piercerov. Tento bezvl\u00e1knov\u00fd push-pin top je vyroben\u00fd z 18-kar\u00e1tov\u00e9ho \u017elt\u00e9ho zlata a obsahuje br\u00fasen\u00fd zirk\u00f3n v tvare hru\u0161ky. Pred\u00e1va sa v dvoch ve\u013ekostiach, ve\u013ekej 3,3 mm x 5,5 mm a malej 2,2 mm x 4,5 mm, aby umo\u017enil flexibilitu pri umiest\u0148ovan\u00ed do \u0161pir\u00e1ly, tragu, nosovej dierky a lal\u00f4\u010dikov. \u0160\u00e9vronov\u00fd \u0161t\u00fdl vrchnej \u010dasti \u0161perku zv\u00fdraz\u0148uje lesk drahokamu a z\u00e1rove\u0148 poskytuje ostr\u00fd, modern\u00fd hranat\u00fd \u0161t\u00fdl. Je univerz\u00e1lny pre 16G a 14G bezz\u00e1vitov\u00e9 st\u013apiky labretov, \u010d\u00edm poskytuje profesion\u00e1lom v oblasti piercingu pohodln\u00e9 a bezpe\u010dn\u00e9 uchytenie.<\/p>\n<p>Jeho \u0161t\u00fdlov\u00e1 a z\u00e1rove\u0148 praktick\u00e1 povaha v\u00e1m poskytuje dostato\u010dn\u00fa flexibilitu na to, aby ste oslovili klientov s minimalistick\u00fdm aj odv\u00e1\u017enym \u0161t\u00fdlom, a preto si ho profesion\u00e1li ob\u013e\u00fabili. Tento \u0161perk je obzvl\u00e1\u0161\u0165 u\u017eito\u010dn\u00fd pre ve\u013ekoobchodn\u00fdch z\u00e1kazn\u00edkov a klenotn\u00edctva v\u010faka svojej jedine\u010dnej siluete, ktor\u00e1 dod\u00e1va rozmanitos\u0165 vysokokvalitn\u00fdm \u0161perkom v kolekcii piercingu.<\/p>","protected":false},"excerpt":{"rendered":"<ul>\n<li>Horn\u00e1 \u010das\u0165 bez z\u00e1vitu - 25ga nerezov\u00fd kol\u00edk<\/li>\n<li>Materi\u00e1l: \u017dlt\u00e9 zlato 18k<\/li>\n<li>Drahokam: Kubick\u00fd zirk\u00f3n<\/li>\n<li>Kompatibiln\u00fd s bezz\u00e1vitov\u00fdmi st\u013apikmi 16G a 14G<\/li>\n<li>Ve\u013ekos\u0165: Ve\u013ek\u00fd 3,3 mm x 5,5 mm - Mal\u00fd 2,2 mm x 4,5 mm<\/li>\n<li>Zna\u010dka: Shanga Jewellery<\/li>\n<\/ul>","protected":false},"featured_media":10171,"comment_status":"closed","ping_status":"closed","template":"","meta":{"_acf_changed":false},"product_brand":[],"product_cat":[337,398],"product_tag":[187,188,189,205,206,212,190,183,213,184,207],"class_list":{"0":"post-10168","1":"product","2":"type-product","3":"status-publish","4":"has-post-thumbnail","6":"product_cat-gold-jewelry","7":"product_cat-shanga","8":"product_tag-conch","9":"product_tag-ear","10":"product_tag-helix","11":"product_tag-lobe","12":"product_tag-lobulo","13":"product_tag-medusa","14":"product_tag-oreja","15":"product_tag-perforacion","16":"product_tag-philtrum","17":"product_tag-piercing","18":"product_tag-tragus","20":"first","21":"instock","22":"featured","23":"taxable","24":"shipping-taxable","25":"product-type-variable"},"acf":[],"gallery_images":[10172],"_links":{"self":[{"href":"https:\/\/tremunpiercing.com\/sk\/wp-json\/wp\/v2\/product\/10168","targetHints":{"allow":["GET"]}}],"collection":[{"href":"https:\/\/tremunpiercing.com\/sk\/wp-json\/wp\/v2\/product"}],"about":[{"href":"https:\/\/tremunpiercing.com\/sk\/wp-json\/wp\/v2\/types\/product"}],"replies":[{"embeddable":true,"href":"https:\/\/tremunpiercing.com\/sk\/wp-json\/wp\/v2\/comments?post=10168"}],"version-history":[{"count":0,"href":"https:\/\/tremunpiercing.com\/sk\/wp-json\/wp\/v2\/product\/10168\/revisions"}],"wp:featuredmedia":[{"embeddable":true,"href":"https:\/\/tremunpiercing.com\/sk\/wp-json\/wp\/v2\/media\/10171"}],"wp:attachment":[{"href":"https:\/\/tremunpiercing.com\/sk\/wp-json\/wp\/v2\/media?parent=10168"}],"wp:term":[{"taxonomy":"product_brand","embeddable":true,"href":"https:\/\/tremunpiercing.com\/sk\/wp-json\/wp\/v2\/product_brand?post=10168"},{"taxonomy":"product_cat","embeddable":true,"href":"https:\/\/tremunpiercing.com\/sk\/wp-json\/wp\/v2\/product_cat?post=10168"},{"taxonomy":"product_tag","embeddable":true,"href":"https:\/\/tremunpiercing.com\/sk\/wp-json\/wp\/v2\/product_tag?post=10168"}],"curies":[{"name":"wp","href":"https:\/\/api.w.org\/{rel}","templated":true}]}}