{"id":10177,"date":"2024-08-22T20:26:05","date_gmt":"2024-08-22T19:26:05","guid":{"rendered":"https:\/\/tremunpiercing.com\/?post_type=product&#038;p=10177"},"modified":"2026-04-14T10:59:52","modified_gmt":"2026-04-14T09:59:52","slug":"baguette-with-bullets","status":"publish","type":"product","link":"https:\/\/tremunpiercing.com\/sk\/product\/baguette-with-bullets\/","title":{"rendered":"Baguette With Bullets"},"content":{"rendered":"<p>Shanga Jewellery&#8217;s Baguette With Bullets presents an elegant and bold design in premium body jewelry. Made of 18k yellow gold, the threadless top is 2.9 mm x 6.9 mm in size and features a baguette-shaped cubic zirconia crystal in the center. Each side of the jewelry has bullet detailing for a little bit of edge while still being a luxurious body jewelry piece. The top fits 16G or 14G push pin labret posts and stays professional-grade. It is meant for helix, tragus, lobe, or nostril jewelry and fulfills the desire in clients for jewelry that stands out with style and sophistication.<\/p>\n<p>Customers looking to buy wholesale will love the quality of the craftsmanship of this body jewelry as well as its modern style, which adds to any designer&#8217;s collections. The Baguette with Bullets has precision, durability, and forward fashion design, making it a go-to for studios and retailers alike.<\/p>","protected":false},"excerpt":{"rendered":"<ul>\n<li>Threadless Top &#8211; 25ga stainless pin<\/li>\n<li>Materi\u00e1l: \u017dlt\u00e9 zlato 18k<\/li>\n<li>Size: 2,9mm x 6,9mm<\/li>\n<li>Drahokam: Kubick\u00fd zirk\u00f3n<\/li>\n<li>Compatible with 16G and 14G threadless labrets<\/li>\n<li>Zna\u010dka: Shanga Jewellery<\/li>\n<\/ul>","protected":false},"featured_media":10178,"comment_status":"closed","ping_status":"closed","template":"","meta":{"_acf_changed":false},"product_brand":[],"product_cat":[337,398],"product_tag":[187,188,189,205,206,212,190,183,213,184,207],"class_list":{"0":"post-10177","1":"product","2":"type-product","3":"status-publish","4":"has-post-thumbnail","6":"product_cat-gold-jewelry","7":"product_cat-shanga","8":"product_tag-conch","9":"product_tag-ear","10":"product_tag-helix","11":"product_tag-lobe","12":"product_tag-lobulo","13":"product_tag-medusa","14":"product_tag-oreja","15":"product_tag-perforacion","16":"product_tag-philtrum","17":"product_tag-piercing","18":"product_tag-tragus","20":"first","21":"instock","22":"taxable","23":"shipping-taxable","24":"purchasable","25":"product-type-simple"},"acf":[],"gallery_images":[29617,29616],"_links":{"self":[{"href":"https:\/\/tremunpiercing.com\/sk\/wp-json\/wp\/v2\/product\/10177","targetHints":{"allow":["GET"]}}],"collection":[{"href":"https:\/\/tremunpiercing.com\/sk\/wp-json\/wp\/v2\/product"}],"about":[{"href":"https:\/\/tremunpiercing.com\/sk\/wp-json\/wp\/v2\/types\/product"}],"replies":[{"embeddable":true,"href":"https:\/\/tremunpiercing.com\/sk\/wp-json\/wp\/v2\/comments?post=10177"}],"version-history":[{"count":1,"href":"https:\/\/tremunpiercing.com\/sk\/wp-json\/wp\/v2\/product\/10177\/revisions"}],"predecessor-version":[{"id":28961,"href":"https:\/\/tremunpiercing.com\/sk\/wp-json\/wp\/v2\/product\/10177\/revisions\/28961"}],"wp:featuredmedia":[{"embeddable":true,"href":"https:\/\/tremunpiercing.com\/sk\/wp-json\/wp\/v2\/media\/10178"}],"wp:attachment":[{"href":"https:\/\/tremunpiercing.com\/sk\/wp-json\/wp\/v2\/media?parent=10177"}],"wp:term":[{"taxonomy":"product_brand","embeddable":true,"href":"https:\/\/tremunpiercing.com\/sk\/wp-json\/wp\/v2\/product_brand?post=10177"},{"taxonomy":"product_cat","embeddable":true,"href":"https:\/\/tremunpiercing.com\/sk\/wp-json\/wp\/v2\/product_cat?post=10177"},{"taxonomy":"product_tag","embeddable":true,"href":"https:\/\/tremunpiercing.com\/sk\/wp-json\/wp\/v2\/product_tag?post=10177"}],"curies":[{"name":"wp","href":"https:\/\/api.w.org\/{rel}","templated":true}]}}