{"id":10187,"date":"2024-08-22T20:59:17","date_gmt":"2024-08-22T19:59:17","guid":{"rendered":"https:\/\/tremunpiercing.com\/?post_type=product&#038;p=10187"},"modified":"2026-04-14T10:42:56","modified_gmt":"2026-04-14T09:42:56","slug":"timanfaya-with-beads","status":"publish","type":"product","link":"https:\/\/tremunpiercing.com\/sk\/product\/timanfaya-with-beads\/","title":{"rendered":"Timanfaya s kor\u00e1lkami"},"content":{"rendered":"<p>Timanfaya With Beads by Shanga Jewellery je jedine\u010dn\u00fd top bez nit\u00ed vytvoren\u00fd pre t\u00fdch, ktor\u00ed maj\u00fa radi \u0161perky s osobitos\u0165ou a eleganciou. Tento top s rozmermi 5,1 mm x 5,9 mm, vyroben\u00fd z luxusn\u00e9ho 18-kar\u00e1tov\u00e9ho \u017elt\u00e9ho zlata, m\u00e1 ohromuj\u00face zirk\u00f3ny vsaden\u00e9 do jemn\u00e9ho usporiadania zladen\u00fdch zlat\u00fdch kor\u00e1lkov\u00fdch akcentov. Tento dizajn vytv\u00e1ra jedine\u010dn\u00fd \u0161trukt\u00farovan\u00fd vzh\u013ead, ktor\u00fd dosahuje spr\u00e1vnu rovnov\u00e1hu medzi iskrou a eleganciou.<\/p>\n<p>T\u00e1to polo\u017eka je navrhnut\u00e1 tak, aby sa hodila na st\u013apiky 16G a 14G, tak\u017ee ju m\u00f4\u017eete s istotou pou\u017e\u00edva\u0165 profesion\u00e1lne. Vrchn\u00e1k Timanfaya s kor\u00e1lkami je ako univerz\u00e1lny kus vhodn\u00fd na tragus, helix, lalok a chrupavku a ur\u010dite oslov\u00ed klienta, ktor\u00fd h\u013ead\u00e1 odv\u00e1\u017eny dizajn a kr\u00e1snu kvalitu. Ve\u013ekoobchodn\u00ed n\u00e1kupcovia a \u0161t\u00fadi\u00e1 m\u00f4\u017eu svojim klientom pon\u00faknu\u0165 Timanfaya With Beads ako kolekciu v\u00fdrazn\u00fdm sp\u00f4sobom, \u010d\u00edm sa stane atrakt\u00edvnej\u0161\u00edm v piercingov\u00fdch expoz\u00edci\u00e1ch. Detaily a \u010dist\u00e9 spracovanie tohto \u0161perku odr\u00e1\u017eaj\u00fa luxus a kreativitu, ktor\u00e9 s\u00fa potrebn\u00e9 na to, aby bol pozoruhodn\u00fdm artiklom pre maloobchodn\u00fd predaj \u0161perkov na telo a zap\u00f4sobil na va\u0161ich z\u00e1kazn\u00edkov.<\/p>","protected":false},"excerpt":{"rendered":"<ul>\n<li>Vrchn\u00e1 \u010das\u0165 bez z\u00e1vitov<\/li>\n<li>Materi\u00e1l: \u017dlt\u00e9 zlato 18k<\/li>\n<li>Ve\u013ekos\u0165: 5,1 mm x 5,9 mm<\/li>\n<li>Drahokam: Kubick\u00fd zirk\u00f3n<\/li>\n<li>Kompatibiln\u00fd s 16G a 14G st\u013apikmi s tla\u010dn\u00fdm kol\u00edkom<\/li>\n<li>Zna\u010dka: Shanga Jewellery<\/li>\n<\/ul>","protected":false},"featured_media":10188,"comment_status":"closed","ping_status":"closed","template":"","meta":{"_acf_changed":false},"product_brand":[],"product_cat":[337,398],"product_tag":[187,188,189,205,206,212,190,183,213,184,207],"class_list":{"0":"post-10187","1":"product","2":"type-product","3":"status-publish","4":"has-post-thumbnail","6":"product_cat-gold-jewelry","7":"product_cat-shanga","8":"product_tag-conch","9":"product_tag-ear","10":"product_tag-helix","11":"product_tag-lobe","12":"product_tag-lobulo","13":"product_tag-medusa","14":"product_tag-oreja","15":"product_tag-perforacion","16":"product_tag-philtrum","17":"product_tag-piercing","18":"product_tag-tragus","20":"first","21":"instock","22":"taxable","23":"shipping-taxable","24":"purchasable","25":"product-type-simple"},"acf":[],"gallery_images":[29612,29611],"_links":{"self":[{"href":"https:\/\/tremunpiercing.com\/sk\/wp-json\/wp\/v2\/product\/10187","targetHints":{"allow":["GET"]}}],"collection":[{"href":"https:\/\/tremunpiercing.com\/sk\/wp-json\/wp\/v2\/product"}],"about":[{"href":"https:\/\/tremunpiercing.com\/sk\/wp-json\/wp\/v2\/types\/product"}],"replies":[{"embeddable":true,"href":"https:\/\/tremunpiercing.com\/sk\/wp-json\/wp\/v2\/comments?post=10187"}],"version-history":[{"count":1,"href":"https:\/\/tremunpiercing.com\/sk\/wp-json\/wp\/v2\/product\/10187\/revisions"}],"predecessor-version":[{"id":29613,"href":"https:\/\/tremunpiercing.com\/sk\/wp-json\/wp\/v2\/product\/10187\/revisions\/29613"}],"wp:featuredmedia":[{"embeddable":true,"href":"https:\/\/tremunpiercing.com\/sk\/wp-json\/wp\/v2\/media\/10188"}],"wp:attachment":[{"href":"https:\/\/tremunpiercing.com\/sk\/wp-json\/wp\/v2\/media?parent=10187"}],"wp:term":[{"taxonomy":"product_brand","embeddable":true,"href":"https:\/\/tremunpiercing.com\/sk\/wp-json\/wp\/v2\/product_brand?post=10187"},{"taxonomy":"product_cat","embeddable":true,"href":"https:\/\/tremunpiercing.com\/sk\/wp-json\/wp\/v2\/product_cat?post=10187"},{"taxonomy":"product_tag","embeddable":true,"href":"https:\/\/tremunpiercing.com\/sk\/wp-json\/wp\/v2\/product_tag?post=10187"}],"curies":[{"name":"wp","href":"https:\/\/api.w.org\/{rel}","templated":true}]}}