{"id":10237,"date":"2024-08-26T15:56:42","date_gmt":"2024-08-26T14:56:42","guid":{"rendered":"https:\/\/tremunpiercing.com\/?post_type=product&#038;p=10237"},"modified":"2026-04-14T10:15:11","modified_gmt":"2026-04-14T09:15:11","slug":"triangle-alisea-3-with-bullets","status":"publish","type":"product","link":"https:\/\/tremunpiercing.com\/sk\/product\/triangle-alisea-3-with-bullets\/","title":{"rendered":"Trojuholn\u00edk Alisea 3 s gu\u013ekami"},"content":{"rendered":"<p>Trojuholn\u00edk Alisea 3 s gu\u013e\u00f4\u010dkami od spolo\u010dnosti Shanga Jewellery je m\u00f3dnou vo\u013ebou do ka\u017edej luxusnej zbierky piercingov. Tento bezz\u00e1vitov\u00fd push-pin top vyroben\u00fd z mas\u00edvneho 18-kar\u00e1tov\u00e9ho \u017elt\u00e9ho zlata poskytuje bezpe\u010dnos\u0165 a dlh\u00fa \u017eivotnos\u0165 s luxusn\u00fdm povrchom. Triangle Alisea 3 With Bullets m\u00e1 rozmery 4,1 mm x 4,1 mm a je vybaven\u00fd trblietav\u00fdmi zirk\u00f3nmi, ktor\u00e9 boli z\u00e1merne umiestnen\u00e9 tak, aby zabezpe\u010dili maxim\u00e1lny lesk a iskru. Triangle Alisea 3 With Bullets je navrhnut\u00fd tak, aby dokonale fungoval s 16G alebo 14G labretov\u00fdm kol\u00edkom, v\u010faka \u010domu je univerz\u00e1lny pre profesion\u00e1lnych piercerov s ak\u00fdmko\u013evek umiestnen\u00edm piercingu.<\/p>\n<p>Dizajnov\u00fd detail gu\u013e\u00f4\u010dky dod\u00e1va dizajnu modern\u00fd \u0161mrnc a je ur\u010den\u00fd pre klientky, ktor\u00e9 chc\u00fa jedine\u010dn\u00e9, ale elegantn\u00e9 \u0161perky. Bezpe\u010dn\u00e9 a pohodln\u00e9 uchytenie tohto zvr\u0161ku poskytne pou\u017e\u00edvate\u013eovi pokoj, \u010di u\u017e ide o piercing do nosovej dierky, tragu, \u0161pir\u00e1ly alebo ak\u00e9hoko\u013evek in\u00e9ho ucha. Ve\u013ekoodberatelia ocenia kombin\u00e1ciu remeseln\u00e9ho spracovania a luxusu s funk\u010dnos\u0165ou. Ve\u013ekoobchodn\u00ed odberatelia by mali zv\u00e1\u017ei\u0165 pridanie tejto polo\u017eky do svojej ponuky pr\u00e9miov\u00fdch \u0161perkov na telo; je to bezpe\u010dn\u00e9 a pohodln\u00e9 uchytenie bez kompromisov v kvalite.<\/p>","protected":false},"excerpt":{"rendered":"<ul>\n<li>Vrchn\u00e1 \u010das\u0165 bez z\u00e1vitov<\/li>\n<li>Materi\u00e1l: \u017dlt\u00e9 zlato 18k<\/li>\n<li>Ve\u013ekos\u0165: 4,1 mm x 4,1 mm<\/li>\n<li>Drahokam: Kubick\u00fd zirk\u00f3n<\/li>\n<li>Kompatibiln\u00fd s 16G a 14G st\u013apikmi s tla\u010dn\u00fdm kol\u00edkom<\/li>\n<li>Zna\u010dka: Shanga Jewellery<\/li>\n<\/ul>","protected":false},"featured_media":10238,"comment_status":"closed","ping_status":"closed","template":"","meta":{"_acf_changed":false},"product_brand":[],"product_cat":[337,398],"product_tag":[187,188,189,205,206,212,190,183,213,184,207],"class_list":{"0":"post-10237","1":"product","2":"type-product","3":"status-publish","4":"has-post-thumbnail","6":"product_cat-gold-jewelry","7":"product_cat-shanga","8":"product_tag-conch","9":"product_tag-ear","10":"product_tag-helix","11":"product_tag-lobe","12":"product_tag-lobulo","13":"product_tag-medusa","14":"product_tag-oreja","15":"product_tag-perforacion","16":"product_tag-philtrum","17":"product_tag-piercing","18":"product_tag-tragus","20":"first","21":"instock","22":"taxable","23":"shipping-taxable","24":"purchasable","25":"product-type-simple"},"acf":[],"gallery_images":[29604,29603],"_links":{"self":[{"href":"https:\/\/tremunpiercing.com\/sk\/wp-json\/wp\/v2\/product\/10237","targetHints":{"allow":["GET"]}}],"collection":[{"href":"https:\/\/tremunpiercing.com\/sk\/wp-json\/wp\/v2\/product"}],"about":[{"href":"https:\/\/tremunpiercing.com\/sk\/wp-json\/wp\/v2\/types\/product"}],"replies":[{"embeddable":true,"href":"https:\/\/tremunpiercing.com\/sk\/wp-json\/wp\/v2\/comments?post=10237"}],"version-history":[{"count":1,"href":"https:\/\/tremunpiercing.com\/sk\/wp-json\/wp\/v2\/product\/10237\/revisions"}],"predecessor-version":[{"id":28955,"href":"https:\/\/tremunpiercing.com\/sk\/wp-json\/wp\/v2\/product\/10237\/revisions\/28955"}],"wp:featuredmedia":[{"embeddable":true,"href":"https:\/\/tremunpiercing.com\/sk\/wp-json\/wp\/v2\/media\/10238"}],"wp:attachment":[{"href":"https:\/\/tremunpiercing.com\/sk\/wp-json\/wp\/v2\/media?parent=10237"}],"wp:term":[{"taxonomy":"product_brand","embeddable":true,"href":"https:\/\/tremunpiercing.com\/sk\/wp-json\/wp\/v2\/product_brand?post=10237"},{"taxonomy":"product_cat","embeddable":true,"href":"https:\/\/tremunpiercing.com\/sk\/wp-json\/wp\/v2\/product_cat?post=10237"},{"taxonomy":"product_tag","embeddable":true,"href":"https:\/\/tremunpiercing.com\/sk\/wp-json\/wp\/v2\/product_tag?post=10237"}],"curies":[{"name":"wp","href":"https:\/\/api.w.org\/{rel}","templated":true}]}}