{"id":11444,"date":"2024-10-09T20:58:15","date_gmt":"2024-10-09T19:58:15","guid":{"rendered":"https:\/\/tremunpiercing.com\/?post_type=product&#038;p=11444"},"modified":"2026-04-13T14:30:49","modified_gmt":"2026-04-13T13:30:49","slug":"kathy","status":"publish","type":"product","link":"https:\/\/tremunpiercing.com\/sk\/product\/kathy\/","title":{"rendered":"Kathy"},"content":{"rendered":"<p>Kol\u00edk Kathy s vn\u00fatorn\u00fdm z\u00e1vitom je pr\u00e9miov\u00e9 vylep\u0161enie pre t\u00fdch, ktor\u00ed sa piercingu venuj\u00fa profesion\u00e1lne. Tento cvo\u010dek je vyroben\u00fd z mas\u00edvneho 14-kar\u00e1tov\u00e9ho \u017elt\u00e9ho zlata a predstavuje skvel\u00fa kombin\u00e1ciu luxusu a bezpe\u010dnosti. Tento 14G a 7 mm ve\u013ek\u00fd cvo\u010dek je zdoben\u00fd zirk\u00f3nov\u00fdm drahokamom, ktor\u00fd osln\u00ed ka\u017ed\u00e9ho. Tento cvo\u010dek s vn\u00fatorn\u00fdm z\u00e1vitom na \u013eah\u0161ie zav\u00e1dzanie a lep\u0161iu bezpe\u010dnos\u0165 je navrhnut\u00fd tak, aby chr\u00e1nil jemn\u00e9 tkanivo po\u010das zav\u00e1dzania. Tento cvo\u010dek je vyroben\u00fd z hypoalerg\u00e9nnych materi\u00e1lov a je odoln\u00fd vo\u010di zmatneniu, je trv\u00e1cny a bude dlho vyzera\u0165 skvele, pri\u010dom zostane pohodln\u00fd. Tento cvo\u010dek je ide\u00e1lny na prepichnutie labret, tragu alebo chrupavky. Dopl\u0148te z\u00e1soby svojho \u0161t\u00fadia o kol\u00edk Kathy a pon\u00faknite svojim klientom prvotriedne a bezpe\u010dn\u00e9 telesn\u00e9 \u0161perky.<\/p>","protected":false},"excerpt":{"rendered":"<ul>\n<li>Vn\u00fatorn\u00e9 z\u00e1vity<\/li>\n<li>Materi\u00e1l: \u017dlt\u00e9 zlato 14k<\/li>\n<li>Drahokam: Kubick\u00fd zirk\u00f3n<\/li>\n<li>Meradlo: 14G<\/li>\n<li>Ve\u013ekos\u0165: 7 mm<\/li>\n<\/ul>","protected":false},"featured_media":18608,"comment_status":"closed","ping_status":"closed","template":"","meta":{"_acf_changed":false},"product_brand":[],"product_cat":[337,463,400],"product_tag":[187,188,189,205,206,212,190,183,213,184,207],"class_list":{"0":"post-11444","1":"product","2":"type-product","3":"status-publish","4":"has-post-thumbnail","6":"product_cat-gold-jewelry","7":"product_cat-tops-gold-tremun","8":"product_cat-tremun","9":"product_tag-conch","10":"product_tag-ear","11":"product_tag-helix","12":"product_tag-lobe","13":"product_tag-lobulo","14":"product_tag-medusa","15":"product_tag-oreja","16":"product_tag-perforacion","17":"product_tag-philtrum","18":"product_tag-piercing","19":"product_tag-tragus","21":"first","22":"instock","23":"taxable","24":"shipping-taxable","25":"purchasable","26":"product-type-simple"},"acf":[],"gallery_images":[29579,29578],"_links":{"self":[{"href":"https:\/\/tremunpiercing.com\/sk\/wp-json\/wp\/v2\/product\/11444","targetHints":{"allow":["GET"]}}],"collection":[{"href":"https:\/\/tremunpiercing.com\/sk\/wp-json\/wp\/v2\/product"}],"about":[{"href":"https:\/\/tremunpiercing.com\/sk\/wp-json\/wp\/v2\/types\/product"}],"replies":[{"embeddable":true,"href":"https:\/\/tremunpiercing.com\/sk\/wp-json\/wp\/v2\/comments?post=11444"}],"version-history":[{"count":1,"href":"https:\/\/tremunpiercing.com\/sk\/wp-json\/wp\/v2\/product\/11444\/revisions"}],"predecessor-version":[{"id":29580,"href":"https:\/\/tremunpiercing.com\/sk\/wp-json\/wp\/v2\/product\/11444\/revisions\/29580"}],"wp:featuredmedia":[{"embeddable":true,"href":"https:\/\/tremunpiercing.com\/sk\/wp-json\/wp\/v2\/media\/18608"}],"wp:attachment":[{"href":"https:\/\/tremunpiercing.com\/sk\/wp-json\/wp\/v2\/media?parent=11444"}],"wp:term":[{"taxonomy":"product_brand","embeddable":true,"href":"https:\/\/tremunpiercing.com\/sk\/wp-json\/wp\/v2\/product_brand?post=11444"},{"taxonomy":"product_cat","embeddable":true,"href":"https:\/\/tremunpiercing.com\/sk\/wp-json\/wp\/v2\/product_cat?post=11444"},{"taxonomy":"product_tag","embeddable":true,"href":"https:\/\/tremunpiercing.com\/sk\/wp-json\/wp\/v2\/product_tag?post=11444"}],"curies":[{"name":"wp","href":"https:\/\/api.w.org\/{rel}","templated":true}]}}