{"id":12202,"date":"2024-11-11T14:44:35","date_gmt":"2024-11-11T13:44:35","guid":{"rendered":"https:\/\/tremunpiercing.com\/?post_type=product&#038;p=12202"},"modified":"2026-04-20T17:28:10","modified_gmt":"2026-04-20T16:28:10","slug":"claudia-white-cz-and-moss-agate","status":"publish","type":"product","link":"https:\/\/tremunpiercing.com\/sk\/product\/claudia-white-cz-and-moss-agate\/","title":{"rendered":"Claudia White CZ and Moss Agate"},"content":{"rendered":"<p>The Claudia White CZ and Moss Agate is a refined combination of natural beauty and modern sparkle in one design. This 16G internally threaded piece was manufactured from implant-grade titanium (ASTM F-136) for your safety and assurance in a studio. The 10 mm cluster is a unique mixture of shimmering white cubic zirconia and earthy moss agate stones, presenting a mesmerizing balance of sparkle and earthly beauty. The internal threading system enables easier and more secure installation and less irritation, providing a safer and smoother experience for clients.<\/p>\n<p>This design is perfect for the curated ear look, and it fits beautifully in helix, conch, or lobe piercings. Designed with high-end gemstones and biocompatible titanium, the Claudia White CZ and Moss Agate is perfect for the clients who want something different but still feel professional. This versatile and beautifully designed piece offers some depth and variety to your jewelry displays while providing timeless sparkle with the accent of a natural stone.<\/p>","protected":false},"excerpt":{"rendered":"<ul>\n<li>Vn\u00fatorn\u00e9 z\u00e1vity<\/li>\n<li>Materi\u00e1l: F-136<\/li>\n<li>Meradlo: 16G<\/li>\n<li>Gem: Cubic Zirconia and Moss Agate<\/li>\n<li>Ve\u013ekos\u0165: 10 mm<\/li>\n<\/ul>","protected":false},"featured_media":15234,"comment_status":"closed","ping_status":"closed","template":"","meta":{"_acf_changed":false},"product_brand":[],"product_cat":[340,343],"product_tag":[187,188,209,189,205,206,190,183,184,207],"class_list":{"0":"post-12202","1":"product","2":"type-product","3":"status-publish","4":"has-post-thumbnail","6":"product_cat-titanium-jewelry","7":"product_cat-tops-titanium-jewelry","8":"product_tag-conch","9":"product_tag-ear","10":"product_tag-faux-rook","11":"product_tag-helix","12":"product_tag-lobe","13":"product_tag-lobulo","14":"product_tag-oreja","15":"product_tag-perforacion","16":"product_tag-piercing","17":"product_tag-tragus","19":"first","20":"instock","21":"taxable","22":"shipping-taxable","23":"purchasable","24":"product-type-simple"},"acf":[],"gallery_images":[28087,28088],"_links":{"self":[{"href":"https:\/\/tremunpiercing.com\/sk\/wp-json\/wp\/v2\/product\/12202","targetHints":{"allow":["GET"]}}],"collection":[{"href":"https:\/\/tremunpiercing.com\/sk\/wp-json\/wp\/v2\/product"}],"about":[{"href":"https:\/\/tremunpiercing.com\/sk\/wp-json\/wp\/v2\/types\/product"}],"replies":[{"embeddable":true,"href":"https:\/\/tremunpiercing.com\/sk\/wp-json\/wp\/v2\/comments?post=12202"}],"version-history":[{"count":1,"href":"https:\/\/tremunpiercing.com\/sk\/wp-json\/wp\/v2\/product\/12202\/revisions"}],"predecessor-version":[{"id":28091,"href":"https:\/\/tremunpiercing.com\/sk\/wp-json\/wp\/v2\/product\/12202\/revisions\/28091"}],"wp:featuredmedia":[{"embeddable":true,"href":"https:\/\/tremunpiercing.com\/sk\/wp-json\/wp\/v2\/media\/15234"}],"wp:attachment":[{"href":"https:\/\/tremunpiercing.com\/sk\/wp-json\/wp\/v2\/media?parent=12202"}],"wp:term":[{"taxonomy":"product_brand","embeddable":true,"href":"https:\/\/tremunpiercing.com\/sk\/wp-json\/wp\/v2\/product_brand?post=12202"},{"taxonomy":"product_cat","embeddable":true,"href":"https:\/\/tremunpiercing.com\/sk\/wp-json\/wp\/v2\/product_cat?post=12202"},{"taxonomy":"product_tag","embeddable":true,"href":"https:\/\/tremunpiercing.com\/sk\/wp-json\/wp\/v2\/product_tag?post=12202"}],"curies":[{"name":"wp","href":"https:\/\/api.w.org\/{rel}","templated":true}]}}