{"id":12467,"date":"2024-12-06T20:02:01","date_gmt":"2024-12-06T19:02:01","guid":{"rendered":"https:\/\/tremunpiercing.com\/?post_type=product&#038;p=12467"},"modified":"2026-04-13T14:26:32","modified_gmt":"2026-04-13T13:26:32","slug":"maria-yellow-gold-with-sapphires","status":"publish","type":"product","link":"https:\/\/tremunpiercing.com\/sk\/product\/maria-yellow-gold-with-sapphires\/","title":{"rendered":"Maria \u017elt\u00e9 zlato so zaf\u00edrmi"},"content":{"rendered":"<h2>Zaf\u00edrov\u00fd prste\u0148 Clicker<\/h2>\n<p>Prste\u0148 Clicker z laborat\u00f3rneho zaf\u00edru Maria zo \u017elt\u00e9ho zlata je ur\u010den\u00fd pre \u0161t\u00fadi\u00e1 a obchody, ktor\u00e9 si cenia vysokokvalitn\u00e9 \u0161perky s drah\u00fdmi kame\u0148mi. Kliker 16G vyroben\u00fd z mas\u00edvneho 14-kar\u00e1tov\u00e9ho \u017elt\u00e9ho zlata m\u00e1 priemer 8 mm, v\u010faka \u010domu je dostato\u010dne univerz\u00e1lny na nosenie v r\u00f4znych piercingoch, napr\u00edklad v priehradke, priehlavku a chrupavke. Rad laborat\u00f3rne vypestovan\u00fdch zaf\u00edrov prin\u00e1\u0161a do \u0161perku n\u00e1dhern\u00fa modr\u00fa farbu, \u010d\u00edm dizajnu dod\u00e1va estetiku aj etick\u00fd p\u00f4vod.<\/p>\n<p>Bezpe\u010dn\u00fd kliker sa profesion\u00e1lom \u013eahko nasadzuje a vyber\u00e1 bez toho, aby sa zn\u00ed\u017eilo pohodlie ich klientov. Tento k\u00fasok prid\u00e1va do ve\u013ekoobchodn\u00fdch kolekci\u00ed nov\u00fa elegantn\u00fa mo\u017enos\u0165 drah\u00fdch kame\u0148ov, ktor\u00e9 si va\u0161i z\u00e1kazn\u00edci m\u00f4\u017eu k\u00fapi\u0165 preh\u013eadne bez toho, aby obetovali kvalitu. Klikerov\u00fd prste\u0148 Laboratory Sapphire Maria zo \u017elt\u00e9ho zlata je odoln\u00fd, \u0161t\u00fdlov\u00fd a nad\u010dasov\u00fd pre n\u00e1ro\u010dn\u00e9 piercingov\u00e9 \u0161t\u00fadio, ktor\u00e9 h\u013ead\u00e1 nie\u010do \u0161pi\u010dkov\u00e9, \u010do by pon\u00faklo z\u00e1kazn\u00edkom, ktor\u00ed mohli by\u0165 sklaman\u00ed v centr\u00e1ch, ktor\u00e9 pon\u00fakaj\u00fa len \u0161perky ni\u017e\u0161ej kvality.<\/p>","protected":false},"excerpt":{"rendered":"<ul>\n<li>Klikac\u00ed kr\u00fa\u017eok<\/li>\n<li>Materi\u00e1l: 14K \u017elt\u00e9 zlato<\/li>\n<li>Priemer: 8 mm<\/li>\n<li>Meradlo: 16G<\/li>\n<li>Drahokam: Laborat\u00f3rium: zaf\u00edry<\/li>\n<\/ul>","protected":false},"featured_media":12469,"comment_status":"closed","ping_status":"closed","template":"","meta":{"_acf_changed":false},"product_brand":[],"product_cat":[337,464,400],"product_tag":[192,193,202,179,180,194,188,189,195,196,226,190,183,184,197,198],"class_list":{"0":"post-12467","1":"product","2":"type-product","3":"status-publish","4":"has-post-thumbnail","6":"product_cat-gold-jewelry","7":"product_cat-rings-gold-tremun","8":"product_cat-tremun","9":"product_tag-anillo","10":"product_tag-argolla","11":"product_tag-clicker","12":"product_tag-cristal","13":"product_tag-cz","14":"product_tag-daith","15":"product_tag-ear","16":"product_tag-helix","17":"product_tag-hinged-ring","18":"product_tag-nariz","19":"product_tag-opal","20":"product_tag-oreja","21":"product_tag-perforacion","22":"product_tag-piercing","23":"product_tag-ring","24":"product_tag-septum","26":"first","27":"instock","28":"taxable","29":"shipping-taxable","30":"purchasable","31":"product-type-simple"},"acf":[],"gallery_images":[29572,29573],"_links":{"self":[{"href":"https:\/\/tremunpiercing.com\/sk\/wp-json\/wp\/v2\/product\/12467","targetHints":{"allow":["GET"]}}],"collection":[{"href":"https:\/\/tremunpiercing.com\/sk\/wp-json\/wp\/v2\/product"}],"about":[{"href":"https:\/\/tremunpiercing.com\/sk\/wp-json\/wp\/v2\/types\/product"}],"replies":[{"embeddable":true,"href":"https:\/\/tremunpiercing.com\/sk\/wp-json\/wp\/v2\/comments?post=12467"}],"version-history":[{"count":1,"href":"https:\/\/tremunpiercing.com\/sk\/wp-json\/wp\/v2\/product\/12467\/revisions"}],"predecessor-version":[{"id":29574,"href":"https:\/\/tremunpiercing.com\/sk\/wp-json\/wp\/v2\/product\/12467\/revisions\/29574"}],"wp:featuredmedia":[{"embeddable":true,"href":"https:\/\/tremunpiercing.com\/sk\/wp-json\/wp\/v2\/media\/12469"}],"wp:attachment":[{"href":"https:\/\/tremunpiercing.com\/sk\/wp-json\/wp\/v2\/media?parent=12467"}],"wp:term":[{"taxonomy":"product_brand","embeddable":true,"href":"https:\/\/tremunpiercing.com\/sk\/wp-json\/wp\/v2\/product_brand?post=12467"},{"taxonomy":"product_cat","embeddable":true,"href":"https:\/\/tremunpiercing.com\/sk\/wp-json\/wp\/v2\/product_cat?post=12467"},{"taxonomy":"product_tag","embeddable":true,"href":"https:\/\/tremunpiercing.com\/sk\/wp-json\/wp\/v2\/product_tag?post=12467"}],"curies":[{"name":"wp","href":"https:\/\/api.w.org\/{rel}","templated":true}]}}