{"id":12668,"date":"2024-12-19T01:38:03","date_gmt":"2024-12-19T00:38:03","guid":{"rendered":"https:\/\/tremunpiercing.com\/?post_type=product&#038;p=12668"},"modified":"2026-04-18T10:25:47","modified_gmt":"2026-04-18T09:25:47","slug":"micro-labret-push-pin-post-only-base-3mm","status":"publish","type":"product","link":"https:\/\/tremunpiercing.com\/sk\/product\/micro-labret-push-pin-post-only-base-3mm\/","title":{"rendered":"Mikrolabyrintov\u00fd kol\u00ed\u010dek (iba na po\u0161tu) (z\u00e1klad\u0148a 3 mm)"},"content":{"rendered":"<p>Micro Labret Push Pin post je nevyhnutn\u00fdm doplnkom pre v\u0161etky profesion\u00e1lne piercingov\u00e9 \u0161t\u00fadi\u00e1. Tento kol\u00edk, ur\u010den\u00fd \u0161peci\u00e1lne pre push pin topy, je vyroben\u00fd z prvotriedneho implantovan\u00e9ho tit\u00e1nu (F-136), ktor\u00fd pon\u00faka bezpe\u010dnos\u0165, odolnos\u0165 a biokompatibilitu pre ka\u017ed\u00fd typ poko\u017eky. Pon\u00faka sa v tenkej \u0161\u00edrke 20G a d\u013a\u017eke 5 mm, 6 mm alebo 7 mm, tak\u017ee ho m\u00f4\u017eete \u013eubovo\u013ene kombinova\u0165 pod\u013ea toho, ak\u00e9 umiestnenie piercingu v\u00e1\u0161 klient uprednost\u0148uje. Piercing Micro Labret Push Pin je univerz\u00e1lny takmer pre ka\u017ed\u00e9ho klienta, pri\u010dom jeho \u010fal\u0161ou v\u00fdhodou je, \u017ee poskytuje v\u00fdnimo\u010dn\u00fd komfort po\u010das procesu hojenia. V\u010faka 3 mm plochej z\u00e1kladni zost\u00e1va kol\u00edk Micro Labret Push Pin pohodlne umiestnen\u00fd na ko\u017ei a z\u00e1rove\u0148 pon\u00faka pr\u00edjemn\u00e9 stabiln\u00e9 dr\u017eanie s mal\u00fdm podr\u00e1\u017eden\u00edm.<\/p>\n<p>Piercingov\u00fd kol\u00edk Micro Labret Push Pin je len na zapichnutie, \u010do umo\u017e\u0148uje piercerovi kombinova\u0165 ho s katal\u00f3gom dostupn\u00e9ho pr\u00edslu\u0161enstva push pinov, \u010do je to, \u010do ka\u017ed\u00fd piercer h\u013ead\u00e1 v kolekcii \u0161perkov. To, \u017ee je labret vyroben\u00fd z \u013eahk\u00e9ho, ale odoln\u00e9ho tit\u00e1nu, je \u010fal\u0161\u00edm d\u00f4vodom, pre\u010do odborn\u00edci na piercing na celom svete d\u00f4veruj\u00fa ich mikrolabretom pre ich hypoalerg\u00e9nne vlastnosti a odolnos\u0165. S\u00fa \u010fal\u0161ou skvelou ve\u013ekoobchodnou mo\u017enos\u0165ou pre va\u0161e \u0161t\u00fadio, tetovacie pracovisko alebo predajcu, ktor\u00fd chce roz\u0161\u00edri\u0165 svoje z\u00e1soby kvalitn\u00fdch piercingov s v\u00fdsledkami na profesion\u00e1lnej \u00farovni.<\/p>","protected":false},"excerpt":{"rendered":"<ul>\n<li>Push Pin<\/li>\n<li>Kompatibiln\u00e9 len s pr\u00edslu\u0161enstvom s tla\u010didlom<\/li>\n<li>Materi\u00e1l: F-136<\/li>\n<li>Mierka: 20G<\/li>\n<li>D\u013a\u017eka: 5 mm, 6 mm, 7 mm<\/li>\n<li>Priemer z\u00e1kladne: 3 mm<\/li>\n<\/ul>","protected":false},"featured_media":15054,"comment_status":"closed","ping_status":"closed","template":"","meta":{"_acf_changed":false},"product_brand":[],"product_cat":[340,344],"product_tag":[187,188,189,210,211,205,206,212,190,183,213,184,293,207],"class_list":{"0":"post-12668","1":"product","2":"type-product","3":"status-publish","4":"has-post-thumbnail","6":"product_cat-titanium-jewelry","7":"product_cat-labret-titanium-jeawelry","8":"product_tag-conch","9":"product_tag-ear","10":"product_tag-helix","11":"product_tag-labret","12":"product_tag-lip","13":"product_tag-lobe","14":"product_tag-lobulo","15":"product_tag-medusa","16":"product_tag-oreja","17":"product_tag-perforacion","18":"product_tag-philtrum","19":"product_tag-piercing","20":"product_tag-push-pin","21":"product_tag-tragus","23":"first","24":"instock","25":"taxable","26":"shipping-taxable","27":"purchasable","28":"product-type-variable"},"acf":[],"gallery_images":[15055,15053,15052],"_links":{"self":[{"href":"https:\/\/tremunpiercing.com\/sk\/wp-json\/wp\/v2\/product\/12668","targetHints":{"allow":["GET"]}}],"collection":[{"href":"https:\/\/tremunpiercing.com\/sk\/wp-json\/wp\/v2\/product"}],"about":[{"href":"https:\/\/tremunpiercing.com\/sk\/wp-json\/wp\/v2\/types\/product"}],"replies":[{"embeddable":true,"href":"https:\/\/tremunpiercing.com\/sk\/wp-json\/wp\/v2\/comments?post=12668"}],"version-history":[{"count":0,"href":"https:\/\/tremunpiercing.com\/sk\/wp-json\/wp\/v2\/product\/12668\/revisions"}],"wp:featuredmedia":[{"embeddable":true,"href":"https:\/\/tremunpiercing.com\/sk\/wp-json\/wp\/v2\/media\/15054"}],"wp:attachment":[{"href":"https:\/\/tremunpiercing.com\/sk\/wp-json\/wp\/v2\/media?parent=12668"}],"wp:term":[{"taxonomy":"product_brand","embeddable":true,"href":"https:\/\/tremunpiercing.com\/sk\/wp-json\/wp\/v2\/product_brand?post=12668"},{"taxonomy":"product_cat","embeddable":true,"href":"https:\/\/tremunpiercing.com\/sk\/wp-json\/wp\/v2\/product_cat?post=12668"},{"taxonomy":"product_tag","embeddable":true,"href":"https:\/\/tremunpiercing.com\/sk\/wp-json\/wp\/v2\/product_tag?post=12668"}],"curies":[{"name":"wp","href":"https:\/\/api.w.org\/{rel}","templated":true}]}}