{"id":13043,"date":"2025-01-09T20:29:45","date_gmt":"2025-01-09T19:29:45","guid":{"rendered":"https:\/\/tremunpiercing.com\/?post_type=product&#038;p=13043"},"modified":"2026-04-13T10:56:56","modified_gmt":"2026-04-13T09:56:56","slug":"elise-with-beads-white-gold","status":"publish","type":"product","link":"https:\/\/tremunpiercing.com\/sk\/product\/elise-with-beads-white-gold\/","title":{"rendered":"Elise s kor\u00e1lkami biele zlato"},"content":{"rendered":"<p>Elise With Beads White Gold je m\u00f3dny a prisp\u00f4sobiv\u00fd prvok navrhnut\u00fd spolo\u010dnos\u0165ou Shanga Jewellery na profesion\u00e1lne pou\u017eitie. Tento k\u00fasok vyroben\u00fd z odoln\u00e9ho 18k materi\u00e1lu je bezz\u00e1vitnicov\u00fd vrch s rozmermi 5,4 mm x 3,8 mm a hod\u00ed sa k bezz\u00e1vitnicov\u00fdm \u0161t\u00edtkom 16G aj 14G. Tento dizajn je vybaven\u00fd akcentmi z kubick\u00fdch zirk\u00f3nov a jemn\u00fdm detailom kor\u00e1likov, ktor\u00e9 poskytuj\u00fa eleganciu a individualitu.<\/p>\n<p>Piercing Elise s kor\u00e1lkami je vhodn\u00fd na piercing do chrupavky, \u0161pir\u00e1ly, tragu a laloku a dod\u00e1 v\u00e1\u0161mu piercingu jemnos\u0165. Jednoduch\u00fd syst\u00e9m push-pin pom\u00e1ha pri jednoduchej a bezpe\u010dnej aplik\u00e1cii, tak\u017ee je preferovanou vo\u013ebou pre \u0161t\u00fadi\u00e1 a predajcov. Je navrhnut\u00fd na dlhodob\u00e9 nosenie, ke\u010f\u017ee je vyroben\u00fd z 18-kar\u00e1tov\u00e9ho zlata, \u010do znamen\u00e1, \u017ee je biokompatibiln\u00fd a odoln\u00fd. Pou\u017e\u00edva sa v piercingovom \u0161t\u00fadiu aj ako kolekcia v maloobchode, ide o luxusn\u00fd k\u00fasok so spo\u013eahlivos\u0165ou na profesion\u00e1lnej \u00farovni.<\/p>","protected":false},"excerpt":{"rendered":"<ul>\n<li>Horn\u00e1 \u010das\u0165 bez z\u00e1vitu, 25ga nerezov\u00fd kol\u00edk<\/li>\n<li>Materi\u00e1l: Biele zlato 18k<\/li>\n<li>Ve\u013ekos\u0165: 5,4 mm x 3,8 mm<\/li>\n<li>Drahokam: Kubick\u00fd zirk\u00f3n<\/li>\n<li>Kompatibiln\u00fd s bezz\u00e1vitov\u00fdmi st\u013apikmi 16G a 14G<\/li>\n<li>Zna\u010dka: Shanga Jewellery<\/li>\n<\/ul>","protected":false},"featured_media":13044,"comment_status":"closed","ping_status":"closed","template":"","meta":{"_acf_changed":false},"product_brand":[],"product_cat":[337,398],"product_tag":[187,188,189,205,206,212,190,183,213,184,207],"class_list":{"0":"post-13043","1":"product","2":"type-product","3":"status-publish","4":"has-post-thumbnail","6":"product_cat-gold-jewelry","7":"product_cat-shanga","8":"product_tag-conch","9":"product_tag-ear","10":"product_tag-helix","11":"product_tag-lobe","12":"product_tag-lobulo","13":"product_tag-medusa","14":"product_tag-oreja","15":"product_tag-perforacion","16":"product_tag-philtrum","17":"product_tag-piercing","18":"product_tag-tragus","20":"first","21":"instock","22":"taxable","23":"shipping-taxable","24":"purchasable","25":"product-type-simple"},"acf":[],"gallery_images":[29525,29524],"_links":{"self":[{"href":"https:\/\/tremunpiercing.com\/sk\/wp-json\/wp\/v2\/product\/13043","targetHints":{"allow":["GET"]}}],"collection":[{"href":"https:\/\/tremunpiercing.com\/sk\/wp-json\/wp\/v2\/product"}],"about":[{"href":"https:\/\/tremunpiercing.com\/sk\/wp-json\/wp\/v2\/types\/product"}],"replies":[{"embeddable":true,"href":"https:\/\/tremunpiercing.com\/sk\/wp-json\/wp\/v2\/comments?post=13043"}],"version-history":[{"count":1,"href":"https:\/\/tremunpiercing.com\/sk\/wp-json\/wp\/v2\/product\/13043\/revisions"}],"predecessor-version":[{"id":28944,"href":"https:\/\/tremunpiercing.com\/sk\/wp-json\/wp\/v2\/product\/13043\/revisions\/28944"}],"wp:featuredmedia":[{"embeddable":true,"href":"https:\/\/tremunpiercing.com\/sk\/wp-json\/wp\/v2\/media\/13044"}],"wp:attachment":[{"href":"https:\/\/tremunpiercing.com\/sk\/wp-json\/wp\/v2\/media?parent=13043"}],"wp:term":[{"taxonomy":"product_brand","embeddable":true,"href":"https:\/\/tremunpiercing.com\/sk\/wp-json\/wp\/v2\/product_brand?post=13043"},{"taxonomy":"product_cat","embeddable":true,"href":"https:\/\/tremunpiercing.com\/sk\/wp-json\/wp\/v2\/product_cat?post=13043"},{"taxonomy":"product_tag","embeddable":true,"href":"https:\/\/tremunpiercing.com\/sk\/wp-json\/wp\/v2\/product_tag?post=13043"}],"curies":[{"name":"wp","href":"https:\/\/api.w.org\/{rel}","templated":true}]}}