{"id":13047,"date":"2025-01-10T17:35:50","date_gmt":"2025-01-10T16:35:50","guid":{"rendered":"https:\/\/tremunpiercing.com\/?post_type=product&#038;p=13047"},"modified":"2026-04-13T10:55:40","modified_gmt":"2026-04-13T09:55:40","slug":"microflower-white-gold","status":"publish","type":"product","link":"https:\/\/tremunpiercing.com\/sk\/product\/microflower-white-gold\/","title":{"rendered":"Mikrokvet bieleho zlata"},"content":{"rendered":"<p>Mikrofl\u00f3r z bieleho zlata je jemn\u00fd, sofistikovan\u00fd predmet vyroben\u00fd spolo\u010dnos\u0165ou Shanga Jewellery. Je ur\u010den\u00fd pre profesion\u00e1lov, ktor\u00ed maj\u00fa radi elegantnej\u0161ie a sofistikovanej\u0161ie kolekcie \u0161perkov na telo a z\u00e1rove\u0148 ve\u013emi funk\u010dn\u00fd a praktick\u00fd \u0161perk na telo. Je vyroben\u00fd z 18-kar\u00e1tov\u00e9ho bieleho zlata a m\u00e1 vrchn\u00fa \u010das\u0165 bez z\u00e1vitov\u00e9ho push-pinu, ktor\u00e1 funguje s bezz\u00e1vitov\u00fdmi \u0161t\u00edtkami 16G alebo 14G. Je ide\u00e1lny pre v\u0161etky r\u00f4zne piercingy. Je vybaven\u00fd trblietav\u00fdmi zirk\u00f3nmi so 4 mm kvetmi, ktor\u00e9 dodaj\u00fa kone\u010dn\u00fd n\u00e1dych elegancie piercingu chrupavky, tragu alebo laloku. Piercingov\u00e9 \u0161t\u00fadi\u00e1 a predajcovia ocenia, \u017ee ide o dizajn \u00faplne bez z\u00e1vitu, \u010do znamen\u00e1, \u017ee sa d\u00e1 r\u00fdchlo a jednoducho upevni\u0165 na klientov a z\u00e1rove\u0148 je pre klienta ve\u013emi pohodln\u00fd.<\/p>\n<p>Mikrofl\u00f3r je vyroben\u00fd z prvotriedneho 18-kar\u00e1tov\u00e9ho zlata, ktor\u00e9 zaru\u010duje dlhotrvaj\u00faci lesk a biokompatibilitu pre klientov, ktor\u00ed chc\u00fa luxusn\u00fd telesn\u00fd \u0161perk. T\u00e1to polo\u017eka je rok \u010do rok najpred\u00e1vanej\u0161ou, preto\u017ee sp\u00e1ja \u0161t\u00fdl, odolnos\u0165 a bezpe\u010dnos\u0165 do klasiky, \u010do z nej v kone\u010dnom d\u00f4sledku rob\u00ed povinn\u00fa polo\u017eku telesn\u00fdch \u0161perkov do profesion\u00e1lnych zbierok.<\/p>","protected":false},"excerpt":{"rendered":"<ul>\n<li>Horn\u00e1 \u010das\u0165 bez z\u00e1vitu - 25ga nerezov\u00fd kol\u00edk<\/li>\n<li>Materi\u00e1l: Biele zlato 18k<\/li>\n<li>Drahokam: Kubick\u00fd zirk\u00f3n<\/li>\n<li>Kompatibiln\u00fd s bezz\u00e1vitov\u00fdmi st\u013apikmi 16G a 14G<\/li>\n<li>Ve\u013ekos\u0165: pribli\u017ene 4 mm<\/li>\n<li>Zna\u010dka: Shanga Jewellery<\/li>\n<\/ul>","protected":false},"featured_media":13050,"comment_status":"closed","ping_status":"closed","template":"","meta":{"_acf_changed":false},"product_brand":[],"product_cat":[337,398],"product_tag":[187,188,189,205,206,212,190,183,213,184,207],"class_list":{"0":"post-13047","1":"product","2":"type-product","3":"status-publish","4":"has-post-thumbnail","6":"product_cat-gold-jewelry","7":"product_cat-shanga","8":"product_tag-conch","9":"product_tag-ear","10":"product_tag-helix","11":"product_tag-lobe","12":"product_tag-lobulo","13":"product_tag-medusa","14":"product_tag-oreja","15":"product_tag-perforacion","16":"product_tag-philtrum","17":"product_tag-piercing","18":"product_tag-tragus","20":"first","21":"instock","22":"taxable","23":"shipping-taxable","24":"purchasable","25":"product-type-simple"},"acf":[],"gallery_images":[29522,29523],"_links":{"self":[{"href":"https:\/\/tremunpiercing.com\/sk\/wp-json\/wp\/v2\/product\/13047","targetHints":{"allow":["GET"]}}],"collection":[{"href":"https:\/\/tremunpiercing.com\/sk\/wp-json\/wp\/v2\/product"}],"about":[{"href":"https:\/\/tremunpiercing.com\/sk\/wp-json\/wp\/v2\/types\/product"}],"replies":[{"embeddable":true,"href":"https:\/\/tremunpiercing.com\/sk\/wp-json\/wp\/v2\/comments?post=13047"}],"version-history":[{"count":1,"href":"https:\/\/tremunpiercing.com\/sk\/wp-json\/wp\/v2\/product\/13047\/revisions"}],"predecessor-version":[{"id":28943,"href":"https:\/\/tremunpiercing.com\/sk\/wp-json\/wp\/v2\/product\/13047\/revisions\/28943"}],"wp:featuredmedia":[{"embeddable":true,"href":"https:\/\/tremunpiercing.com\/sk\/wp-json\/wp\/v2\/media\/13050"}],"wp:attachment":[{"href":"https:\/\/tremunpiercing.com\/sk\/wp-json\/wp\/v2\/media?parent=13047"}],"wp:term":[{"taxonomy":"product_brand","embeddable":true,"href":"https:\/\/tremunpiercing.com\/sk\/wp-json\/wp\/v2\/product_brand?post=13047"},{"taxonomy":"product_cat","embeddable":true,"href":"https:\/\/tremunpiercing.com\/sk\/wp-json\/wp\/v2\/product_cat?post=13047"},{"taxonomy":"product_tag","embeddable":true,"href":"https:\/\/tremunpiercing.com\/sk\/wp-json\/wp\/v2\/product_tag?post=13047"}],"curies":[{"name":"wp","href":"https:\/\/api.w.org\/{rel}","templated":true}]}}