{"id":13142,"date":"2025-01-13T21:02:54","date_gmt":"2025-01-13T20:02:54","guid":{"rendered":"https:\/\/tremunpiercing.com\/?post_type=product&#038;p=13142"},"modified":"2026-04-15T15:30:25","modified_gmt":"2026-04-15T14:30:25","slug":"trinity-green-onyx","status":"publish","type":"product","link":"https:\/\/tremunpiercing.com\/sk\/product\/trinity-green-onyx\/","title":{"rendered":"Trinity Green Onyx"},"content":{"rendered":"<p>Trinity Green Onyx je \u0161t\u00fdlovou vo\u013ebou pre profesion\u00e1lov, ktor\u00ed h\u013eadaj\u00fa kvalitu a kr\u00e1su v ka\u017edom k\u00fasku. Tento vrchn\u00fd diel s vn\u00fatorn\u00fdm z\u00e1vitom 16G, vyroben\u00fd z tit\u00e1nu triedy F-136 na implant\u00e1ty, m\u00e1 tri le\u0161ten\u00e9 kamene zelen\u00e9ho \u00f3nyxu v dizajne trojice. Ka\u017ed\u00fd 4,3 mm ve\u013ek\u00fd drahokam je s\u00fdtozelen\u00fd, ktor\u00fd vyjadruje eleganciu a nad\u010dasov\u00fd \u0161t\u00fdl.<\/p>\n<p>Hypoalerg\u00e9nna tit\u00e1nov\u00e1 z\u00e1klad\u0148a je vhodn\u00e1 pre citliv\u00fa poko\u017eku a zaru\u010duje \u0161etrn\u00e9 a bezpe\u010dn\u00e9 nosenie pre klientov. Tento v\u0161estrann\u00fd \u0161perk, ktor\u00fd sa skvele hod\u00ed aj na piercing chrupavky, konchy, \u0161pir\u00e1ly a laloky, vn\u00e1\u0161a do modern\u00fdch zbierok telesn\u00fdch \u0161perkov aspekt pr\u00edrodn\u00e9ho drahokamu. Piercingov\u00e9 \u0161t\u00fadi\u00e1, tetovacie sal\u00f3ny alebo predajcovia si m\u00f4\u017eu by\u0165 ist\u00ed jeho kvalitou, odolnos\u0165ou a profesion\u00e1lnou povrchovou \u00fapravou, \u010do va\u0161im klientom zabezpe\u010d\u00ed dlhodob\u00fd a plnohodnotn\u00fd z\u00e1\u017eitok. Zelen\u00fd \u00f3nyx Trinity je viac ne\u017e len \u0161perk; je to vyjadrenie kvality a rafinovan\u00e9ho \u0161t\u00fdlu.<\/p>","protected":false},"excerpt":{"rendered":"<ul>\n<li>Vn\u00fatorn\u00e9 z\u00e1vity<\/li>\n<li>Materi\u00e1l: F-136<\/li>\n<li>Meradlo: 16G<\/li>\n<li>Drahokam: Zelen\u00fd onyx<\/li>\n<li>Ve\u013ekos\u0165: 4,3 mm<\/li>\n<\/ul>","protected":false},"featured_media":13866,"comment_status":"closed","ping_status":"closed","template":"","meta":{"_acf_changed":false},"product_brand":[],"product_cat":[340,343],"product_tag":[187,188,189,210,205,206,212,190,183,213,184,207],"class_list":{"0":"post-13142","1":"product","2":"type-product","3":"status-publish","4":"has-post-thumbnail","6":"product_cat-titanium-jewelry","7":"product_cat-tops-titanium-jewelry","8":"product_tag-conch","9":"product_tag-ear","10":"product_tag-helix","11":"product_tag-labret","12":"product_tag-lobe","13":"product_tag-lobulo","14":"product_tag-medusa","15":"product_tag-oreja","16":"product_tag-perforacion","17":"product_tag-philtrum","18":"product_tag-piercing","19":"product_tag-tragus","21":"first","22":"instock","23":"taxable","24":"shipping-taxable","25":"purchasable","26":"product-type-simple"},"acf":[],"gallery_images":[28069,28068],"_links":{"self":[{"href":"https:\/\/tremunpiercing.com\/sk\/wp-json\/wp\/v2\/product\/13142","targetHints":{"allow":["GET"]}}],"collection":[{"href":"https:\/\/tremunpiercing.com\/sk\/wp-json\/wp\/v2\/product"}],"about":[{"href":"https:\/\/tremunpiercing.com\/sk\/wp-json\/wp\/v2\/types\/product"}],"replies":[{"embeddable":true,"href":"https:\/\/tremunpiercing.com\/sk\/wp-json\/wp\/v2\/comments?post=13142"}],"version-history":[{"count":1,"href":"https:\/\/tremunpiercing.com\/sk\/wp-json\/wp\/v2\/product\/13142\/revisions"}],"predecessor-version":[{"id":28072,"href":"https:\/\/tremunpiercing.com\/sk\/wp-json\/wp\/v2\/product\/13142\/revisions\/28072"}],"wp:featuredmedia":[{"embeddable":true,"href":"https:\/\/tremunpiercing.com\/sk\/wp-json\/wp\/v2\/media\/13866"}],"wp:attachment":[{"href":"https:\/\/tremunpiercing.com\/sk\/wp-json\/wp\/v2\/media?parent=13142"}],"wp:term":[{"taxonomy":"product_brand","embeddable":true,"href":"https:\/\/tremunpiercing.com\/sk\/wp-json\/wp\/v2\/product_brand?post=13142"},{"taxonomy":"product_cat","embeddable":true,"href":"https:\/\/tremunpiercing.com\/sk\/wp-json\/wp\/v2\/product_cat?post=13142"},{"taxonomy":"product_tag","embeddable":true,"href":"https:\/\/tremunpiercing.com\/sk\/wp-json\/wp\/v2\/product_tag?post=13142"}],"curies":[{"name":"wp","href":"https:\/\/api.w.org\/{rel}","templated":true}]}}