{"id":13517,"date":"2025-02-06T17:17:05","date_gmt":"2025-02-06T16:17:05","guid":{"rendered":"https:\/\/tremunpiercing.com\/?post_type=product&#038;p=13517"},"modified":"2026-04-10T22:54:08","modified_gmt":"2026-04-10T21:54:08","slug":"venus-amethyst-cz","status":"publish","type":"product","link":"https:\/\/tremunpiercing.com\/sk\/product\/venus-amethyst-cz\/","title":{"rendered":"Venu\u0161a Ametyst CZ"},"content":{"rendered":"<p>Piercingov\u00e9 obchody a ve\u013ekoobchody so \u0161perkami h\u013eadaj\u00fa kr\u00e1sny, bezpe\u010dn\u00fd a kvalitn\u00fd k\u00fasok - Venu\u0161in ametyst CZ! Vyroben\u00fd z implant\u00e1tovej triedy tit\u00e1nu F-136, s vn\u00fatorn\u00fdm z\u00e1vitom 16G, pre 100% bezpe\u010dn\u00fd a odoln\u00fd \u0161perk na telo, ktor\u00e9mu d\u00f4veruj\u00fa piercingov\u00e9 \u0161t\u00fadi\u00e1 po celom svete! Tento telov\u00fd \u0161perk so 4 mm fialov\u00fdm zirk\u00f3nom ametystu h\u00fdri farbami a je ide\u00e1lny na piercing u\u0161\u00ed, pier a chrupaviek. V\u00fdrazn\u00fd k\u00fasok, ktor\u00fd m\u00e1 brilantn\u00fd dizajn a z\u00e1rove\u0148 je spo\u013eahliv\u00fd! Venus Amethyst CZ je nevyhnutnou s\u00fa\u010das\u0165ou ka\u017edej zbierky hromadn\u00fdch \u0161perkov na telo, preto\u017ee m\u00e1 bezpe\u010dnostn\u00fa triedu tit\u00e1nu na lek\u00e1rske \u00fa\u010dely a z\u00e1rove\u0148 pon\u00faka n\u00e1dhern\u00fd dizajn pre ka\u017ed\u00e9ho z\u00e1kazn\u00edka! K\u00fapte si piercingov\u00e9 \u0161perky online a n\u00e1jdite d\u00f4veryhodn\u00e9ho dod\u00e1vate\u013ea, ktor\u00fd s\u013eubuje, \u017ee va\u0161e \u0161t\u00fadio bude ma\u0165 z\u00e1soby a bude \u0161t\u00fdlov\u00e9.<\/p>","protected":false},"excerpt":{"rendered":"<ul>\n<li>Vn\u00fatorn\u00e9 z\u00e1vity<\/li>\n<li>Materi\u00e1l: F-136<\/li>\n<li>Meradlo: 16G<\/li>\n<li>Drahokam: Kubick\u00fd zirk\u00f3n<\/li>\n<li>Ve\u013ekos\u0165 drahokamu: 4 mm<\/li>\n<\/ul>","protected":false},"featured_media":13889,"comment_status":"closed","ping_status":"closed","template":"","meta":{"_acf_changed":false},"product_brand":[],"product_cat":[340,343],"product_tag":[187,220,188,189,210,205,206,212,222,190,183,213,184,207],"class_list":{"0":"post-13517","1":"product","2":"type-product","3":"status-publish","4":"has-post-thumbnail","6":"product_cat-titanium-jewelry","7":"product_cat-tops-titanium-jewelry","8":"product_tag-conch","9":"product_tag-dermal","10":"product_tag-ear","11":"product_tag-helix","12":"product_tag-labret","13":"product_tag-lobe","14":"product_tag-lobulo","15":"product_tag-medusa","16":"product_tag-microdermal","17":"product_tag-oreja","18":"product_tag-perforacion","19":"product_tag-philtrum","20":"product_tag-piercing","21":"product_tag-tragus","23":"first","24":"instock","25":"taxable","26":"shipping-taxable","27":"purchasable","28":"product-type-simple"},"acf":[],"gallery_images":[27919,27918],"_links":{"self":[{"href":"https:\/\/tremunpiercing.com\/sk\/wp-json\/wp\/v2\/product\/13517","targetHints":{"allow":["GET"]}}],"collection":[{"href":"https:\/\/tremunpiercing.com\/sk\/wp-json\/wp\/v2\/product"}],"about":[{"href":"https:\/\/tremunpiercing.com\/sk\/wp-json\/wp\/v2\/types\/product"}],"replies":[{"embeddable":true,"href":"https:\/\/tremunpiercing.com\/sk\/wp-json\/wp\/v2\/comments?post=13517"}],"version-history":[{"count":1,"href":"https:\/\/tremunpiercing.com\/sk\/wp-json\/wp\/v2\/product\/13517\/revisions"}],"predecessor-version":[{"id":27922,"href":"https:\/\/tremunpiercing.com\/sk\/wp-json\/wp\/v2\/product\/13517\/revisions\/27922"}],"wp:featuredmedia":[{"embeddable":true,"href":"https:\/\/tremunpiercing.com\/sk\/wp-json\/wp\/v2\/media\/13889"}],"wp:attachment":[{"href":"https:\/\/tremunpiercing.com\/sk\/wp-json\/wp\/v2\/media?parent=13517"}],"wp:term":[{"taxonomy":"product_brand","embeddable":true,"href":"https:\/\/tremunpiercing.com\/sk\/wp-json\/wp\/v2\/product_brand?post=13517"},{"taxonomy":"product_cat","embeddable":true,"href":"https:\/\/tremunpiercing.com\/sk\/wp-json\/wp\/v2\/product_cat?post=13517"},{"taxonomy":"product_tag","embeddable":true,"href":"https:\/\/tremunpiercing.com\/sk\/wp-json\/wp\/v2\/product_tag?post=13517"}],"curies":[{"name":"wp","href":"https:\/\/api.w.org\/{rel}","templated":true}]}}