{"id":13518,"date":"2025-02-06T17:19:24","date_gmt":"2025-02-06T16:19:24","guid":{"rendered":"https:\/\/tremunpiercing.com\/?post_type=product&#038;p=13518"},"modified":"2026-04-10T22:54:08","modified_gmt":"2026-04-10T21:54:08","slug":"venus-pink-cz","status":"publish","type":"product","link":"https:\/\/tremunpiercing.com\/sk\/product\/venus-pink-cz\/","title":{"rendered":"Venu\u0161a ru\u017eov\u00e1 CZ"},"content":{"rendered":"<p data-start=\"4150\" data-end=\"5165\">Venus Pink CZ je ur\u010den\u00fd pre profesion\u00e1lov v oblasti piercingu a tetovac\u00edch \u0161t\u00fadi\u00ed, ktor\u00ed h\u013eadaj\u00fa \u0161t\u00fdlov\u00e9 a z\u00e1rove\u0148 bezpe\u010dn\u00e9 telesn\u00e9 \u0161perky. Tento \u0161perk s vn\u00fatorn\u00fdm z\u00e1vitom 16G, vyroben\u00fd z tit\u00e1nu triedy F-136 na implant\u00e1ty, zaru\u010duje dlhodob\u00fa odolnos\u0165 a hypoalerg\u00e9nne nosenie. Tento \u0161perk s iskriv\u00fdm 4 mm ru\u017eov\u00fdm kubick\u00fdm zirk\u00f3nom dod\u00e1va piercingu do ucha, pery a chrupavky \u017eiariv\u00fd n\u00e1dych. Venus Pink CZ je nevyhnutnos\u0165ou pre ka\u017ed\u00fd ve\u013ekoobchod so \u0161perkami, ktor\u00fd chce pon\u00faka\u0165 hypoalerg\u00e9nne piercingov\u00e9 \u0161perky, ktor\u00e9 si klienti ob\u013e\u00fabia. Na\u0161ej kolekcii bezpe\u010dn\u00fdch \u0161perkov na telo, od ve\u013ekoobchodn\u00fdch kr\u00fa\u017ekov do nosa a\u017e po tit\u00e1nov\u00e9 \u010dinky, d\u00f4veruj\u00fa profesion\u00e1li v oblasti piercingu na celom svete. K\u00fapte si piercingov\u00e9 \u0161perky online od spo\u013eahliv\u00e9ho ve\u013ekoobchodn\u00e9ho dod\u00e1vate\u013ea piercingov\u00fdch \u0161perkov a vylep\u0161ite svoje z\u00e1soby o modern\u00e9, zdravotne nez\u00e1vadn\u00e9 vzory.<\/p>\n<p data-start=\"5167\" data-end=\"5221\">","protected":false},"excerpt":{"rendered":"<ul>\n<li>Vn\u00fatorn\u00e9 z\u00e1vity<\/li>\n<li>Materi\u00e1l: F-136<\/li>\n<li>Meradlo: 16G<\/li>\n<li>Drahokam: Kubick\u00fd zirk\u00f3n<\/li>\n<li>Ve\u013ekos\u0165 drahokamu: 4 mm<\/li>\n<\/ul>","protected":false},"featured_media":13886,"comment_status":"closed","ping_status":"closed","template":"","meta":{"_acf_changed":false},"product_brand":[],"product_cat":[340,343],"product_tag":[187,220,188,189,210,205,206,212,222,190,183,213,184,207],"class_list":{"0":"post-13518","1":"product","2":"type-product","3":"status-publish","4":"has-post-thumbnail","6":"product_cat-titanium-jewelry","7":"product_cat-tops-titanium-jewelry","8":"product_tag-conch","9":"product_tag-dermal","10":"product_tag-ear","11":"product_tag-helix","12":"product_tag-labret","13":"product_tag-lobe","14":"product_tag-lobulo","15":"product_tag-medusa","16":"product_tag-microdermal","17":"product_tag-oreja","18":"product_tag-perforacion","19":"product_tag-philtrum","20":"product_tag-piercing","21":"product_tag-tragus","23":"first","24":"instock","25":"taxable","26":"shipping-taxable","27":"purchasable","28":"product-type-simple"},"acf":[],"gallery_images":[27911,27912],"_links":{"self":[{"href":"https:\/\/tremunpiercing.com\/sk\/wp-json\/wp\/v2\/product\/13518","targetHints":{"allow":["GET"]}}],"collection":[{"href":"https:\/\/tremunpiercing.com\/sk\/wp-json\/wp\/v2\/product"}],"about":[{"href":"https:\/\/tremunpiercing.com\/sk\/wp-json\/wp\/v2\/types\/product"}],"replies":[{"embeddable":true,"href":"https:\/\/tremunpiercing.com\/sk\/wp-json\/wp\/v2\/comments?post=13518"}],"version-history":[{"count":1,"href":"https:\/\/tremunpiercing.com\/sk\/wp-json\/wp\/v2\/product\/13518\/revisions"}],"predecessor-version":[{"id":27913,"href":"https:\/\/tremunpiercing.com\/sk\/wp-json\/wp\/v2\/product\/13518\/revisions\/27913"}],"wp:featuredmedia":[{"embeddable":true,"href":"https:\/\/tremunpiercing.com\/sk\/wp-json\/wp\/v2\/media\/13886"}],"wp:attachment":[{"href":"https:\/\/tremunpiercing.com\/sk\/wp-json\/wp\/v2\/media?parent=13518"}],"wp:term":[{"taxonomy":"product_brand","embeddable":true,"href":"https:\/\/tremunpiercing.com\/sk\/wp-json\/wp\/v2\/product_brand?post=13518"},{"taxonomy":"product_cat","embeddable":true,"href":"https:\/\/tremunpiercing.com\/sk\/wp-json\/wp\/v2\/product_cat?post=13518"},{"taxonomy":"product_tag","embeddable":true,"href":"https:\/\/tremunpiercing.com\/sk\/wp-json\/wp\/v2\/product_tag?post=13518"}],"curies":[{"name":"wp","href":"https:\/\/api.w.org\/{rel}","templated":true}]}}