{"id":13519,"date":"2025-02-06T17:23:53","date_gmt":"2025-02-06T16:23:53","guid":{"rendered":"https:\/\/tremunpiercing.com\/?post_type=product&#038;p=13519"},"modified":"2026-04-10T22:54:08","modified_gmt":"2026-04-10T21:54:08","slug":"venus-emerald-cz","status":"publish","type":"product","link":"https:\/\/tremunpiercing.com\/sk\/product\/venus-emerald-cz\/","title":{"rendered":"Venu\u0161a Smaragd CZ"},"content":{"rendered":"<p>Venus Emerald CZ predstavuje podmaniv\u00fd predmet pre profesion\u00e1lov v oblasti piercingu s d\u00f4razom na bezpe\u010dnos\u0165, lesk a odolnos\u0165. Venus Emerald CZ je vyroben\u00fd z implant\u00e1tovej triedy tit\u00e1nu F-136, \u010do je typ tit\u00e1nu s vynikaj\u00facimi biomechanick\u00fdmi vlastnos\u0165ami ide\u00e1lnymi pre biokompatibilitu. \u0160perk s vn\u00fatorn\u00fdm z\u00e1vitom je vhodn\u00fd pre citliv\u00fa poko\u017eku a poskytuje hypoalerg\u00e9nnu mo\u017enos\u0165 na ka\u017edodenn\u00e9 nosenie. Smaragdovo zelen\u00fd zirk\u00f3n s priemerom 4 mm skuto\u010dne vynikne a osln\u00ed aj t\u00fdch najn\u00e1ro\u010dnej\u0161\u00edch z\u00e1kazn\u00edkov, ktor\u00ed si vyber\u00fa piercing do ucha, nosa alebo pery.<\/p>\n<p>Venus Emerald CZ je ide\u00e1lnym doplnkom pre tetovacie sal\u00f3ny, piercingov\u00e9 \u0161t\u00fadi\u00e1 a predajcov \u0161perkov na telo, ktor\u00ed h\u013eadaj\u00fa kvalitu a dizajn. \u010ci u\u017e ide o ve\u013ekoobchodn\u00fd predaj piercingov\u00fdch \u0161perkov pre \u0160panielsko, alebo o ve\u013ekoobchodn\u00e9 predaj telesn\u00fdch \u0161perkov pre zahrani\u010dn\u00fdch z\u00e1kazn\u00edkov, s t\u00fdmto \u0161perkom m\u00f4\u017eete pon\u00faknu\u0165 \u0161t\u00fdl a bezpe\u010dnos\u0165. Nebudete sklaman\u00ed, ak do svojho ve\u013ekoobchodu s piercingov\u00fdmi \u0161perkami prid\u00e1te tento pr\u00e9miov\u00fd tit\u00e1nov\u00fd doplnok vyroben\u00fd pre profesion\u00e1lov.<\/p>","protected":false},"excerpt":{"rendered":"<ul>\n<li>Vn\u00fatorn\u00e9 z\u00e1vity<\/li>\n<li>Materi\u00e1l: F-136<\/li>\n<li>Meradlo: 16G<\/li>\n<li>Drahokam: Kubick\u00fd zirk\u00f3n<\/li>\n<li>Ve\u013ekos\u0165 drahokamu: 4 mm<\/li>\n<\/ul>","protected":false},"featured_media":16461,"comment_status":"closed","ping_status":"closed","template":"","meta":{"_acf_changed":false},"product_brand":[],"product_cat":[340,343],"product_tag":[187,220,188,189,210,205,206,212,222,190,183,213,184,207],"class_list":{"0":"post-13519","1":"product","2":"type-product","3":"status-publish","4":"has-post-thumbnail","6":"product_cat-titanium-jewelry","7":"product_cat-tops-titanium-jewelry","8":"product_tag-conch","9":"product_tag-dermal","10":"product_tag-ear","11":"product_tag-helix","12":"product_tag-labret","13":"product_tag-lobe","14":"product_tag-lobulo","15":"product_tag-medusa","16":"product_tag-microdermal","17":"product_tag-oreja","18":"product_tag-perforacion","19":"product_tag-philtrum","20":"product_tag-piercing","21":"product_tag-tragus","23":"first","24":"instock","25":"taxable","26":"shipping-taxable","27":"purchasable","28":"product-type-simple"},"acf":[],"gallery_images":[27915,27914],"_links":{"self":[{"href":"https:\/\/tremunpiercing.com\/sk\/wp-json\/wp\/v2\/product\/13519","targetHints":{"allow":["GET"]}}],"collection":[{"href":"https:\/\/tremunpiercing.com\/sk\/wp-json\/wp\/v2\/product"}],"about":[{"href":"https:\/\/tremunpiercing.com\/sk\/wp-json\/wp\/v2\/types\/product"}],"replies":[{"embeddable":true,"href":"https:\/\/tremunpiercing.com\/sk\/wp-json\/wp\/v2\/comments?post=13519"}],"version-history":[{"count":1,"href":"https:\/\/tremunpiercing.com\/sk\/wp-json\/wp\/v2\/product\/13519\/revisions"}],"predecessor-version":[{"id":27916,"href":"https:\/\/tremunpiercing.com\/sk\/wp-json\/wp\/v2\/product\/13519\/revisions\/27916"}],"wp:featuredmedia":[{"embeddable":true,"href":"https:\/\/tremunpiercing.com\/sk\/wp-json\/wp\/v2\/media\/16461"}],"wp:attachment":[{"href":"https:\/\/tremunpiercing.com\/sk\/wp-json\/wp\/v2\/media?parent=13519"}],"wp:term":[{"taxonomy":"product_brand","embeddable":true,"href":"https:\/\/tremunpiercing.com\/sk\/wp-json\/wp\/v2\/product_brand?post=13519"},{"taxonomy":"product_cat","embeddable":true,"href":"https:\/\/tremunpiercing.com\/sk\/wp-json\/wp\/v2\/product_cat?post=13519"},{"taxonomy":"product_tag","embeddable":true,"href":"https:\/\/tremunpiercing.com\/sk\/wp-json\/wp\/v2\/product_tag?post=13519"}],"curies":[{"name":"wp","href":"https:\/\/api.w.org\/{rel}","templated":true}]}}