{"id":13521,"date":"2025-02-06T17:28:22","date_gmt":"2025-02-06T16:28:22","guid":{"rendered":"https:\/\/tremunpiercing.com\/?post_type=product&#038;p=13521"},"modified":"2026-03-24T23:31:10","modified_gmt":"2026-03-24T22:31:10","slug":"venus-lavander-cz","status":"publish","type":"product","link":"https:\/\/tremunpiercing.com\/sk\/product\/venus-lavander-cz\/","title":{"rendered":"Venus Lavender"},"content":{"rendered":"<p>The Venus Lavender is a high-quality option for piercing professionals looking for safe, stylish, and durable jewelry. Made from implant-grade Titanium F-136, it has an internally threaded design, offering maximum safety and comfort for each client. The 16G gauge and 4mm cubic zirconia stone (with a soft lavender color) are exceptional for ear, lip, and cartilage piercings.<\/p>\n<p>The Venus Lavender offers class and sophistication to any collection and is perfect for body piercing shop suppliers, tattoo studios, and jewelry wholesalers. Whether you stock wholesale nose rings, barbells, or bulk body jewelry, this is a quintessential piece for your piercing studio that offers a high-quality option to your clients. Buy piercing jewelry online from a trusted piercing jewelry supplier and enhance your wholesale selection with our safe body jewelry.<\/p>","protected":false},"excerpt":{"rendered":"<ul>\n<li>Vn\u00fatorn\u00e9 z\u00e1vity<\/li>\n<li>Materi\u00e1l: F-136<\/li>\n<li>Meradlo: 16G<\/li>\n<li>Drahokam: Kubick\u00fd zirk\u00f3n<\/li>\n<li>Ve\u013ekos\u0165 drahokamu: 4 mm<\/li>\n<\/ul>","protected":false},"featured_media":13880,"comment_status":"closed","ping_status":"closed","template":"","meta":{"_acf_changed":false},"product_brand":[],"product_cat":[340,343],"product_tag":[187,220,188,189,210,205,206,212,222,190,183,213,184,207],"class_list":{"0":"post-13521","1":"product","2":"type-product","3":"status-publish","4":"has-post-thumbnail","6":"product_cat-titanium-jewelry","7":"product_cat-tops-titanium-jewelry","8":"product_tag-conch","9":"product_tag-dermal","10":"product_tag-ear","11":"product_tag-helix","12":"product_tag-labret","13":"product_tag-lobe","14":"product_tag-lobulo","15":"product_tag-medusa","16":"product_tag-microdermal","17":"product_tag-oreja","18":"product_tag-perforacion","19":"product_tag-philtrum","20":"product_tag-piercing","21":"product_tag-tragus","23":"first","24":"instock","25":"taxable","26":"shipping-taxable","27":"purchasable","28":"product-type-simple"},"acf":[],"gallery_images":[27907,27906],"_links":{"self":[{"href":"https:\/\/tremunpiercing.com\/sk\/wp-json\/wp\/v2\/product\/13521","targetHints":{"allow":["GET"]}}],"collection":[{"href":"https:\/\/tremunpiercing.com\/sk\/wp-json\/wp\/v2\/product"}],"about":[{"href":"https:\/\/tremunpiercing.com\/sk\/wp-json\/wp\/v2\/types\/product"}],"replies":[{"embeddable":true,"href":"https:\/\/tremunpiercing.com\/sk\/wp-json\/wp\/v2\/comments?post=13521"}],"version-history":[{"count":1,"href":"https:\/\/tremunpiercing.com\/sk\/wp-json\/wp\/v2\/product\/13521\/revisions"}],"predecessor-version":[{"id":27910,"href":"https:\/\/tremunpiercing.com\/sk\/wp-json\/wp\/v2\/product\/13521\/revisions\/27910"}],"wp:featuredmedia":[{"embeddable":true,"href":"https:\/\/tremunpiercing.com\/sk\/wp-json\/wp\/v2\/media\/13880"}],"wp:attachment":[{"href":"https:\/\/tremunpiercing.com\/sk\/wp-json\/wp\/v2\/media?parent=13521"}],"wp:term":[{"taxonomy":"product_brand","embeddable":true,"href":"https:\/\/tremunpiercing.com\/sk\/wp-json\/wp\/v2\/product_brand?post=13521"},{"taxonomy":"product_cat","embeddable":true,"href":"https:\/\/tremunpiercing.com\/sk\/wp-json\/wp\/v2\/product_cat?post=13521"},{"taxonomy":"product_tag","embeddable":true,"href":"https:\/\/tremunpiercing.com\/sk\/wp-json\/wp\/v2\/product_tag?post=13521"}],"curies":[{"name":"wp","href":"https:\/\/api.w.org\/{rel}","templated":true}]}}