{"id":13523,"date":"2025-02-06T17:32:22","date_gmt":"2025-02-06T16:32:22","guid":{"rendered":"https:\/\/tremunpiercing.com\/?post_type=product&#038;p=13523"},"modified":"2026-04-10T22:54:07","modified_gmt":"2026-04-10T21:54:07","slug":"venus-topaz-blue-cz","status":"publish","type":"product","link":"https:\/\/tremunpiercing.com\/sk\/product\/venus-topaz-blue-cz\/","title":{"rendered":"Venu\u0161a Topaz Blue CZ"},"content":{"rendered":"<p>F\u00fazia Venus Topaz Blue CZ prin\u00e1\u0161a \u017eiv\u00fa farbu a bezpe\u010dn\u00fd dizajn v jednom \u00fa\u017easnom k\u00fasku. Tento \u0161perk s vn\u00fatorn\u00fdm z\u00e1vitom 16G, vyroben\u00fd z tit\u00e1nu F-136 implant\u00e1tovej kvality, zaru\u010duje hypoalerg\u00e9nny komfort, pevnos\u0165 a bezpe\u010dnos\u0165 na profesion\u00e1lnej \u00farovni. V\u010faka kr\u00e1snym 4 mm kubick\u00fdm zirk\u00f3nom v \u017eiarivej top\u00e1sovej modrej farbe je tento \u0161perk ide\u00e1lny na piercing do ucha a chrupavky.<\/p>\n<p>Tento dizajn odpor\u00fa\u010dame piercingov\u00fdm \u0161t\u00fadi\u00e1m, tetovac\u00edm sal\u00f3nom a ve\u013ekoobchodn\u00fdm distrib\u00fatorom telesn\u00fdch \u0161perkov pre jeho klasick\u00fd vzh\u013ead, funk\u010dnos\u0165 a pomer ceny a kvality. Z\u00e1rove\u0148 zaru\u010duje, \u017ee va\u0161i klienti m\u00f4\u017eu nosi\u0165 bezpe\u010dn\u00e9, m\u00f3dne a zdravotne nez\u00e1vadn\u00e9 telesn\u00e9 \u0161perky. Pridajte ho do svojho katal\u00f3gu, aby ste uspokojili rast\u00faci dopyt trhu po farebn\u00fdch piercingov\u00fdch \u0161perkoch profesion\u00e1lnej kvality.<\/p>\n<p>&nbsp;<\/p>","protected":false},"excerpt":{"rendered":"<ul>\n<li>Vn\u00fatorn\u00e9 z\u00e1vity<\/li>\n<li>Materi\u00e1l: F-136<\/li>\n<li>Meradlo: 16G<\/li>\n<li>Drahokam: Kubick\u00fd zirk\u00f3n<\/li>\n<li>Ve\u013ekos\u0165 drahokamu: 4 mm<\/li>\n<\/ul>","protected":false},"featured_media":16460,"comment_status":"closed","ping_status":"closed","template":"","meta":{"_acf_changed":false},"product_brand":[],"product_cat":[340,343],"product_tag":[187,220,188,189,210,205,206,212,222,190,183,213,184,207],"class_list":{"0":"post-13523","1":"product","2":"type-product","3":"status-publish","4":"has-post-thumbnail","6":"product_cat-titanium-jewelry","7":"product_cat-tops-titanium-jewelry","8":"product_tag-conch","9":"product_tag-dermal","10":"product_tag-ear","11":"product_tag-helix","12":"product_tag-labret","13":"product_tag-lobe","14":"product_tag-lobulo","15":"product_tag-medusa","16":"product_tag-microdermal","17":"product_tag-oreja","18":"product_tag-perforacion","19":"product_tag-philtrum","20":"product_tag-piercing","21":"product_tag-tragus","23":"first","24":"instock","25":"taxable","26":"shipping-taxable","27":"purchasable","28":"product-type-simple"},"acf":[],"gallery_images":[27904,27905],"_links":{"self":[{"href":"https:\/\/tremunpiercing.com\/sk\/wp-json\/wp\/v2\/product\/13523","targetHints":{"allow":["GET"]}}],"collection":[{"href":"https:\/\/tremunpiercing.com\/sk\/wp-json\/wp\/v2\/product"}],"about":[{"href":"https:\/\/tremunpiercing.com\/sk\/wp-json\/wp\/v2\/types\/product"}],"replies":[{"embeddable":true,"href":"https:\/\/tremunpiercing.com\/sk\/wp-json\/wp\/v2\/comments?post=13523"}],"version-history":[{"count":1,"href":"https:\/\/tremunpiercing.com\/sk\/wp-json\/wp\/v2\/product\/13523\/revisions"}],"predecessor-version":[{"id":27908,"href":"https:\/\/tremunpiercing.com\/sk\/wp-json\/wp\/v2\/product\/13523\/revisions\/27908"}],"wp:featuredmedia":[{"embeddable":true,"href":"https:\/\/tremunpiercing.com\/sk\/wp-json\/wp\/v2\/media\/16460"}],"wp:attachment":[{"href":"https:\/\/tremunpiercing.com\/sk\/wp-json\/wp\/v2\/media?parent=13523"}],"wp:term":[{"taxonomy":"product_brand","embeddable":true,"href":"https:\/\/tremunpiercing.com\/sk\/wp-json\/wp\/v2\/product_brand?post=13523"},{"taxonomy":"product_cat","embeddable":true,"href":"https:\/\/tremunpiercing.com\/sk\/wp-json\/wp\/v2\/product_cat?post=13523"},{"taxonomy":"product_tag","embeddable":true,"href":"https:\/\/tremunpiercing.com\/sk\/wp-json\/wp\/v2\/product_tag?post=13523"}],"curies":[{"name":"wp","href":"https:\/\/api.w.org\/{rel}","templated":true}]}}