{"id":13525,"date":"2025-02-06T17:43:04","date_gmt":"2025-02-06T16:43:04","guid":{"rendered":"https:\/\/tremunpiercing.com\/?post_type=product&#038;p=13525"},"modified":"2026-03-29T20:29:17","modified_gmt":"2026-03-29T19:29:17","slug":"cluster-black-cz","status":"publish","type":"product","link":"https:\/\/tremunpiercing.com\/sk\/product\/cluster-black-cz\/","title":{"rendered":"Cluster Black CZ"},"content":{"rendered":"<p data-start=\"3614\" data-end=\"4557\">Cluster Black CZ pon\u00faka profesion\u00e1lom v oblasti piercingu elegantn\u00fd, drsn\u00fd dizajn vytvoren\u00fd s oh\u013eadom na bezpe\u010dnos\u0165. Tento cluster s vn\u00fatorn\u00fdm z\u00e1vitom, vyroben\u00fd z tit\u00e1nu F-136 implant\u00e1tovej kvality, zaru\u010duje hypoalerg\u00e9nne nosenie a dlhodob\u00fa odolnos\u0165. Odv\u00e1\u017eny 4 mm kubick\u00fd zirk\u00f3n v \u010diernej farbe vytv\u00e1ra v\u00fdrazn\u00fd kontrast, v\u010faka \u010domu je ob\u013e\u00faben\u00fd na piercing do u\u0161\u00ed, pier a chrupaviek. S hmotnos\u0165ou 16G je tento cluster ide\u00e1lny pre profesion\u00e1lne nastavenia, \u010do zaru\u010duje kompatibilitu vo v\u0161etk\u00fdch piercingov\u00fdch \u0161t\u00fadi\u00e1ch a tetovac\u00edch sal\u00f3noch.<\/p>\n<p>&nbsp;<\/p>","protected":false},"excerpt":{"rendered":"<ul>\n<li>Vn\u00fatorn\u00e9 z\u00e1vity<\/li>\n<li>Materi\u00e1l: F-136<\/li>\n<li>Ve\u013ekosti drahokamov: 4 mm, 3 mm a 2 mm<\/li>\n<li>Meradlo: 14G<\/li>\n<li>Drahokam: Kubick\u00fd zirk\u00f3n<\/li>\n<\/ul>","protected":false},"featured_media":13826,"comment_status":"closed","ping_status":"closed","template":"","meta":{"_acf_changed":false},"product_brand":[],"product_cat":[340,343],"product_tag":[225,187,179,180,188,189,190,200,183,184,185],"class_list":{"0":"post-13525","1":"product","2":"type-product","3":"status-publish","4":"has-post-thumbnail","6":"product_cat-titanium-jewelry","7":"product_cat-tops-titanium-jewelry","8":"product_tag-cluster","9":"product_tag-conch","10":"product_tag-cristal","11":"product_tag-cz","12":"product_tag-ear","13":"product_tag-helix","14":"product_tag-oreja","15":"product_tag-ornamental","16":"product_tag-perforacion","17":"product_tag-piercing","18":"product_tag-shiny","20":"first","21":"instock","22":"taxable","23":"shipping-taxable","24":"purchasable","25":"product-type-simple"},"acf":[],"gallery_images":[27898,27899],"_links":{"self":[{"href":"https:\/\/tremunpiercing.com\/sk\/wp-json\/wp\/v2\/product\/13525","targetHints":{"allow":["GET"]}}],"collection":[{"href":"https:\/\/tremunpiercing.com\/sk\/wp-json\/wp\/v2\/product"}],"about":[{"href":"https:\/\/tremunpiercing.com\/sk\/wp-json\/wp\/v2\/types\/product"}],"replies":[{"embeddable":true,"href":"https:\/\/tremunpiercing.com\/sk\/wp-json\/wp\/v2\/comments?post=13525"}],"version-history":[{"count":1,"href":"https:\/\/tremunpiercing.com\/sk\/wp-json\/wp\/v2\/product\/13525\/revisions"}],"predecessor-version":[{"id":27901,"href":"https:\/\/tremunpiercing.com\/sk\/wp-json\/wp\/v2\/product\/13525\/revisions\/27901"}],"wp:featuredmedia":[{"embeddable":true,"href":"https:\/\/tremunpiercing.com\/sk\/wp-json\/wp\/v2\/media\/13826"}],"wp:attachment":[{"href":"https:\/\/tremunpiercing.com\/sk\/wp-json\/wp\/v2\/media?parent=13525"}],"wp:term":[{"taxonomy":"product_brand","embeddable":true,"href":"https:\/\/tremunpiercing.com\/sk\/wp-json\/wp\/v2\/product_brand?post=13525"},{"taxonomy":"product_cat","embeddable":true,"href":"https:\/\/tremunpiercing.com\/sk\/wp-json\/wp\/v2\/product_cat?post=13525"},{"taxonomy":"product_tag","embeddable":true,"href":"https:\/\/tremunpiercing.com\/sk\/wp-json\/wp\/v2\/product_tag?post=13525"}],"curies":[{"name":"wp","href":"https:\/\/api.w.org\/{rel}","templated":true}]}}