{"id":13526,"date":"2025-02-06T17:49:56","date_gmt":"2025-02-06T16:49:56","guid":{"rendered":"https:\/\/tremunpiercing.com\/?post_type=product&#038;p=13526"},"modified":"2026-03-29T20:29:18","modified_gmt":"2026-03-29T19:29:18","slug":"cluster-amethyst-cz","status":"publish","type":"product","link":"https:\/\/tremunpiercing.com\/sk\/product\/cluster-amethyst-cz\/","title":{"rendered":"Klaster Ametyst CZ"},"content":{"rendered":"<p>Cluster Amethyst CZ pon\u00faka odv\u00e1\u017eny a luxusn\u00fd vzh\u013ead s komfortom profesion\u00e1lnej bezpe\u010dnosti. Cluster s vn\u00fatorn\u00fdm z\u00e1vitom 14G je vyroben\u00fd z implant\u00e1tovej triedy tit\u00e1nu F-136 pre pevnos\u0165, hypoalerg\u00e9nny komfort a dlhotrvaj\u00faci lesk. Cluster Amethyst CZ je nabit\u00fd kubick\u00fdmi zirk\u00f3nmi s ve\u013ekos\u0165ou 4 mm, 3 mm a 2 mm, ktor\u00e9 maj\u00fa \u017eiariv\u00fd p\u00e1v\u00ed fialov\u00fd t\u00f3n ametystu. Tento \u0161t\u00fdl je ve\u013emi vhodn\u00fd pre klientov, ktor\u00ed maj\u00fa radi jedine\u010dn\u00e9 a sebav\u00fdrazn\u00e9 piercingov\u00e9 \u0161perky.<\/p>\n<p>Tento \u0161perk je ide\u00e1lny na piercing u\u0161\u00ed, piercing pier a chrupaviek a je najpred\u00e1vanej\u0161\u00ed u dod\u00e1vate\u013eov piercingov\u00fdch \u0161perkov a distrib\u00fatorov \u0161perkov na telo na celom svete. Ametystov\u00fd zhluk CZ sa bude hodi\u0165 do v\u00e1\u0161ho katal\u00f3gu. Je bezpe\u010dn\u00fd, \u0161t\u00fdlov\u00fd a navrhnut\u00fd s oh\u013eadom na hromadn\u00e9 objedn\u00e1vky a je dobrou vo\u013ebou pre profesion\u00e1lne piercingov\u00e9 obchody a tetovacie \u0161t\u00fadi\u00e1.<\/p>\n<p>&nbsp;<\/p>","protected":false},"excerpt":{"rendered":"<ul>\n<li>Vn\u00fatorn\u00e9 z\u00e1vity<\/li>\n<li>Materi\u00e1l: F-136<\/li>\n<li>Ve\u013ekosti drahokamov: 4 mm, 3 mm a 2 mm<\/li>\n<li>Meradlo: 14G<\/li>\n<li>Drahokam: Kubick\u00fd zirk\u00f3n<\/li>\n<\/ul>","protected":false},"featured_media":13824,"comment_status":"closed","ping_status":"closed","template":"","meta":{"_acf_changed":false},"product_brand":[],"product_cat":[340,343],"product_tag":[225,187,179,180,188,189,190,200,183,184,185],"class_list":{"0":"post-13526","1":"product","2":"type-product","3":"status-publish","4":"has-post-thumbnail","6":"product_cat-titanium-jewelry","7":"product_cat-tops-titanium-jewelry","8":"product_tag-cluster","9":"product_tag-conch","10":"product_tag-cristal","11":"product_tag-cz","12":"product_tag-ear","13":"product_tag-helix","14":"product_tag-oreja","15":"product_tag-ornamental","16":"product_tag-perforacion","17":"product_tag-piercing","18":"product_tag-shiny","20":"first","21":"instock","22":"taxable","23":"shipping-taxable","24":"purchasable","25":"product-type-simple"},"acf":[],"gallery_images":[27896,27897],"_links":{"self":[{"href":"https:\/\/tremunpiercing.com\/sk\/wp-json\/wp\/v2\/product\/13526","targetHints":{"allow":["GET"]}}],"collection":[{"href":"https:\/\/tremunpiercing.com\/sk\/wp-json\/wp\/v2\/product"}],"about":[{"href":"https:\/\/tremunpiercing.com\/sk\/wp-json\/wp\/v2\/types\/product"}],"replies":[{"embeddable":true,"href":"https:\/\/tremunpiercing.com\/sk\/wp-json\/wp\/v2\/comments?post=13526"}],"version-history":[{"count":1,"href":"https:\/\/tremunpiercing.com\/sk\/wp-json\/wp\/v2\/product\/13526\/revisions"}],"predecessor-version":[{"id":27900,"href":"https:\/\/tremunpiercing.com\/sk\/wp-json\/wp\/v2\/product\/13526\/revisions\/27900"}],"wp:featuredmedia":[{"embeddable":true,"href":"https:\/\/tremunpiercing.com\/sk\/wp-json\/wp\/v2\/media\/13824"}],"wp:attachment":[{"href":"https:\/\/tremunpiercing.com\/sk\/wp-json\/wp\/v2\/media?parent=13526"}],"wp:term":[{"taxonomy":"product_brand","embeddable":true,"href":"https:\/\/tremunpiercing.com\/sk\/wp-json\/wp\/v2\/product_brand?post=13526"},{"taxonomy":"product_cat","embeddable":true,"href":"https:\/\/tremunpiercing.com\/sk\/wp-json\/wp\/v2\/product_cat?post=13526"},{"taxonomy":"product_tag","embeddable":true,"href":"https:\/\/tremunpiercing.com\/sk\/wp-json\/wp\/v2\/product_tag?post=13526"}],"curies":[{"name":"wp","href":"https:\/\/api.w.org\/{rel}","templated":true}]}}