{"id":13527,"date":"2025-02-06T17:52:12","date_gmt":"2025-02-06T16:52:12","guid":{"rendered":"https:\/\/tremunpiercing.com\/?post_type=product&#038;p=13527"},"modified":"2026-04-21T12:33:16","modified_gmt":"2026-04-21T11:33:16","slug":"cluster-pink-cz","status":"publish","type":"product","link":"https:\/\/tremunpiercing.com\/sk\/product\/cluster-pink-cz\/","title":{"rendered":"Klaster ru\u017eov\u00fd CZ"},"content":{"rendered":"<p>Pink Cluster CZ je nevyhnutn\u00fdm doplnkom pre \u0161t\u00fadi\u00e1 a tetovacie sal\u00f3ny, ktor\u00e9 chc\u00fa ma\u0165 na svojom konte z\u00e1bavn\u00e9, ale spr\u00e1vne vyroben\u00e9 \u0161perky. Tento \u0161perk s vn\u00fatorn\u00fdm z\u00e1vitom, vyroben\u00fd z implant\u00e1tovej triedy tit\u00e1nu F-136, je zaru\u010dene hypoalerg\u00e9nny, tak\u017ee je ur\u010den\u00fd pre pou\u017e\u00edvate\u013ea s citlivou poko\u017ekou, ktor\u00fd m\u00f4\u017ee nosi\u0165 \u0161perky, ktor\u00e9 s\u00fa bezpe\u010dn\u00e9. N\u00e1\u0161 klaster 14G sa sklad\u00e1 z troch zirk\u00f3nov\u00fdch kame\u0148ov s ve\u013ekos\u0165ou 4 mm, 3 mm a 2 mm a m\u00e1 jemn\u00fd ru\u017eov\u00fd odlesk, ktor\u00fd evokuje s\u00fa\u010dasn\u00fa \u017eenskos\u0165 tohto \u0161perku na prepichnutie ucha, pery alebo chrupavky. Zameriavame sa na funk\u010dnos\u0165, ale prioritou je aj kr\u00e1sa. Tento ru\u017eov\u00fd zhluk CZ je skvel\u00fdm doplnkom va\u0161ich ve\u013ekoobchodn\u00fdch objedn\u00e1vok piercingov\u00fdch \u0161perkov!<\/p>\n<p>&nbsp;<\/p>","protected":false},"excerpt":{"rendered":"<ul>\n<li>Vn\u00fatorn\u00e9 z\u00e1vity<\/li>\n<li>Materi\u00e1l: F-136<\/li>\n<li>Ve\u013ekosti drahokamov: 4 mm, 3 mm a 2 mm<\/li>\n<li>Meradlo: 14G<\/li>\n<li>Drahokam: Kubick\u00fd zirk\u00f3n<\/li>\n<\/ul>","protected":false},"featured_media":13822,"comment_status":"closed","ping_status":"closed","template":"","meta":{"_acf_changed":false},"product_brand":[],"product_cat":[340,343],"product_tag":[225,187,179,180,188,189,190,200,183,184,185],"class_list":{"0":"post-13527","1":"product","2":"type-product","3":"status-publish","4":"has-post-thumbnail","6":"product_cat-titanium-jewelry","7":"product_cat-tops-titanium-jewelry","8":"product_tag-cluster","9":"product_tag-conch","10":"product_tag-cristal","11":"product_tag-cz","12":"product_tag-ear","13":"product_tag-helix","14":"product_tag-oreja","15":"product_tag-ornamental","16":"product_tag-perforacion","17":"product_tag-piercing","18":"product_tag-shiny","20":"first","21":"instock","22":"taxable","23":"shipping-taxable","24":"purchasable","25":"product-type-simple"},"acf":[],"gallery_images":[27887,27888],"_links":{"self":[{"href":"https:\/\/tremunpiercing.com\/sk\/wp-json\/wp\/v2\/product\/13527","targetHints":{"allow":["GET"]}}],"collection":[{"href":"https:\/\/tremunpiercing.com\/sk\/wp-json\/wp\/v2\/product"}],"about":[{"href":"https:\/\/tremunpiercing.com\/sk\/wp-json\/wp\/v2\/types\/product"}],"replies":[{"embeddable":true,"href":"https:\/\/tremunpiercing.com\/sk\/wp-json\/wp\/v2\/comments?post=13527"}],"version-history":[{"count":1,"href":"https:\/\/tremunpiercing.com\/sk\/wp-json\/wp\/v2\/product\/13527\/revisions"}],"predecessor-version":[{"id":27893,"href":"https:\/\/tremunpiercing.com\/sk\/wp-json\/wp\/v2\/product\/13527\/revisions\/27893"}],"wp:featuredmedia":[{"embeddable":true,"href":"https:\/\/tremunpiercing.com\/sk\/wp-json\/wp\/v2\/media\/13822"}],"wp:attachment":[{"href":"https:\/\/tremunpiercing.com\/sk\/wp-json\/wp\/v2\/media?parent=13527"}],"wp:term":[{"taxonomy":"product_brand","embeddable":true,"href":"https:\/\/tremunpiercing.com\/sk\/wp-json\/wp\/v2\/product_brand?post=13527"},{"taxonomy":"product_cat","embeddable":true,"href":"https:\/\/tremunpiercing.com\/sk\/wp-json\/wp\/v2\/product_cat?post=13527"},{"taxonomy":"product_tag","embeddable":true,"href":"https:\/\/tremunpiercing.com\/sk\/wp-json\/wp\/v2\/product_tag?post=13527"}],"curies":[{"name":"wp","href":"https:\/\/api.w.org\/{rel}","templated":true}]}}