{"id":13531,"date":"2025-02-06T18:16:49","date_gmt":"2025-02-06T17:16:49","guid":{"rendered":"https:\/\/tremunpiercing.com\/?post_type=product&#038;p=13531"},"modified":"2026-03-30T18:33:16","modified_gmt":"2026-03-30T17:33:16","slug":"cluster-topaz-blue-cz","status":"publish","type":"product","link":"https:\/\/tremunpiercing.com\/sk\/product\/cluster-topaz-blue-cz\/","title":{"rendered":"Cluster Topaz Blue CZ"},"content":{"rendered":"<p>Pridajte do svojej zbierky z\u00e1bavn\u00fd farebn\u00fd pop s modr\u00fdm kry\u0161t\u00e1lom Cluster Topaz Blue CZ! Tento \u0161perk s vn\u00fatorn\u00fdm z\u00e1vitom je vyroben\u00fd z tit\u00e1nu implant\u00e1tovej kvality F-136 a vyzna\u010duje sa kvalitou, pevnos\u0165ou, bezpe\u010dnos\u0165ou a profesion\u00e1lne vyle\u0161ten\u00fdm vzh\u013eadom. Sada troch zirk\u00f3nov\u00fdch kamienkov (4 mm, 3 mm a 2 mm) v top\u00e1sovo modrej farbe vynikne v prepichnut\u00fdch u\u0161iach, per\u00e1ch a chrupavk\u00e1ch kdeko\u013evek, kde si k\u00fapite piercingov\u00fd \u0161perk online. Tento \u0161perk je hypoalerg\u00e9nny a ve\u013emi \u013eahk\u00fd, preto ho vo svojich predajniach pou\u017e\u00edvaj\u00fa dod\u00e1vatelia piercingov\u00fdch \u0161perkov a tetovacie \u0161t\u00fadi\u00e1 na celom svete vr\u00e1tane profesion\u00e1lnych piercerov.<\/p>\n<p>14g polo\u017eka poskytuje profesion\u00e1lnym piercerom mo\u017enos\u0165, ktor\u00fa m\u00f4\u017eu pou\u017ei\u0165 a poskytn\u00fa\u0165 ka\u017ed\u00e9mu z\u00e1kazn\u00edkovi. Dod\u00e1vatelia \u0161perkov na telo a piercingov\u00e9 obchody, ktor\u00e9 objedn\u00e1vaj\u00fa vo ve\u013ekom, si ho m\u00f4\u017eu prida\u0165 do svojej zbierky! Ide\u00e1lne pre spotrebite\u013eov, ktor\u00ed chc\u00fa nakupova\u0165 piercingov\u00e9 \u0161perky online; pridajte si ho do ko\u0161\u00edka, urobte si pr\u00edslu\u0161n\u00e9 z\u00e1soby a nakupujte s d\u00f4verou.<\/p>\n<p>&nbsp;<\/p>","protected":false},"excerpt":{"rendered":"<ul>\n<li>Vn\u00fatorn\u00e9 z\u00e1vity<\/li>\n<li>Materi\u00e1l: F-136<\/li>\n<li>Ve\u013ekosti drahokamov: 4 mm, 3 mm a 2 mm<\/li>\n<li>Meradlo: 14G<\/li>\n<li>Drahokam: Kubick\u00fd zirk\u00f3n<\/li>\n<\/ul>","protected":false},"featured_media":13814,"comment_status":"closed","ping_status":"closed","template":"","meta":{"_acf_changed":false},"product_brand":[],"product_cat":[340,343],"product_tag":[225,187,179,180,188,189,190,200,183,184,185],"class_list":{"0":"post-13531","1":"product","2":"type-product","3":"status-publish","4":"has-post-thumbnail","6":"product_cat-titanium-jewelry","7":"product_cat-tops-titanium-jewelry","8":"product_tag-cluster","9":"product_tag-conch","10":"product_tag-cristal","11":"product_tag-cz","12":"product_tag-ear","13":"product_tag-helix","14":"product_tag-oreja","15":"product_tag-ornamental","16":"product_tag-perforacion","17":"product_tag-piercing","18":"product_tag-shiny","20":"first","21":"instock","22":"taxable","23":"shipping-taxable","24":"purchasable","25":"product-type-simple"},"acf":[],"gallery_images":[27881,27882],"_links":{"self":[{"href":"https:\/\/tremunpiercing.com\/sk\/wp-json\/wp\/v2\/product\/13531","targetHints":{"allow":["GET"]}}],"collection":[{"href":"https:\/\/tremunpiercing.com\/sk\/wp-json\/wp\/v2\/product"}],"about":[{"href":"https:\/\/tremunpiercing.com\/sk\/wp-json\/wp\/v2\/types\/product"}],"replies":[{"embeddable":true,"href":"https:\/\/tremunpiercing.com\/sk\/wp-json\/wp\/v2\/comments?post=13531"}],"version-history":[{"count":1,"href":"https:\/\/tremunpiercing.com\/sk\/wp-json\/wp\/v2\/product\/13531\/revisions"}],"predecessor-version":[{"id":27885,"href":"https:\/\/tremunpiercing.com\/sk\/wp-json\/wp\/v2\/product\/13531\/revisions\/27885"}],"wp:featuredmedia":[{"embeddable":true,"href":"https:\/\/tremunpiercing.com\/sk\/wp-json\/wp\/v2\/media\/13814"}],"wp:attachment":[{"href":"https:\/\/tremunpiercing.com\/sk\/wp-json\/wp\/v2\/media?parent=13531"}],"wp:term":[{"taxonomy":"product_brand","embeddable":true,"href":"https:\/\/tremunpiercing.com\/sk\/wp-json\/wp\/v2\/product_brand?post=13531"},{"taxonomy":"product_cat","embeddable":true,"href":"https:\/\/tremunpiercing.com\/sk\/wp-json\/wp\/v2\/product_cat?post=13531"},{"taxonomy":"product_tag","embeddable":true,"href":"https:\/\/tremunpiercing.com\/sk\/wp-json\/wp\/v2\/product_tag?post=13531"}],"curies":[{"name":"wp","href":"https:\/\/api.w.org\/{rel}","templated":true}]}}