{"id":13606,"date":"2025-02-07T17:19:51","date_gmt":"2025-02-07T16:19:51","guid":{"rendered":"https:\/\/tremunpiercing.com\/?post_type=product&#038;p=13606"},"modified":"2026-04-20T17:28:09","modified_gmt":"2026-04-20T16:28:09","slug":"marquise-5-green-onyx","status":"publish","type":"product","link":"https:\/\/tremunpiercing.com\/sk\/product\/marquise-5-green-onyx\/","title":{"rendered":"Marquise 5 zelen\u00fd \u00f3nyx"},"content":{"rendered":"<p>Top Marquise 5 Green Onyx je ur\u010den\u00fd pre \u013eud\u00ed s piercingom, ktor\u00ed chc\u00fa by\u0165 n\u00e1padn\u00ed. Tento top je vyroben\u00fd z tit\u00e1nu implant\u00e1tovej kvality (F-136); je mimoriadne bezpe\u010dn\u00fd, odoln\u00fd a vhodn\u00fd pre citliv\u00fa poko\u017eku. Marquise 5 Green Onyx Top je 16G, 7 mm x 5 mm, s vn\u00fatorn\u00fdm z\u00e1vitom H, s piatimi marquise ru\u010dne br\u00fasen\u00fdmi kame\u0148mi zelen\u00e9ho \u00f3nyxu zasaden\u00fdmi do plynul\u00e9ho zhluku. Tento \u0161t\u00fdl osaden\u00fd odv\u00e1\u017enym zhlukom piatich kame\u0148ov vynik\u00e1 a je pln\u00fd elegancie.<\/p>\n<p>Tento \u0161t\u00fdl sa odpor\u00fa\u010da pre piercingy v u\u0161iach, ako je \u0161pir\u00e1la, koncha alebo lalok, \u013eahko sa nos\u00ed a dod\u00e1va prirodzen\u00fa sofistikovanos\u0165. Navliekanie je maxim\u00e1lne hladk\u00e9 a zaru\u010duje vynikaj\u00facu bezpe\u010dnos\u0165 a pohodlie. Ide v podstate o kr\u00e1sne detaily s drahokamami na implantovate\u013enom titule. Marquise 5 Green Onyx Top si zasl\u00fa\u017ei patri\u0165 do ka\u017edej zbierky piercingov, ktor\u00e1 to mysl\u00ed so \u0161t\u00fdlom a lep\u0161ou kvalitou \u017eivota v\u00e1\u017ene.<\/p>","protected":false},"excerpt":{"rendered":"<ul>\n<li>Vn\u00fatorn\u00e9 z\u00e1vity<\/li>\n<li>Materi\u00e1l: F-136<\/li>\n<li>Ve\u013ekos\u0165: 8,8 mm<\/li>\n<li>Meradlo: 16G<\/li>\n<li>Drahokam: Zelen\u00fd onyx<\/li>\n<\/ul>","protected":false},"featured_media":13869,"comment_status":"closed","ping_status":"closed","template":"","meta":{"_acf_changed":false},"product_brand":[],"product_cat":[340,343],"product_tag":[225,187,179,180,188,189,239,190,183,184,185],"class_list":{"0":"post-13606","1":"product","2":"type-product","3":"status-publish","4":"has-post-thumbnail","6":"product_cat-titanium-jewelry","7":"product_cat-tops-titanium-jewelry","8":"product_tag-cluster","9":"product_tag-conch","10":"product_tag-cristal","11":"product_tag-cz","12":"product_tag-ear","13":"product_tag-helix","14":"product_tag-marquise","15":"product_tag-oreja","16":"product_tag-perforacion","17":"product_tag-piercing","18":"product_tag-shiny","20":"first","21":"instock","22":"taxable","23":"shipping-taxable","24":"purchasable","25":"product-type-simple"},"acf":[],"gallery_images":[27837,27836],"_links":{"self":[{"href":"https:\/\/tremunpiercing.com\/sk\/wp-json\/wp\/v2\/product\/13606","targetHints":{"allow":["GET"]}}],"collection":[{"href":"https:\/\/tremunpiercing.com\/sk\/wp-json\/wp\/v2\/product"}],"about":[{"href":"https:\/\/tremunpiercing.com\/sk\/wp-json\/wp\/v2\/types\/product"}],"replies":[{"embeddable":true,"href":"https:\/\/tremunpiercing.com\/sk\/wp-json\/wp\/v2\/comments?post=13606"}],"version-history":[{"count":1,"href":"https:\/\/tremunpiercing.com\/sk\/wp-json\/wp\/v2\/product\/13606\/revisions"}],"predecessor-version":[{"id":27840,"href":"https:\/\/tremunpiercing.com\/sk\/wp-json\/wp\/v2\/product\/13606\/revisions\/27840"}],"wp:featuredmedia":[{"embeddable":true,"href":"https:\/\/tremunpiercing.com\/sk\/wp-json\/wp\/v2\/media\/13869"}],"wp:attachment":[{"href":"https:\/\/tremunpiercing.com\/sk\/wp-json\/wp\/v2\/media?parent=13606"}],"wp:term":[{"taxonomy":"product_brand","embeddable":true,"href":"https:\/\/tremunpiercing.com\/sk\/wp-json\/wp\/v2\/product_brand?post=13606"},{"taxonomy":"product_cat","embeddable":true,"href":"https:\/\/tremunpiercing.com\/sk\/wp-json\/wp\/v2\/product_cat?post=13606"},{"taxonomy":"product_tag","embeddable":true,"href":"https:\/\/tremunpiercing.com\/sk\/wp-json\/wp\/v2\/product_tag?post=13606"}],"curies":[{"name":"wp","href":"https:\/\/api.w.org\/{rel}","templated":true}]}}