{"id":13608,"date":"2025-02-07T17:24:09","date_gmt":"2025-02-07T16:24:09","guid":{"rendered":"https:\/\/tremunpiercing.com\/?post_type=product&#038;p=13608"},"modified":"2026-04-09T12:49:18","modified_gmt":"2026-04-09T11:49:18","slug":"marquise-3-green-onyx","status":"publish","type":"product","link":"https:\/\/tremunpiercing.com\/sk\/product\/marquise-3-green-onyx\/","title":{"rendered":"Marquise 3 zelen\u00fd \u00f3nyx"},"content":{"rendered":"<p>Vrchn\u00e1k Marquise 3 Green Onyx je stelesnen\u00edm elegancie a kvalitn\u00e9ho remeseln\u00e9ho spracovania. Tento top vyroben\u00fd z tit\u00e1nu implant\u00e1tovej kvality (F-136) je hypoalerg\u00e9nny a odoln\u00fd vo\u010di dechtovaniu, \u010do znamen\u00e1, \u017ee je bezpe\u010dn\u00fd a odoln\u00fd. Tento top s vn\u00fatorn\u00fdm z\u00e1vitom je navrhnut\u00fd pre ve\u013ekos\u0165 16G a obsahuje tri marquise-br\u00fasen\u00e9 zelen\u00e9 onyxov\u00e9 kamene v kr\u00e1snom zoskupen\u00ed, ktor\u00e9 boli odborne osaden\u00e9, aby vynikla ich hlbok\u00e1 pr\u00edrodn\u00e1 farba. Ka\u017ed\u00fd kame\u0148 meria pribli\u017ene 10 mm a prin\u00e1\u0161a jemn\u00fa, pr\u00edrodou in\u0161pirovan\u00fa estetiku do va\u0161ich u\u0161\u00ed alebo tv\u00e1rov\u00fdch piercingov.<\/p>\n<p>Bezpe\u010dn\u00fd syst\u00e9m navliekania umo\u017e\u0148uje jednoduch\u00e9 umiestnenie bez podr\u00e1\u017edenia, \u010do z neho rob\u00ed fantastick\u00fa vo\u013ebu pre profesion\u00e1lnych piercerov! Marquise 3 Green Onyx Top je univerz\u00e1lny k\u00fasok organickej kr\u00e1sy so v\u0161etk\u00fdm kvalitn\u00fdm luxusom pr\u00e9miov\u00fdch telov\u00fdch \u0161perkov!<\/p>","protected":false},"excerpt":{"rendered":"<ul>\n<li>Vn\u00fatorn\u00e9 z\u00e1vity<\/li>\n<li>Materi\u00e1l: F-136<\/li>\n<li>Drahokam: Zelen\u00fd onyx<\/li>\n<li>Meradlo: 16G<\/li>\n<li>Ve\u013ekos\u0165: 7 mm x 5 mm<\/li>\n<\/ul>","protected":false},"featured_media":15173,"comment_status":"closed","ping_status":"closed","template":"","meta":{"_acf_changed":false},"product_brand":[],"product_cat":[343],"product_tag":[187,188,189,205,206,212,190,183,213,184,207],"class_list":{"0":"post-13608","1":"product","2":"type-product","3":"status-publish","4":"has-post-thumbnail","6":"product_cat-tops-titanium-jewelry","7":"product_tag-conch","8":"product_tag-ear","9":"product_tag-helix","10":"product_tag-lobe","11":"product_tag-lobulo","12":"product_tag-medusa","13":"product_tag-oreja","14":"product_tag-perforacion","15":"product_tag-philtrum","16":"product_tag-piercing","17":"product_tag-tragus","19":"first","20":"instock","21":"taxable","22":"shipping-taxable","23":"purchasable","24":"product-type-simple"},"acf":[],"gallery_images":[27831,27830],"_links":{"self":[{"href":"https:\/\/tremunpiercing.com\/sk\/wp-json\/wp\/v2\/product\/13608","targetHints":{"allow":["GET"]}}],"collection":[{"href":"https:\/\/tremunpiercing.com\/sk\/wp-json\/wp\/v2\/product"}],"about":[{"href":"https:\/\/tremunpiercing.com\/sk\/wp-json\/wp\/v2\/types\/product"}],"replies":[{"embeddable":true,"href":"https:\/\/tremunpiercing.com\/sk\/wp-json\/wp\/v2\/comments?post=13608"}],"version-history":[{"count":1,"href":"https:\/\/tremunpiercing.com\/sk\/wp-json\/wp\/v2\/product\/13608\/revisions"}],"predecessor-version":[{"id":27834,"href":"https:\/\/tremunpiercing.com\/sk\/wp-json\/wp\/v2\/product\/13608\/revisions\/27834"}],"wp:featuredmedia":[{"embeddable":true,"href":"https:\/\/tremunpiercing.com\/sk\/wp-json\/wp\/v2\/media\/15173"}],"wp:attachment":[{"href":"https:\/\/tremunpiercing.com\/sk\/wp-json\/wp\/v2\/media?parent=13608"}],"wp:term":[{"taxonomy":"product_brand","embeddable":true,"href":"https:\/\/tremunpiercing.com\/sk\/wp-json\/wp\/v2\/product_brand?post=13608"},{"taxonomy":"product_cat","embeddable":true,"href":"https:\/\/tremunpiercing.com\/sk\/wp-json\/wp\/v2\/product_cat?post=13608"},{"taxonomy":"product_tag","embeddable":true,"href":"https:\/\/tremunpiercing.com\/sk\/wp-json\/wp\/v2\/product_tag?post=13608"}],"curies":[{"name":"wp","href":"https:\/\/api.w.org\/{rel}","templated":true}]}}