{"id":13612,"date":"2025-02-07T17:30:48","date_gmt":"2025-02-07T16:30:48","guid":{"rendered":"https:\/\/tremunpiercing.com\/?post_type=product&#038;p=13612"},"modified":"2026-04-20T12:16:38","modified_gmt":"2026-04-20T11:16:38","slug":"michelle","status":"publish","type":"product","link":"https:\/\/tremunpiercing.com\/sk\/product\/michelle\/","title":{"rendered":"Michelle"},"content":{"rendered":"<p>Vrchn\u00e1k s vn\u00fatorn\u00fdm z\u00e1vitom Michelle je vyroben\u00fd z tit\u00e1nu implant\u00e1tovej kvality F-136, tak\u017ee si m\u00f4\u017eete by\u0165 ist\u00ed bezpe\u010dnos\u0165ou a pevnos\u0165ou spolu s dlhotrvaj\u00facim leskom. Top Michelle s ve\u013ekos\u0165ou 16G je vybaven\u00fd \u00fa\u017easn\u00fdm 10 mm zirk\u00f3nov\u00fdm kame\u0148om; v\u010faka jeho \u010dist\u00e9mu lesku si ho nemo\u017eno pom\u00fdli\u0165 s ni\u010d\u00edm in\u00fdm. V uchu, nose alebo v ko\u017enom piercingu vyzer\u00e1 fenomen\u00e1lne. M\u00e1 vn\u00fatorn\u00fd z\u00e1vit, hladk\u00e9 uchytenie, tak\u017ee pri umiestnen\u00ed nevznik\u00e1 ni\u010d ob\u0165a\u017euj\u00face ani dr\u00e1\u017ediv\u00e9. Svetlo, ktor\u00e9 odr\u00e1\u017ea, je nebesk\u00e9 v\u010faka jeho potiahnut\u00e9mu briliantov\u00e9mu v\u00fdbrusu a lesku, ktor\u00fd by nestratil svoj lesk bez oh\u013eadu na to, ko\u013ekokr\u00e1t ho budete nosi\u0165, a hodil by sa na ka\u017ed\u00fd de\u0148 alebo na \u0161peci\u00e1lnu pr\u00edle\u017eitos\u0165. Michelle Top je odoln\u00fd, hypoalerg\u00e9nny a \u0161t\u00fdlov\u00fd, rovnako ako ka\u017ed\u00fd in\u00fd \u0161perk na telo, ktor\u00fd nosia va\u0161i profesion\u00e1li alebo chc\u00fa klienti.<\/p>","protected":false},"excerpt":{"rendered":"<ul>\n<li>Vn\u00fatorn\u00e9 z\u00e1vity<\/li>\n<li>Materi\u00e1l: F-136<\/li>\n<li>Meradlo: 16G<\/li>\n<li>Drahokam: Kubick\u00fd zirk\u00f3n<\/li>\n<li>Ve\u013ekos\u0165 drahokamu: 10 mm<\/li>\n<\/ul>","protected":false},"featured_media":16456,"comment_status":"closed","ping_status":"closed","template":"","meta":{"_acf_changed":false},"product_brand":[],"product_cat":[340,343],"product_tag":[187,220,188,189,210,205,206,212,222,190,183,213,184,207],"class_list":{"0":"post-13612","1":"product","2":"type-product","3":"status-publish","4":"has-post-thumbnail","6":"product_cat-titanium-jewelry","7":"product_cat-tops-titanium-jewelry","8":"product_tag-conch","9":"product_tag-dermal","10":"product_tag-ear","11":"product_tag-helix","12":"product_tag-labret","13":"product_tag-lobe","14":"product_tag-lobulo","15":"product_tag-medusa","16":"product_tag-microdermal","17":"product_tag-oreja","18":"product_tag-perforacion","19":"product_tag-philtrum","20":"product_tag-piercing","21":"product_tag-tragus","23":"first","24":"instock","25":"taxable","26":"shipping-taxable","27":"purchasable","28":"product-type-simple"},"acf":[],"gallery_images":[27825,27826],"_links":{"self":[{"href":"https:\/\/tremunpiercing.com\/sk\/wp-json\/wp\/v2\/product\/13612","targetHints":{"allow":["GET"]}}],"collection":[{"href":"https:\/\/tremunpiercing.com\/sk\/wp-json\/wp\/v2\/product"}],"about":[{"href":"https:\/\/tremunpiercing.com\/sk\/wp-json\/wp\/v2\/types\/product"}],"replies":[{"embeddable":true,"href":"https:\/\/tremunpiercing.com\/sk\/wp-json\/wp\/v2\/comments?post=13612"}],"version-history":[{"count":1,"href":"https:\/\/tremunpiercing.com\/sk\/wp-json\/wp\/v2\/product\/13612\/revisions"}],"predecessor-version":[{"id":27829,"href":"https:\/\/tremunpiercing.com\/sk\/wp-json\/wp\/v2\/product\/13612\/revisions\/27829"}],"wp:featuredmedia":[{"embeddable":true,"href":"https:\/\/tremunpiercing.com\/sk\/wp-json\/wp\/v2\/media\/16456"}],"wp:attachment":[{"href":"https:\/\/tremunpiercing.com\/sk\/wp-json\/wp\/v2\/media?parent=13612"}],"wp:term":[{"taxonomy":"product_brand","embeddable":true,"href":"https:\/\/tremunpiercing.com\/sk\/wp-json\/wp\/v2\/product_brand?post=13612"},{"taxonomy":"product_cat","embeddable":true,"href":"https:\/\/tremunpiercing.com\/sk\/wp-json\/wp\/v2\/product_cat?post=13612"},{"taxonomy":"product_tag","embeddable":true,"href":"https:\/\/tremunpiercing.com\/sk\/wp-json\/wp\/v2\/product_tag?post=13612"}],"curies":[{"name":"wp","href":"https:\/\/api.w.org\/{rel}","templated":true}]}}