{"id":13622,"date":"2025-02-07T18:19:08","date_gmt":"2025-02-07T17:19:08","guid":{"rendered":"https:\/\/tremunpiercing.com\/?post_type=product&#038;p=13622"},"modified":"2025-09-03T07:57:06","modified_gmt":"2025-09-03T06:57:06","slug":"threadless-insertion-pin-titanium","status":"publish","type":"product","link":"https:\/\/tremunpiercing.com\/sk\/product\/threadless-insertion-pin-titanium\/","title":{"rendered":"Bezz\u00e1vitov\u00fd vkladac\u00ed kol\u00edk Tit\u00e1n"},"content":{"rendered":"<p>Tit\u00e1nov\u00fd bezz\u00e1vitov\u00fd zav\u00e1dzac\u00ed kol\u00edk je d\u00f4le\u017eit\u00fd profesion\u00e1lny n\u00e1stroj pre piercerov, ktor\u00fd je navrhnut\u00fd tak, aby zav\u00e1dzanie \u0161perkov bolo hladk\u00e9 a bezpe\u010dn\u00e9. Bezz\u00e1vitov\u00fd zav\u00e1dzac\u00ed kol\u00edk je vyroben\u00fd z tit\u00e1nu F-136 implant\u00e1tovej kvality a je biokompatibiln\u00fd, \u013eahk\u00fd a odoln\u00fd vo\u010di kor\u00f3zii, \u010do z neho rob\u00ed preferovan\u00fd materi\u00e1l pre v\u0161etky postupy piercingu, pri ktor\u00fdch je bezpe\u010dnos\u0165 prvorad\u00e1. Tento bezz\u00e1vitov\u00fd zav\u00e1dzac\u00ed kol\u00edk s d\u013a\u017ekou 30 mm a hr\u00fabkou 18 G (1 mm) je ve\u013emi dobre ovl\u00e1date\u013en\u00fd na vedenie bezz\u00e1vitov\u00fdch \u0161perkov cez otvoren\u00e9 \u010derstv\u00e9 a\/alebo zahojen\u00e9 piercingy, pri\u010dom klientovi sp\u00f4sobuje \u010do najmen\u0161ie nepohodlie. Hladk\u00fd a le\u0161ten\u00fd povrch tit\u00e1nu sa nevle\u010die a umo\u017e\u0148uje hladk\u00fa trajekt\u00f3riu, pri\u010dom minimalizuje a traumu alebo nepohodlie po\u010das v\u00fdmeny alebo za\u010datia umiest\u0148ovania nov\u00e9ho \u0161perku.<\/p>\n<p>Okrem toho je tit\u00e1n hypoalerg\u00e9nny, tak\u017ee bezz\u00e1vitov\u00fd zav\u00e1dzac\u00ed kol\u00edk je vhodn\u00fd pre citliv\u00fdch klientov a zaru\u010duje trval\u00fa bezpe\u010dnos\u0165 v profesion\u00e1lne vyvinut\u00fdch a udr\u017eiavan\u00fdch piercingov\u00fdch \u0161t\u00fadi\u00e1ch. Insertion Pin Threadless sa tie\u017e \u013eahko \u010dist\u00ed, je odoln\u00fd a d\u00f4veryhodn\u00fd. Ak ste \u0161t\u00fadio alebo profesion\u00e1l, ktor\u00e9mu z\u00e1le\u017e\u00ed na presnosti a pohodl\u00ed va\u0161ich klientov, tit\u00e1nov\u00fd bezz\u00e1vitov\u00fd zav\u00e1dzac\u00ed kol\u00edk je spo\u013eahlivou vo\u013ebou zav\u00e1dzacieho kol\u00edka najvy\u0161\u0161ej kvality.<\/p>","protected":false},"excerpt":{"rendered":"<ul>\n<li>Bezz\u00e1vitov\u00fd vkladac\u00ed kol\u00edk<\/li>\n<li>Materi\u00e1l: F-136<\/li>\n<li>Meradlo: 18G - 1 mm<\/li>\n<li>D\u013a\u017eka: 30 mm<\/li>\n<\/ul>","protected":false},"featured_media":7187,"comment_status":"closed","ping_status":"closed","template":"","meta":{"_acf_changed":false},"product_brand":[],"product_cat":[328,374],"product_tag":[313,314,311,279,312],"class_list":{"0":"post-13622","1":"product","2":"type-product","3":"status-publish","4":"has-post-thumbnail","6":"product_cat-supplies","7":"product_cat-tools","8":"product_tag-herramientas","9":"product_tag-insercion","10":"product_tag-insertion-pin","11":"product_tag-supplies","12":"product_tag-supply","14":"first","15":"instock","16":"taxable","17":"shipping-taxable","18":"purchasable","19":"product-type-simple"},"acf":[],"gallery_images":[7185,7186],"_links":{"self":[{"href":"https:\/\/tremunpiercing.com\/sk\/wp-json\/wp\/v2\/product\/13622","targetHints":{"allow":["GET"]}}],"collection":[{"href":"https:\/\/tremunpiercing.com\/sk\/wp-json\/wp\/v2\/product"}],"about":[{"href":"https:\/\/tremunpiercing.com\/sk\/wp-json\/wp\/v2\/types\/product"}],"replies":[{"embeddable":true,"href":"https:\/\/tremunpiercing.com\/sk\/wp-json\/wp\/v2\/comments?post=13622"}],"version-history":[{"count":0,"href":"https:\/\/tremunpiercing.com\/sk\/wp-json\/wp\/v2\/product\/13622\/revisions"}],"wp:featuredmedia":[{"embeddable":true,"href":"https:\/\/tremunpiercing.com\/sk\/wp-json\/wp\/v2\/media\/7187"}],"wp:attachment":[{"href":"https:\/\/tremunpiercing.com\/sk\/wp-json\/wp\/v2\/media?parent=13622"}],"wp:term":[{"taxonomy":"product_brand","embeddable":true,"href":"https:\/\/tremunpiercing.com\/sk\/wp-json\/wp\/v2\/product_brand?post=13622"},{"taxonomy":"product_cat","embeddable":true,"href":"https:\/\/tremunpiercing.com\/sk\/wp-json\/wp\/v2\/product_cat?post=13622"},{"taxonomy":"product_tag","embeddable":true,"href":"https:\/\/tremunpiercing.com\/sk\/wp-json\/wp\/v2\/product_tag?post=13622"}],"curies":[{"name":"wp","href":"https:\/\/api.w.org\/{rel}","templated":true}]}}