{"id":15609,"date":"2025-04-14T16:57:09","date_gmt":"2025-04-14T15:57:09","guid":{"rendered":"https:\/\/tremunpiercing.com\/?post_type=product&#038;p=15609"},"modified":"2026-03-31T20:02:51","modified_gmt":"2026-03-31T19:02:51","slug":"septum-clicker-tina-white","status":"publish","type":"product","link":"https:\/\/tremunpiercing.com\/sk\/product\/septum-clicker-tina-white\/","title":{"rendered":"Septum Clicker Tina White"},"content":{"rendered":"<p>The Septum Clicker Tina White is a polished and convertible clicker ring made with implant-grade titanium F-136. With a 10 mm diameter in a 16G gauge, the total clicker length is 7 mm. This professional-grade clicker design allows for an excellent fit from a studio\/piercing shop perspective. The white cubic zirconia gem gives a classic, traditional sparkle suitable for clients who prefer a classic look. The clicker closure is easy to handle, both for the piercer and the client, providing ease of access, comfort, and a lasting fit.<\/p>","protected":false},"excerpt":{"rendered":"<ul>\n<li>Klikac\u00ed kr\u00fa\u017eok<\/li>\n<li>Materi\u00e1l: F-136<\/li>\n<li>Priemer: 10 mm<\/li>\n<li>Meradlo: 16G<\/li>\n<li>D\u013a\u017eka kliku: 7 mm<\/li>\n<li>Drahokam: Kubick\u00fd zirk\u00f3n<\/li>\n<\/ul>","protected":false},"featured_media":16175,"comment_status":"closed","ping_status":"closed","template":"","meta":{"_acf_changed":false},"product_brand":[],"product_cat":[341,340],"product_tag":[192,193,202,179,180,194,188,189,195,196,226,190,183,184,197,198],"class_list":{"0":"post-15609","1":"product","2":"type-product","3":"status-publish","4":"has-post-thumbnail","6":"product_cat-rings-titanium-jewelry","7":"product_cat-titanium-jewelry","8":"product_tag-anillo","9":"product_tag-argolla","10":"product_tag-clicker","11":"product_tag-cristal","12":"product_tag-cz","13":"product_tag-daith","14":"product_tag-ear","15":"product_tag-helix","16":"product_tag-hinged-ring","17":"product_tag-nariz","18":"product_tag-opal","19":"product_tag-oreja","20":"product_tag-perforacion","21":"product_tag-piercing","22":"product_tag-ring","23":"product_tag-septum","25":"first","26":"instock","27":"taxable","28":"shipping-taxable","29":"purchasable","30":"product-type-simple"},"acf":[],"gallery_images":[27795,27794],"_links":{"self":[{"href":"https:\/\/tremunpiercing.com\/sk\/wp-json\/wp\/v2\/product\/15609","targetHints":{"allow":["GET"]}}],"collection":[{"href":"https:\/\/tremunpiercing.com\/sk\/wp-json\/wp\/v2\/product"}],"about":[{"href":"https:\/\/tremunpiercing.com\/sk\/wp-json\/wp\/v2\/types\/product"}],"replies":[{"embeddable":true,"href":"https:\/\/tremunpiercing.com\/sk\/wp-json\/wp\/v2\/comments?post=15609"}],"version-history":[{"count":2,"href":"https:\/\/tremunpiercing.com\/sk\/wp-json\/wp\/v2\/product\/15609\/revisions"}],"predecessor-version":[{"id":27796,"href":"https:\/\/tremunpiercing.com\/sk\/wp-json\/wp\/v2\/product\/15609\/revisions\/27796"}],"wp:featuredmedia":[{"embeddable":true,"href":"https:\/\/tremunpiercing.com\/sk\/wp-json\/wp\/v2\/media\/16175"}],"wp:attachment":[{"href":"https:\/\/tremunpiercing.com\/sk\/wp-json\/wp\/v2\/media?parent=15609"}],"wp:term":[{"taxonomy":"product_brand","embeddable":true,"href":"https:\/\/tremunpiercing.com\/sk\/wp-json\/wp\/v2\/product_brand?post=15609"},{"taxonomy":"product_cat","embeddable":true,"href":"https:\/\/tremunpiercing.com\/sk\/wp-json\/wp\/v2\/product_cat?post=15609"},{"taxonomy":"product_tag","embeddable":true,"href":"https:\/\/tremunpiercing.com\/sk\/wp-json\/wp\/v2\/product_tag?post=15609"}],"curies":[{"name":"wp","href":"https:\/\/api.w.org\/{rel}","templated":true}]}}