{"id":15623,"date":"2025-04-14T17:41:50","date_gmt":"2025-04-14T16:41:50","guid":{"rendered":"https:\/\/tremunpiercing.com\/?post_type=product&#038;p=15623"},"modified":"2026-04-18T13:47:23","modified_gmt":"2026-04-18T12:47:23","slug":"athena-lavander-cz","status":"publish","type":"product","link":"https:\/\/tremunpiercing.com\/sk\/product\/athena-lavander-cz\/","title":{"rendered":"Athena Lavender CZ"},"content":{"rendered":"<p>Athena Lavender CZ je vysokokvalitn\u00fd, \u0161t\u00fdlov\u00fd \u0161perk, ktor\u00fd je ur\u010den\u00fd na profesion\u00e1lne prepichovanie. Tento profesion\u00e1lny piercingov\u00fd \u0161perk s vn\u00fatorn\u00fdm z\u00e1vitom, ktor\u00fd je vyroben\u00fd z tit\u00e1nu F-136 implant\u00e1tovej kvality, pam\u00e4t\u00e1 na bezpe\u010dnos\u0165 s vynikaj\u00facim hypoalerg\u00e9nnym komfortom a dlhou \u017eivotnos\u0165ou. Levandu\u013eov\u00fd zirk\u00f3nov\u00fd drahokam je jemne vybr\u00fasen\u00fd, aby dodal jemn\u00fa eleganciu a iskru, \u010do je ide\u00e1lne pre klientov, ktor\u00ed h\u013eadaj\u00fa kr\u00e1snu, ale jemn\u00fa mo\u017enos\u0165. S kalibrom 16G a d\u013a\u017ekou 16,12 mm je kovanie bezpe\u010dn\u00e9 a profesion\u00e1lne navrhnut\u00e9 pre piercerov, \u0161t\u00fadi\u00e1 a predajcov. Tento k\u00fasok mus\u00edte ma\u0165 vo svojej zbierke. \u0161t\u00fadi\u00ed na skladov\u00e9 z\u00e1soby piercingov\u00fdch prostriedkov s dobr\u00fdm v\u00fdkonom.<\/p>","protected":false},"excerpt":{"rendered":"<ul>\n<li>Vn\u00fatorn\u00e9 z\u00e1vity<\/li>\n<li>Materi\u00e1l: F-136<\/li>\n<li>Meradlo: 16G<\/li>\n<li>Drahokam: Kubick\u00fd zirk\u00f3n<\/li>\n<li>D\u013a\u017eka: 16,12 mm<\/li>\n<\/ul>","protected":false},"featured_media":15624,"comment_status":"closed","ping_status":"closed","template":"","meta":{"_acf_changed":false},"product_brand":[],"product_cat":[340,343],"product_tag":[187,188,209,189,205,206,190,183,184,207],"class_list":{"0":"post-15623","1":"product","2":"type-product","3":"status-publish","4":"has-post-thumbnail","6":"product_cat-titanium-jewelry","7":"product_cat-tops-titanium-jewelry","8":"product_tag-conch","9":"product_tag-ear","10":"product_tag-faux-rook","11":"product_tag-helix","12":"product_tag-lobe","13":"product_tag-lobulo","14":"product_tag-oreja","15":"product_tag-perforacion","16":"product_tag-piercing","17":"product_tag-tragus","19":"first","20":"instock","21":"taxable","22":"shipping-taxable","23":"purchasable","24":"product-type-simple"},"acf":[],"gallery_images":[27645,27644],"_links":{"self":[{"href":"https:\/\/tremunpiercing.com\/sk\/wp-json\/wp\/v2\/product\/15623","targetHints":{"allow":["GET"]}}],"collection":[{"href":"https:\/\/tremunpiercing.com\/sk\/wp-json\/wp\/v2\/product"}],"about":[{"href":"https:\/\/tremunpiercing.com\/sk\/wp-json\/wp\/v2\/types\/product"}],"replies":[{"embeddable":true,"href":"https:\/\/tremunpiercing.com\/sk\/wp-json\/wp\/v2\/comments?post=15623"}],"version-history":[{"count":1,"href":"https:\/\/tremunpiercing.com\/sk\/wp-json\/wp\/v2\/product\/15623\/revisions"}],"predecessor-version":[{"id":27647,"href":"https:\/\/tremunpiercing.com\/sk\/wp-json\/wp\/v2\/product\/15623\/revisions\/27647"}],"wp:featuredmedia":[{"embeddable":true,"href":"https:\/\/tremunpiercing.com\/sk\/wp-json\/wp\/v2\/media\/15624"}],"wp:attachment":[{"href":"https:\/\/tremunpiercing.com\/sk\/wp-json\/wp\/v2\/media?parent=15623"}],"wp:term":[{"taxonomy":"product_brand","embeddable":true,"href":"https:\/\/tremunpiercing.com\/sk\/wp-json\/wp\/v2\/product_brand?post=15623"},{"taxonomy":"product_cat","embeddable":true,"href":"https:\/\/tremunpiercing.com\/sk\/wp-json\/wp\/v2\/product_cat?post=15623"},{"taxonomy":"product_tag","embeddable":true,"href":"https:\/\/tremunpiercing.com\/sk\/wp-json\/wp\/v2\/product_tag?post=15623"}],"curies":[{"name":"wp","href":"https:\/\/api.w.org\/{rel}","templated":true}]}}