{"id":15625,"date":"2025-04-14T17:44:37","date_gmt":"2025-04-14T16:44:37","guid":{"rendered":"https:\/\/tremunpiercing.com\/?post_type=product&#038;p=15625"},"modified":"2026-03-29T20:29:20","modified_gmt":"2026-03-29T19:29:20","slug":"athena-black-cz","status":"publish","type":"product","link":"https:\/\/tremunpiercing.com\/sk\/product\/athena-black-cz\/","title":{"rendered":"Athena Black CZ"},"content":{"rendered":"<p>Athena Black CZ kombinuje elegantn\u00fd vzh\u013ead a profesion\u00e1lnu bezpe\u010dnos\u0165, ktor\u00e1 je nevyhnutn\u00e1 pre piercingov\u00e9 dielne alebo tetovacie sal\u00f3ny. Tit\u00e1nov\u00e9 \u0161perky s vn\u00fatorn\u00fdm z\u00e1vitom, implant\u00e1t z tit\u00e1nu F-136, sa u\u017e roky pou\u017e\u00edvaj\u00fa na v\u00fdrobu pokro\u010dil\u00fdch tit\u00e1nov\u00fdch \u0161perkov s vysok\u00fdm v\u00fdkonom a zabezpe\u010dia odolnos\u0165, hypoalerg\u00e9nne nosenie a maxim\u00e1lne pohodlie pre klientov s citlivou poko\u017ekou.<\/p>\n<p>Odv\u00e1\u017eny \u010dierny zirk\u00f3n poskytuje modern\u00fd m\u00f3dny vzh\u013ead, ktor\u00fd sa be\u017ene pred\u00e1va v maloobchodn\u00fdch kolekci\u00e1ch piercingov. Tento kus poskytuje piercingu 16G (meradlo) a d\u013a\u017eku 16, 12 mm a je vizu\u00e1lne bezpe\u010dn\u00fdm a \u013eahko pou\u017eite\u013en\u00fdm zabezpe\u010den\u00edm pre ka\u017ed\u00e9ho profesion\u00e1lneho piercera. K\u00fapte si profesion\u00e1lne piercingov\u00e9 \u0161perky online od spo\u013eahliv\u00e9ho ve\u013ekoobchodn\u00edka alebo distrib\u00fatora a dopl\u0148te nimi svoju profesion\u00e1lnu zbierku.<\/p>","protected":false},"excerpt":{"rendered":"<ul>\n<li>Vn\u00fatorn\u00e9 z\u00e1vity<\/li>\n<li>Materi\u00e1l: F-136<\/li>\n<li>Meradlo: 16G<\/li>\n<li>Drahokam: Kubick\u00fd zirk\u00f3n<\/li>\n<li>D\u013a\u017eka: 16,12 mm<\/li>\n<\/ul>","protected":false},"featured_media":15626,"comment_status":"closed","ping_status":"closed","template":"","meta":{"_acf_changed":false},"product_brand":[],"product_cat":[340,343],"product_tag":[187,188,209,189,205,206,190,183,184,207],"class_list":{"0":"post-15625","1":"product","2":"type-product","3":"status-publish","4":"has-post-thumbnail","6":"product_cat-titanium-jewelry","7":"product_cat-tops-titanium-jewelry","8":"product_tag-conch","9":"product_tag-ear","10":"product_tag-faux-rook","11":"product_tag-helix","12":"product_tag-lobe","13":"product_tag-lobulo","14":"product_tag-oreja","15":"product_tag-perforacion","16":"product_tag-piercing","17":"product_tag-tragus","19":"first","20":"instock","21":"taxable","22":"shipping-taxable","23":"purchasable","24":"product-type-simple"},"acf":[],"gallery_images":[27642,27643],"_links":{"self":[{"href":"https:\/\/tremunpiercing.com\/sk\/wp-json\/wp\/v2\/product\/15625","targetHints":{"allow":["GET"]}}],"collection":[{"href":"https:\/\/tremunpiercing.com\/sk\/wp-json\/wp\/v2\/product"}],"about":[{"href":"https:\/\/tremunpiercing.com\/sk\/wp-json\/wp\/v2\/types\/product"}],"replies":[{"embeddable":true,"href":"https:\/\/tremunpiercing.com\/sk\/wp-json\/wp\/v2\/comments?post=15625"}],"version-history":[{"count":1,"href":"https:\/\/tremunpiercing.com\/sk\/wp-json\/wp\/v2\/product\/15625\/revisions"}],"predecessor-version":[{"id":27646,"href":"https:\/\/tremunpiercing.com\/sk\/wp-json\/wp\/v2\/product\/15625\/revisions\/27646"}],"wp:featuredmedia":[{"embeddable":true,"href":"https:\/\/tremunpiercing.com\/sk\/wp-json\/wp\/v2\/media\/15626"}],"wp:attachment":[{"href":"https:\/\/tremunpiercing.com\/sk\/wp-json\/wp\/v2\/media?parent=15625"}],"wp:term":[{"taxonomy":"product_brand","embeddable":true,"href":"https:\/\/tremunpiercing.com\/sk\/wp-json\/wp\/v2\/product_brand?post=15625"},{"taxonomy":"product_cat","embeddable":true,"href":"https:\/\/tremunpiercing.com\/sk\/wp-json\/wp\/v2\/product_cat?post=15625"},{"taxonomy":"product_tag","embeddable":true,"href":"https:\/\/tremunpiercing.com\/sk\/wp-json\/wp\/v2\/product_tag?post=15625"}],"curies":[{"name":"wp","href":"https:\/\/api.w.org\/{rel}","templated":true}]}}