{"id":15649,"date":"2025-04-14T18:06:58","date_gmt":"2025-04-14T17:06:58","guid":{"rendered":"https:\/\/tremunpiercing.com\/?post_type=product&#038;p=15649"},"modified":"2026-04-19T16:14:27","modified_gmt":"2026-04-19T15:14:27","slug":"lilbit-push-pin-black","status":"publish","type":"product","link":"https:\/\/tremunpiercing.com\/sk\/product\/lilbit-push-pin-black\/","title":{"rendered":"Lilbit Push Pin Black"},"content":{"rendered":"<p>Lilbit Black Push Pin je \u0161t\u00fdlov\u00fd, klasick\u00fd doplnok navrhnut\u00fd \u0161peci\u00e1lne pre profesion\u00e1lne piercingov\u00e9 \u0161t\u00fadi\u00e1 a predajcov piercingu. K\u00fasok push pin je vyroben\u00fd z tit\u00e1nu implant\u00e1tovej kvality F-136, ktor\u00fd v\u00e1m zaru\u010d\u00ed bezpe\u010dnos\u0165, odolnos\u0165 a absol\u00fatnu hypoalerg\u00e9nnos\u0165 pre in\u0161tinkt\u00edvnych piercerov! \u0160perk je vybaven\u00fd \u010diernym zirk\u00f3nov\u00fdm drahokamom, ktor\u00fd dop\u013a\u0148a klientov, ktor\u00ed chc\u00fa modern\u00fd a ostr\u00fd vzh\u013ead. Ur\u010den\u00e9 na pou\u017eitie s push pinom <a href=\"https:\/\/tremunpiercing.com\/product-category\/titanium-jewelry\/labret-titanium-jeawelry\/\">labrety<\/a> je k dispoz\u00edcii v nieko\u013ek\u00fdch r\u00f4znych po\u010diato\u010dn\u00fdch priemeroch (1,5 mm - 3 mm) pre va\u0161e po\u017eiadavky na piercing. Nakupujte piercingov\u00e9 \u0161perky online s d\u00f4verou; ako zn\u00e1my a uzn\u00e1van\u00fd v\u00fdrobca m\u00f4\u017eeme va\u0161e \u0161t\u00fadio previes\u0165 od pr\u00edle\u017eitostn\u00e9ho k profesion\u00e1lnemu!<\/p>","protected":false},"excerpt":{"rendered":"<ul>\n<li>Pr\u00edslu\u0161enstvo na zatl\u00e1\u010dacie kol\u00edky<\/li>\n<li>Kempovate\u013en\u00e9 len s pr\u00edtla\u010dn\u00fdmi \u0161t\u00edtkami<\/li>\n<li>Materi\u00e1l: F-136<\/li>\n<li>Mierka: 25G<\/li>\n<li>Priemery: 1,5 mm - 2 mm - 2,5 mm - 3 mm<\/li>\n<li>Drahokam: Kubick\u00fd zirk\u00f3n<\/li>\n<\/ul>","protected":false},"featured_media":15654,"comment_status":"closed","ping_status":"closed","template":"","meta":{"_acf_changed":false},"product_brand":[],"product_cat":[340,343],"product_tag":[218,295,296,187,188,189,205,206,212,190,183,213,184,297,294,207],"class_list":{"0":"post-15649","1":"product","2":"type-product","3":"status-publish","4":"has-post-thumbnail","6":"product_cat-titanium-jewelry","7":"product_cat-tops-titanium-jewelry","8":"product_tag-ball","9":"product_tag-bola","10":"product_tag-bolita","11":"product_tag-conch","12":"product_tag-ear","13":"product_tag-helix","14":"product_tag-lobe","15":"product_tag-lobulo","16":"product_tag-medusa","17":"product_tag-oreja","18":"product_tag-perforacion","19":"product_tag-philtrum","20":"product_tag-piercing","21":"product_tag-repuesto","22":"product_tag-spare","23":"product_tag-tragus","25":"first","26":"instock","27":"taxable","28":"shipping-taxable","29":"purchasable","30":"product-type-variable"},"acf":[],"gallery_images":[27770,27769],"_links":{"self":[{"href":"https:\/\/tremunpiercing.com\/sk\/wp-json\/wp\/v2\/product\/15649","targetHints":{"allow":["GET"]}}],"collection":[{"href":"https:\/\/tremunpiercing.com\/sk\/wp-json\/wp\/v2\/product"}],"about":[{"href":"https:\/\/tremunpiercing.com\/sk\/wp-json\/wp\/v2\/types\/product"}],"replies":[{"embeddable":true,"href":"https:\/\/tremunpiercing.com\/sk\/wp-json\/wp\/v2\/comments?post=15649"}],"version-history":[{"count":1,"href":"https:\/\/tremunpiercing.com\/sk\/wp-json\/wp\/v2\/product\/15649\/revisions"}],"predecessor-version":[{"id":27774,"href":"https:\/\/tremunpiercing.com\/sk\/wp-json\/wp\/v2\/product\/15649\/revisions\/27774"}],"wp:featuredmedia":[{"embeddable":true,"href":"https:\/\/tremunpiercing.com\/sk\/wp-json\/wp\/v2\/media\/15654"}],"wp:attachment":[{"href":"https:\/\/tremunpiercing.com\/sk\/wp-json\/wp\/v2\/media?parent=15649"}],"wp:term":[{"taxonomy":"product_brand","embeddable":true,"href":"https:\/\/tremunpiercing.com\/sk\/wp-json\/wp\/v2\/product_brand?post=15649"},{"taxonomy":"product_cat","embeddable":true,"href":"https:\/\/tremunpiercing.com\/sk\/wp-json\/wp\/v2\/product_cat?post=15649"},{"taxonomy":"product_tag","embeddable":true,"href":"https:\/\/tremunpiercing.com\/sk\/wp-json\/wp\/v2\/product_tag?post=15649"}],"curies":[{"name":"wp","href":"https:\/\/api.w.org\/{rel}","templated":true}]}}