{"id":15655,"date":"2025-04-14T18:13:13","date_gmt":"2025-04-14T17:13:13","guid":{"rendered":"https:\/\/tremunpiercing.com\/?post_type=product&#038;p=15655"},"modified":"2026-04-16T15:34:03","modified_gmt":"2026-04-16T14:34:03","slug":"lilbit-push-pin-lavander","status":"publish","type":"product","link":"https:\/\/tremunpiercing.com\/sk\/product\/lilbit-push-pin-lavander\/","title":{"rendered":"Lilbit Push Pin Lavender"},"content":{"rendered":"<p>Lilbit Push Pin Lavender je kvalitn\u00fd push pin doplnok, ktor\u00fd je vyroben\u00fd \u0161peci\u00e1lne pre profesion\u00e1lnych piercerov a \u0161t\u00fadi\u00e1. Tento hypoalerg\u00e9nny push pin je vyroben\u00fd z tit\u00e1nu F-136 implant\u00e1tovej kvality, \u010do zaru\u010duje najv\u00e4\u010d\u0161iu bezpe\u010dnos\u0165 a pohodlie (a pravdepodobne najlep\u0161iu vo\u013ebu, ak m\u00e1te klienta s citlivou poko\u017ekou.) Kr\u00e1sna levandu\u013eov\u00e1 farba sa trblieta s kr\u00e1snym levandu\u013eov\u00fdm zirk\u00f3nov\u00fdm akcentom. V\u010faka tomu sa tento doplnok \u013eahko nos\u00ed ka\u017ed\u00fd de\u0148 a poskytuje pr\u00edjemn\u00e9 mal\u00e9 vylep\u0161enie ka\u017ed\u00e9ho piercingu do ucha.<\/p>\n<p>Tento push pin je k dispoz\u00edcii v nieko\u013ek\u00fdch r\u00f4znych priemeroch (1,5 mm - 3 mm) a mo\u017eno ho prisp\u00f4sobi\u0165 pre v\u0161etky typy piercingov vr\u00e1tane pevn\u00e9ho bezpe\u010dn\u00e9ho ponoru s push pinom. <a href=\"https:\/\/tremunpiercing.com\/product-category\/titanium-jewelry\/labret-titanium-jeawelry\/\">labrety<\/a>. Pridajte tento levandu\u013eov\u00fd drahokam do svojej zbierky a pon\u00faknite svojim klientom bezpe\u010dn\u00e9 \u0161perky lek\u00e1rskej kvality od jedn\u00e9ho z najlep\u0161\u00edch ve\u013ekoobchodn\u00fdch dod\u00e1vate\u013eov.<\/p>","protected":false},"excerpt":{"rendered":"<ul>\n<li>Pr\u00edslu\u0161enstvo na zatl\u00e1\u010dacie kol\u00edky<\/li>\n<li>Kempovate\u013en\u00e9 len s pr\u00edtla\u010dn\u00fdmi \u0161t\u00edtkami<\/li>\n<li>Materi\u00e1l: F-136<\/li>\n<li>Mierka: 25G<\/li>\n<li>Priemery: 1,5 mm - 2 mm - 2,5 mm - 3 mm<\/li>\n<li>Drahokam: Kubick\u00fd zirk\u00f3n<\/li>\n<\/ul>","protected":false},"featured_media":15660,"comment_status":"closed","ping_status":"closed","template":"","meta":{"_acf_changed":false},"product_brand":[],"product_cat":[340,343],"product_tag":[218,295,296,187,188,189,205,206,212,190,183,213,184,297,294,207],"class_list":{"0":"post-15655","1":"product","2":"type-product","3":"status-publish","4":"has-post-thumbnail","6":"product_cat-titanium-jewelry","7":"product_cat-tops-titanium-jewelry","8":"product_tag-ball","9":"product_tag-bola","10":"product_tag-bolita","11":"product_tag-conch","12":"product_tag-ear","13":"product_tag-helix","14":"product_tag-lobe","15":"product_tag-lobulo","16":"product_tag-medusa","17":"product_tag-oreja","18":"product_tag-perforacion","19":"product_tag-philtrum","20":"product_tag-piercing","21":"product_tag-repuesto","22":"product_tag-spare","23":"product_tag-tragus","25":"first","26":"instock","27":"taxable","28":"shipping-taxable","29":"purchasable","30":"product-type-variable"},"acf":[],"gallery_images":[27759,27758],"_links":{"self":[{"href":"https:\/\/tremunpiercing.com\/sk\/wp-json\/wp\/v2\/product\/15655","targetHints":{"allow":["GET"]}}],"collection":[{"href":"https:\/\/tremunpiercing.com\/sk\/wp-json\/wp\/v2\/product"}],"about":[{"href":"https:\/\/tremunpiercing.com\/sk\/wp-json\/wp\/v2\/types\/product"}],"replies":[{"embeddable":true,"href":"https:\/\/tremunpiercing.com\/sk\/wp-json\/wp\/v2\/comments?post=15655"}],"version-history":[{"count":1,"href":"https:\/\/tremunpiercing.com\/sk\/wp-json\/wp\/v2\/product\/15655\/revisions"}],"predecessor-version":[{"id":27764,"href":"https:\/\/tremunpiercing.com\/sk\/wp-json\/wp\/v2\/product\/15655\/revisions\/27764"}],"wp:featuredmedia":[{"embeddable":true,"href":"https:\/\/tremunpiercing.com\/sk\/wp-json\/wp\/v2\/media\/15660"}],"wp:attachment":[{"href":"https:\/\/tremunpiercing.com\/sk\/wp-json\/wp\/v2\/media?parent=15655"}],"wp:term":[{"taxonomy":"product_brand","embeddable":true,"href":"https:\/\/tremunpiercing.com\/sk\/wp-json\/wp\/v2\/product_brand?post=15655"},{"taxonomy":"product_cat","embeddable":true,"href":"https:\/\/tremunpiercing.com\/sk\/wp-json\/wp\/v2\/product_cat?post=15655"},{"taxonomy":"product_tag","embeddable":true,"href":"https:\/\/tremunpiercing.com\/sk\/wp-json\/wp\/v2\/product_tag?post=15655"}],"curies":[{"name":"wp","href":"https:\/\/api.w.org\/{rel}","templated":true}]}}