{"id":15762,"date":"2025-04-15T17:53:16","date_gmt":"2025-04-15T16:53:16","guid":{"rendered":"https:\/\/tremunpiercing.com\/?post_type=product&#038;p=15762"},"modified":"2026-04-21T12:33:24","modified_gmt":"2026-04-21T11:33:24","slug":"dermal-top-sw-crystal-ab","status":"publish","type":"product","link":"https:\/\/tremunpiercing.com\/sk\/product\/dermal-top-sw-crystal-ab\/","title":{"rendered":"Derm\u00e1lny top - SW Crystal AB"},"content":{"rendered":"<p>Dermal Top-SW Crystal AB (Aurora Borealis) poskytuje fantastick\u00fd viacfarebn\u00fd efekt, ktor\u00fd sa r\u00fdchlo stal jedn\u00fdm z najvyh\u013ead\u00e1vanej\u0161\u00edch dizajnov pre piercerov na celom svete. Je vyroben\u00fd z tit\u00e1nu implanta\u010dnej triedy F-136, je \u013eahk\u00fd, hypoalerg\u00e9nny a bezpe\u010dn\u00fd pre v\u0161etku citliv\u00fa poko\u017eku. Vn\u00fatorn\u00e9 z\u00e1vity zaru\u010duj\u00fa, \u017ee profesion\u00e1lna aplik\u00e1cia bude hladk\u00e1 a minimalizuje riziko pri ka\u017edom zaveden\u00ed. SW Crystal AB je k dispoz\u00edcii v t\u00fdchto priemeroch: 2,5 mm, 3 mm, 4 mm a 5 mm s kalibrom 16G-14G, aby sa hodil na takmer v\u0161etky pt. ko\u017en\u00e9 umiestnenia. Odraz svetla cez kry\u0161t\u00e1l vyl\u00fadi d\u00fahov\u00fd efekt, v\u010faka \u010domu sa ka\u017ed\u00fd kus leskne a poskytuje jedine\u010dn\u00fd \u0161t\u00fdl pre ka\u017ed\u00e9ho klienta.<\/p>","protected":false},"excerpt":{"rendered":"<ul>\n<li>Vn\u00fatorn\u00e9 z\u00e1vity<\/li>\n<li>Materi\u00e1l: F-136<\/li>\n<li>Priemer: 2,5 mm - 3 mm - 4 mm - 5 mm<\/li>\n<li>Meradlo: 16G - 14G<\/li>\n<\/ul>","protected":false},"featured_media":15769,"comment_status":"closed","ping_status":"closed","template":"","meta":{"_acf_changed":false},"product_brand":[],"product_cat":[442,340,343],"product_tag":[187,215,216,188,189,210,211,212,190,183,213,184,207],"class_list":{"0":"post-15762","1":"product","2":"type-product","3":"status-publish","4":"has-post-thumbnail","6":"product_cat-sw","7":"product_cat-titanium-jewelry","8":"product_cat-tops-titanium-jewelry","9":"product_tag-conch","10":"product_tag-dermal-top","11":"product_tag-disc","12":"product_tag-ear","13":"product_tag-helix","14":"product_tag-labret","15":"product_tag-lip","16":"product_tag-medusa","17":"product_tag-oreja","18":"product_tag-perforacion","19":"product_tag-philtrum","20":"product_tag-piercing","21":"product_tag-tragus","23":"first","24":"instock","25":"taxable","26":"shipping-taxable","27":"purchasable","28":"product-type-variable"},"acf":[],"gallery_images":[27722,27721],"_links":{"self":[{"href":"https:\/\/tremunpiercing.com\/sk\/wp-json\/wp\/v2\/product\/15762","targetHints":{"allow":["GET"]}}],"collection":[{"href":"https:\/\/tremunpiercing.com\/sk\/wp-json\/wp\/v2\/product"}],"about":[{"href":"https:\/\/tremunpiercing.com\/sk\/wp-json\/wp\/v2\/types\/product"}],"replies":[{"embeddable":true,"href":"https:\/\/tremunpiercing.com\/sk\/wp-json\/wp\/v2\/comments?post=15762"}],"version-history":[{"count":1,"href":"https:\/\/tremunpiercing.com\/sk\/wp-json\/wp\/v2\/product\/15762\/revisions"}],"predecessor-version":[{"id":27723,"href":"https:\/\/tremunpiercing.com\/sk\/wp-json\/wp\/v2\/product\/15762\/revisions\/27723"}],"wp:featuredmedia":[{"embeddable":true,"href":"https:\/\/tremunpiercing.com\/sk\/wp-json\/wp\/v2\/media\/15769"}],"wp:attachment":[{"href":"https:\/\/tremunpiercing.com\/sk\/wp-json\/wp\/v2\/media?parent=15762"}],"wp:term":[{"taxonomy":"product_brand","embeddable":true,"href":"https:\/\/tremunpiercing.com\/sk\/wp-json\/wp\/v2\/product_brand?post=15762"},{"taxonomy":"product_cat","embeddable":true,"href":"https:\/\/tremunpiercing.com\/sk\/wp-json\/wp\/v2\/product_cat?post=15762"},{"taxonomy":"product_tag","embeddable":true,"href":"https:\/\/tremunpiercing.com\/sk\/wp-json\/wp\/v2\/product_tag?post=15762"}],"curies":[{"name":"wp","href":"https:\/\/api.w.org\/{rel}","templated":true}]}}