{"id":15843,"date":"2025-04-15T19:20:47","date_gmt":"2025-04-15T18:20:47","guid":{"rendered":"https:\/\/tremunpiercing.com\/?post_type=product&#038;p=15843"},"modified":"2026-04-17T17:06:28","modified_gmt":"2026-04-17T16:06:28","slug":"dermal-top-sw-crystal-emerald","status":"publish","type":"product","link":"https:\/\/tremunpiercing.com\/sk\/product\/dermal-top-sw-crystal-emerald\/","title":{"rendered":"Derm\u00e1lny top - SW Crystal Emerald"},"content":{"rendered":"<p>Spojte eleganciu a bezpe\u010dnos\u0165 s Dermal Top-SW Crystal Emerald. Tento derm\u00e1lny top, vyroben\u00fd pre majstrov piercingu vy\u017eaduj\u00facich kvalitu, je vyroben\u00fd z tit\u00e1nu implanta\u010dnej triedy F-136 a je hypoalerg\u00e9nny a ve\u013emi \u013eahk\u00fd na bezpe\u010dn\u00e9 a pohodln\u00e9 dlhodob\u00e9 nosenie. Pracovn\u00edci maj\u00fa pri v\u00fdbere v\u00fdrobku na hol\u00e9 telo na pam\u00e4ti bezpe\u010dnos\u0165 a \u0161perky s vn\u00fatorn\u00fdm z\u00e1vitom sa \u013eah\u0161ie vkladaj\u00fa a z\u00e1rove\u0148 s\u00fa bezpe\u010dnej\u0161ie, tak\u017ee s\u00fa ide\u00e1lne na profesion\u00e1lne pou\u017eitie.<\/p>\n<p>Dermal Top-SW Crystal Emerald je k dispoz\u00edcii v r\u00f4znych priemeroch od 2,5 mm do 5 mm a v kalibroch 16G-14G, \u010do z neho rob\u00ed ide\u00e1lny prvok na viacn\u00e1sobn\u00e9 umiestnenie. Smaragdov\u00fd SW kry\u0161t\u00e1l dod\u00e1va s\u00fdtozelen\u00fd lesk, v\u010faka \u010domu je tento k\u00fasok vhodn\u00fd do klientskych zbierok. Z\u00e1sobte svoje \u0161t\u00fadio smaragdov\u00fdmi derm\u00e1lmi e\u0161te dnes <a href=\"https:\/\/tremunpiercing.com\/product-category\/titanium-jewelry\/tops-titanium-jewelry\/\">vrcholy<\/a> z bezpe\u010dnej dod\u00e1vky \u0161perkov na telo.<\/p>","protected":false},"excerpt":{"rendered":"<ul>\n<li>Vn\u00fatorn\u00e9 z\u00e1vity<\/li>\n<li>Materi\u00e1l: F-136<\/li>\n<li>Priemer: 2,5 mm - 3 mm - 4 mm - 5 mm<\/li>\n<li>Meradlo: 16G - 14G<\/li>\n<\/ul>","protected":false},"featured_media":15851,"comment_status":"closed","ping_status":"closed","template":"","meta":{"_acf_changed":false},"product_brand":[],"product_cat":[442,340,343],"product_tag":[187,215,216,188,189,210,211,212,190,183,213,184,207],"class_list":{"0":"post-15843","1":"product","2":"type-product","3":"status-publish","4":"has-post-thumbnail","6":"product_cat-sw","7":"product_cat-titanium-jewelry","8":"product_cat-tops-titanium-jewelry","9":"product_tag-conch","10":"product_tag-dermal-top","11":"product_tag-disc","12":"product_tag-ear","13":"product_tag-helix","14":"product_tag-labret","15":"product_tag-lip","16":"product_tag-medusa","17":"product_tag-oreja","18":"product_tag-perforacion","19":"product_tag-philtrum","20":"product_tag-piercing","21":"product_tag-tragus","23":"first","24":"instock","25":"taxable","26":"shipping-taxable","27":"purchasable","28":"product-type-variable"},"acf":[],"gallery_images":[27708,27707],"_links":{"self":[{"href":"https:\/\/tremunpiercing.com\/sk\/wp-json\/wp\/v2\/product\/15843","targetHints":{"allow":["GET"]}}],"collection":[{"href":"https:\/\/tremunpiercing.com\/sk\/wp-json\/wp\/v2\/product"}],"about":[{"href":"https:\/\/tremunpiercing.com\/sk\/wp-json\/wp\/v2\/types\/product"}],"replies":[{"embeddable":true,"href":"https:\/\/tremunpiercing.com\/sk\/wp-json\/wp\/v2\/comments?post=15843"}],"version-history":[{"count":1,"href":"https:\/\/tremunpiercing.com\/sk\/wp-json\/wp\/v2\/product\/15843\/revisions"}],"predecessor-version":[{"id":27710,"href":"https:\/\/tremunpiercing.com\/sk\/wp-json\/wp\/v2\/product\/15843\/revisions\/27710"}],"wp:featuredmedia":[{"embeddable":true,"href":"https:\/\/tremunpiercing.com\/sk\/wp-json\/wp\/v2\/media\/15851"}],"wp:attachment":[{"href":"https:\/\/tremunpiercing.com\/sk\/wp-json\/wp\/v2\/media?parent=15843"}],"wp:term":[{"taxonomy":"product_brand","embeddable":true,"href":"https:\/\/tremunpiercing.com\/sk\/wp-json\/wp\/v2\/product_brand?post=15843"},{"taxonomy":"product_cat","embeddable":true,"href":"https:\/\/tremunpiercing.com\/sk\/wp-json\/wp\/v2\/product_cat?post=15843"},{"taxonomy":"product_tag","embeddable":true,"href":"https:\/\/tremunpiercing.com\/sk\/wp-json\/wp\/v2\/product_tag?post=15843"}],"curies":[{"name":"wp","href":"https:\/\/api.w.org\/{rel}","templated":true}]}}