{"id":15853,"date":"2025-04-15T21:21:21","date_gmt":"2025-04-15T20:21:21","guid":{"rendered":"https:\/\/tremunpiercing.com\/?post_type=product&#038;p=15853"},"modified":"2026-04-17T17:06:28","modified_gmt":"2026-04-17T16:06:28","slug":"dermal-top-sw-crystal-sapphire","status":"publish","type":"product","link":"https:\/\/tremunpiercing.com\/sk\/product\/dermal-top-sw-crystal-sapphire\/","title":{"rendered":"Derm\u00e1lny top - SW Crystal Sapphire"},"content":{"rendered":"<p data-pm-slice=\"1 1 []\">Derm\u00e1lny top - SW Crystal Sapphire je profesion\u00e1lny derm\u00e1lny doplnok, ktor\u00fd pou\u017e\u00edvaj\u00fa profesion\u00e1li na piercing po celom svete. Je vyroben\u00fd z tit\u00e1nu implanta\u010dnej triedy F-136, \u010do zaru\u010duje bezpe\u010dnos\u0165 a odolnos\u0165, a zhodou okolnost\u00ed ide o tit\u00e1nov\u00fd kol\u00edk s vn\u00fatorn\u00fdm (\u017eensk\u00fdm) z\u00e1vitom, ktor\u00fd zaru\u010duje hladk\u00fa povrchov\u00fa aplik\u00e1ciu a bezpe\u010dn\u00e9 uchytenie. Dermal Top mo\u017eno pou\u017ei\u0165 aj na viacero derm\u00e1lnych umiestnen\u00ed; je k dispoz\u00edcii v priemeroch 2,5 mm, 3 mm, 4 mm a 5 mm a v kalibroch 16G a 14G (tak\u017ee existuj\u00fa mo\u017enosti pre v\u0161etky va\u0161e r\u00f4zne umiestnenia). S\u00fdto modr\u00fd zaf\u00edrov\u00fd SW kry\u0161t\u00e1l\/kamenn\u00fd dekor skuto\u010dne vynik\u00e1 a poskytuje nad\u0161tandardn\u00fd pr\u00edstup a je mil\u00e1\u010dikom klientov, ktor\u00ed sa chc\u00fa jednoducho odl\u00ed\u0161i\u0165 v sp\u00f4sobe telov\u00fdch \u0161perkov.<\/p>","protected":false},"excerpt":{"rendered":"<ul>\n<li>Vn\u00fatorn\u00e9 z\u00e1vity<\/li>\n<li>Materi\u00e1l: F-136<\/li>\n<li>Priemer: 2,5 mm - 3 mm - 4 mm - 5 mm<\/li>\n<li>Meradlo: 16G - 14G<\/li>\n<\/ul>","protected":false},"featured_media":15860,"comment_status":"closed","ping_status":"closed","template":"","meta":{"_acf_changed":false},"product_brand":[],"product_cat":[442,340,343],"product_tag":[187,215,216,188,189,210,211,212,190,183,213,184,207],"class_list":{"0":"post-15853","1":"product","2":"type-product","3":"status-publish","4":"has-post-thumbnail","6":"product_cat-sw","7":"product_cat-titanium-jewelry","8":"product_cat-tops-titanium-jewelry","9":"product_tag-conch","10":"product_tag-dermal-top","11":"product_tag-disc","12":"product_tag-ear","13":"product_tag-helix","14":"product_tag-labret","15":"product_tag-lip","16":"product_tag-medusa","17":"product_tag-oreja","18":"product_tag-perforacion","19":"product_tag-philtrum","20":"product_tag-piercing","21":"product_tag-tragus","23":"first","24":"instock","25":"taxable","26":"shipping-taxable","27":"purchasable","28":"product-type-variable"},"acf":[],"gallery_images":[27712,27711],"_links":{"self":[{"href":"https:\/\/tremunpiercing.com\/sk\/wp-json\/wp\/v2\/product\/15853","targetHints":{"allow":["GET"]}}],"collection":[{"href":"https:\/\/tremunpiercing.com\/sk\/wp-json\/wp\/v2\/product"}],"about":[{"href":"https:\/\/tremunpiercing.com\/sk\/wp-json\/wp\/v2\/types\/product"}],"replies":[{"embeddable":true,"href":"https:\/\/tremunpiercing.com\/sk\/wp-json\/wp\/v2\/comments?post=15853"}],"version-history":[{"count":1,"href":"https:\/\/tremunpiercing.com\/sk\/wp-json\/wp\/v2\/product\/15853\/revisions"}],"predecessor-version":[{"id":27713,"href":"https:\/\/tremunpiercing.com\/sk\/wp-json\/wp\/v2\/product\/15853\/revisions\/27713"}],"wp:featuredmedia":[{"embeddable":true,"href":"https:\/\/tremunpiercing.com\/sk\/wp-json\/wp\/v2\/media\/15860"}],"wp:attachment":[{"href":"https:\/\/tremunpiercing.com\/sk\/wp-json\/wp\/v2\/media?parent=15853"}],"wp:term":[{"taxonomy":"product_brand","embeddable":true,"href":"https:\/\/tremunpiercing.com\/sk\/wp-json\/wp\/v2\/product_brand?post=15853"},{"taxonomy":"product_cat","embeddable":true,"href":"https:\/\/tremunpiercing.com\/sk\/wp-json\/wp\/v2\/product_cat?post=15853"},{"taxonomy":"product_tag","embeddable":true,"href":"https:\/\/tremunpiercing.com\/sk\/wp-json\/wp\/v2\/product_tag?post=15853"}],"curies":[{"name":"wp","href":"https:\/\/api.w.org\/{rel}","templated":true}]}}