{"id":15862,"date":"2025-04-15T22:09:47","date_gmt":"2025-04-15T21:09:47","guid":{"rendered":"https:\/\/tremunpiercing.com\/?post_type=product&#038;p=15862"},"modified":"2026-04-17T17:06:28","modified_gmt":"2026-04-17T16:06:28","slug":"dermal-top-sw-crystal-light-peach","status":"publish","type":"product","link":"https:\/\/tremunpiercing.com\/sk\/product\/dermal-top-sw-crystal-light-peach\/","title":{"rendered":"Derm\u00e1lny top - SW Crystal Light Peach"},"content":{"rendered":"<p>Dermal Top SW Crystal Light Peach dod\u00e1va profesion\u00e1lnym piercingov\u00fdm \u0161perkom trochu sofistikovanosti a jemnosti. Tento derm\u00e1lny top vyroben\u00fd z tit\u00e1nu implanta\u010dnej triedy F-136 m\u00e1 vn\u00fatorn\u00fd z\u00e1vit a je skon\u0161truovan\u00fd tak, aby bol bezpe\u010dn\u00fd, hypoalerg\u00e9nny a nosil sa dlhodobo. Tento derm\u00e1lny top je k dispoz\u00edcii v priemeroch 2,5 mm, 3 mm, 4 mm alebo 5 mm a v pon\u00fakan\u00fdch kalibroch 16G - 14G, \u010do umo\u017e\u0148uje jeho pohodln\u00e9 a bezpe\u010dn\u00e9 nosenie pre mno\u017estvo umiestnen\u00ed. Kri\u0161t\u00e1\u013e Light Peach SW pon\u00faka jemn\u00fd lesk, ktor\u00fd je elegantn\u00fd, ale nen\u00e1padn\u00fd, \u010do je \u010dast\u00e1 po\u017eiadavka na\u0161ich klientov, ktor\u00ed uprednost\u0148uj\u00fa menej n\u00e1padn\u00e9 t\u00f3ny drah\u00fdch kame\u0148ov. Pridanie tak\u00e9hoto kr\u00e1sneho ko\u017en\u00e9ho <a href=\"https:\/\/tremunpiercing.com\/product-category\/titanium-jewelry\/tops-titanium-jewelry\/\">top<\/a> do v\u00e1\u0161ho ve\u013ekoobchodu s telesn\u00fdmi \u0161perkami poskytne klientom vy\u0161\u0161iu \u00farove\u0148 bezpe\u010dnosti a kr\u00e1sy, ktor\u00e9 sa sp\u00e1jaj\u00fa do jedn\u00e9ho profesion\u00e1lneho \u0161perku.<\/p>\n<p>&nbsp;<\/p>","protected":false},"excerpt":{"rendered":"<ul>\n<li>Vn\u00fatorn\u00e9 z\u00e1vity<\/li>\n<li>Materi\u00e1l: F-136<\/li>\n<li>Priemer: 2,5 mm - 3 mm - 4 mm - 5 mm<\/li>\n<li>Meradlo: 16G - 14G<\/li>\n<\/ul>","protected":false},"featured_media":15870,"comment_status":"closed","ping_status":"closed","template":"","meta":{"_acf_changed":false},"product_brand":[],"product_cat":[442,340,343],"product_tag":[187,215,216,188,189,210,211,212,190,183,213,184,207],"class_list":{"0":"post-15862","1":"product","2":"type-product","3":"status-publish","4":"has-post-thumbnail","6":"product_cat-sw","7":"product_cat-titanium-jewelry","8":"product_cat-tops-titanium-jewelry","9":"product_tag-conch","10":"product_tag-dermal-top","11":"product_tag-disc","12":"product_tag-ear","13":"product_tag-helix","14":"product_tag-labret","15":"product_tag-lip","16":"product_tag-medusa","17":"product_tag-oreja","18":"product_tag-perforacion","19":"product_tag-philtrum","20":"product_tag-piercing","21":"product_tag-tragus","23":"first","24":"instock","25":"taxable","26":"shipping-taxable","27":"purchasable","28":"product-type-variable"},"acf":[],"gallery_images":[27706,27705],"_links":{"self":[{"href":"https:\/\/tremunpiercing.com\/sk\/wp-json\/wp\/v2\/product\/15862","targetHints":{"allow":["GET"]}}],"collection":[{"href":"https:\/\/tremunpiercing.com\/sk\/wp-json\/wp\/v2\/product"}],"about":[{"href":"https:\/\/tremunpiercing.com\/sk\/wp-json\/wp\/v2\/types\/product"}],"replies":[{"embeddable":true,"href":"https:\/\/tremunpiercing.com\/sk\/wp-json\/wp\/v2\/comments?post=15862"}],"version-history":[{"count":1,"href":"https:\/\/tremunpiercing.com\/sk\/wp-json\/wp\/v2\/product\/15862\/revisions"}],"predecessor-version":[{"id":27709,"href":"https:\/\/tremunpiercing.com\/sk\/wp-json\/wp\/v2\/product\/15862\/revisions\/27709"}],"wp:featuredmedia":[{"embeddable":true,"href":"https:\/\/tremunpiercing.com\/sk\/wp-json\/wp\/v2\/media\/15870"}],"wp:attachment":[{"href":"https:\/\/tremunpiercing.com\/sk\/wp-json\/wp\/v2\/media?parent=15862"}],"wp:term":[{"taxonomy":"product_brand","embeddable":true,"href":"https:\/\/tremunpiercing.com\/sk\/wp-json\/wp\/v2\/product_brand?post=15862"},{"taxonomy":"product_cat","embeddable":true,"href":"https:\/\/tremunpiercing.com\/sk\/wp-json\/wp\/v2\/product_cat?post=15862"},{"taxonomy":"product_tag","embeddable":true,"href":"https:\/\/tremunpiercing.com\/sk\/wp-json\/wp\/v2\/product_tag?post=15862"}],"curies":[{"name":"wp","href":"https:\/\/api.w.org\/{rel}","templated":true}]}}