{"id":16219,"date":"2025-04-22T19:19:26","date_gmt":"2025-04-22T18:19:26","guid":{"rendered":"https:\/\/tremunpiercing.com\/?post_type=product&#038;p=16219"},"modified":"2026-04-19T22:08:39","modified_gmt":"2026-04-19T21:08:39","slug":"circular-barbell-big-gauge","status":"publish","type":"product","link":"https:\/\/tremunpiercing.com\/sk\/product\/circular-barbell-big-gauge\/","title":{"rendered":"Kruhov\u00e1 \u010dinka Big Gauge"},"content":{"rendered":"<p data-pm-slice=\"1 1 []\">Kruhov\u00e1 \u010dinka Big Gauge je vyroben\u00e1 z tit\u00e1nu Implant Grade F-136, ktor\u00fd pon\u00faka najlep\u0161iu pevnos\u0165, najlep\u0161iu bezpe\u010dnos\u0165 a najlep\u0161ie hypoalerg\u00e9nne vlastnosti pre profesion\u00e1lov, ktor\u00ed formuj\u00fa n\u00e1\u0161 priemysel na celom svete. Ka\u017ed\u00fd kus je vyroben\u00fd pomocou vn\u00fatorn\u00e9ho z\u00e1vitu, ktor\u00fd zabezpe\u010duje hladk\u00e9 vkladanie. Joyer\u00eda de acero inoxidable disponible en 10G - 8G - 6G - 4G con 14 mm - 16 mm - 18 mm de di\u00e1metro y tama\u00f1os de bola de 5 mm - 8 mm. Ide\u00e1lne na roztiahnut\u00fd piercing a odv\u00e1\u017eny vzh\u013ead. Tejto ty\u010di d\u00f4veruj\u00fa piercingov\u00e9 \u0161t\u00fadi\u00e1, tetovacie sal\u00f3ny a profesion\u00e1lni dod\u00e1vatelia telesn\u00fdch \u0161perkov so s\u00eddlom v Eur\u00f3pe.<\/p>","protected":false},"excerpt":{"rendered":"<ul>\n<li>Vn\u00fatorn\u00fd z\u00e1vit<\/li>\n<li>Materi\u00e1l: F-136<\/li>\n<li>Meradlo: 10G - 8G - 6G - 4G<\/li>\n<li>Priemer: 14 mm - 16 mm - 18 mm<\/li>\n<li>Ve\u013ekos\u0165 gu\u013e\u00f4\u010dky: 5 mm - 6 mm - 8 mm<\/li>\n<\/ul>","protected":false},"featured_media":16296,"comment_status":"open","ping_status":"closed","template":"","meta":{"_acf_changed":false},"product_brand":[],"product_cat":[340,448],"product_tag":[224,194,188,189,210,211,190,183,184,197,198],"class_list":{"0":"post-16219","1":"product","2":"type-product","3":"status-publish","4":"has-post-thumbnail","6":"product_cat-titanium-jewelry","7":"product_cat-big-gauges","8":"product_tag-captive-ring","9":"product_tag-daith","10":"product_tag-ear","11":"product_tag-helix","12":"product_tag-labret","13":"product_tag-lip","14":"product_tag-oreja","15":"product_tag-perforacion","16":"product_tag-piercing","17":"product_tag-ring","18":"product_tag-septum","20":"first","21":"instock","22":"taxable","23":"shipping-taxable","24":"purchasable","25":"product-type-variable"},"acf":[],"gallery_images":[27733,27734],"_links":{"self":[{"href":"https:\/\/tremunpiercing.com\/sk\/wp-json\/wp\/v2\/product\/16219","targetHints":{"allow":["GET"]}}],"collection":[{"href":"https:\/\/tremunpiercing.com\/sk\/wp-json\/wp\/v2\/product"}],"about":[{"href":"https:\/\/tremunpiercing.com\/sk\/wp-json\/wp\/v2\/types\/product"}],"replies":[{"embeddable":true,"href":"https:\/\/tremunpiercing.com\/sk\/wp-json\/wp\/v2\/comments?post=16219"}],"version-history":[{"count":1,"href":"https:\/\/tremunpiercing.com\/sk\/wp-json\/wp\/v2\/product\/16219\/revisions"}],"predecessor-version":[{"id":27735,"href":"https:\/\/tremunpiercing.com\/sk\/wp-json\/wp\/v2\/product\/16219\/revisions\/27735"}],"wp:featuredmedia":[{"embeddable":true,"href":"https:\/\/tremunpiercing.com\/sk\/wp-json\/wp\/v2\/media\/16296"}],"wp:attachment":[{"href":"https:\/\/tremunpiercing.com\/sk\/wp-json\/wp\/v2\/media?parent=16219"}],"wp:term":[{"taxonomy":"product_brand","embeddable":true,"href":"https:\/\/tremunpiercing.com\/sk\/wp-json\/wp\/v2\/product_brand?post=16219"},{"taxonomy":"product_cat","embeddable":true,"href":"https:\/\/tremunpiercing.com\/sk\/wp-json\/wp\/v2\/product_cat?post=16219"},{"taxonomy":"product_tag","embeddable":true,"href":"https:\/\/tremunpiercing.com\/sk\/wp-json\/wp\/v2\/product_tag?post=16219"}],"curies":[{"name":"wp","href":"https:\/\/api.w.org\/{rel}","templated":true}]}}