{"id":17798,"date":"2025-06-05T17:32:26","date_gmt":"2025-06-05T16:32:26","guid":{"rendered":"https:\/\/tremunpiercing.com\/?post_type=product&#038;p=17798"},"modified":"2026-04-15T20:44:10","modified_gmt":"2026-04-15T19:44:10","slug":"sunstone-cabochon","status":"publish","type":"product","link":"https:\/\/tremunpiercing.com\/sk\/product\/sunstone-cabochon\/","title":{"rendered":"Sunstone Cabochon"},"content":{"rendered":"<p>Discover natural beauty in your piercing inventory with the Sunstone Cabochon, made of implant-grade titanium F-136 for maximizing safety and durability. Available in a size range from 3 mm to 6 mm and in gauge size range 16G-14G, this piece is built for professional piercers who prioritize quality. Featuring a warm, sparkling sunstone gem that emits a beautiful glow, this gemstone will sit well with both subtle and oversized piercing designs.<\/p>\n<p>Tremun Piercing guarantees that every piece of piercing jewelry we supply is hypoallergenic, internally threaded, and suitable for long-term wear. Tremun Piercing is sold to piercing studios, tattoo shops, and jewelry distributors all around the world. The specificity of the cabochon shape will work extremely well for every wholesale order, and Tremun Piercing appreciates the support of body jewelry retailers and sellers across all of Europe, the USA, and the UK who are looking to supply their customers with quality gemstone piercing jewelry. Be sure to stock up on safe, <strong>medical-grade wholesale body jewelry<\/strong> and provide your clients with a gemstone that will stand out with that classic gemstone style. <a href=\"https:\/\/tremunpiercing.com\/registration\/\">Resister as a professional piercer<\/a><\/p>","protected":false},"excerpt":{"rendered":"<ul>\n<li>Vn\u00fatorn\u00e9 z\u00e1vity<\/li>\n<li>Materi\u00e1l: F-136<\/li>\n<li>Priemer: 3 mm - 4 mm - 5 mm - 6 mm<\/li>\n<li>Meradlo: 16G - 14G<\/li>\n<li>Gem: Sunstone<\/li>\n<\/ul>","protected":false},"featured_media":17805,"comment_status":"closed","ping_status":"closed","template":"","meta":{"_acf_changed":false},"product_brand":[],"product_cat":[340,343],"product_tag":[192,193,202,179,180,194,188,189,195,196,226,190,183,184,197,198],"class_list":{"0":"post-17798","1":"product","2":"type-product","3":"status-publish","4":"has-post-thumbnail","6":"product_cat-titanium-jewelry","7":"product_cat-tops-titanium-jewelry","8":"product_tag-anillo","9":"product_tag-argolla","10":"product_tag-clicker","11":"product_tag-cristal","12":"product_tag-cz","13":"product_tag-daith","14":"product_tag-ear","15":"product_tag-helix","16":"product_tag-hinged-ring","17":"product_tag-nariz","18":"product_tag-opal","19":"product_tag-oreja","20":"product_tag-perforacion","21":"product_tag-piercing","22":"product_tag-ring","23":"product_tag-septum","25":"first","26":"instock","27":"taxable","28":"shipping-taxable","29":"purchasable","30":"product-type-variable"},"acf":[],"gallery_images":[17804,27666,27667],"_links":{"self":[{"href":"https:\/\/tremunpiercing.com\/sk\/wp-json\/wp\/v2\/product\/17798","targetHints":{"allow":["GET"]}}],"collection":[{"href":"https:\/\/tremunpiercing.com\/sk\/wp-json\/wp\/v2\/product"}],"about":[{"href":"https:\/\/tremunpiercing.com\/sk\/wp-json\/wp\/v2\/types\/product"}],"replies":[{"embeddable":true,"href":"https:\/\/tremunpiercing.com\/sk\/wp-json\/wp\/v2\/comments?post=17798"}],"version-history":[{"count":2,"href":"https:\/\/tremunpiercing.com\/sk\/wp-json\/wp\/v2\/product\/17798\/revisions"}],"predecessor-version":[{"id":27668,"href":"https:\/\/tremunpiercing.com\/sk\/wp-json\/wp\/v2\/product\/17798\/revisions\/27668"}],"wp:featuredmedia":[{"embeddable":true,"href":"https:\/\/tremunpiercing.com\/sk\/wp-json\/wp\/v2\/media\/17805"}],"wp:attachment":[{"href":"https:\/\/tremunpiercing.com\/sk\/wp-json\/wp\/v2\/media?parent=17798"}],"wp:term":[{"taxonomy":"product_brand","embeddable":true,"href":"https:\/\/tremunpiercing.com\/sk\/wp-json\/wp\/v2\/product_brand?post=17798"},{"taxonomy":"product_cat","embeddable":true,"href":"https:\/\/tremunpiercing.com\/sk\/wp-json\/wp\/v2\/product_cat?post=17798"},{"taxonomy":"product_tag","embeddable":true,"href":"https:\/\/tremunpiercing.com\/sk\/wp-json\/wp\/v2\/product_tag?post=17798"}],"curies":[{"name":"wp","href":"https:\/\/api.w.org\/{rel}","templated":true}]}}