{"id":17829,"date":"2025-06-05T18:54:21","date_gmt":"2025-06-05T17:54:21","guid":{"rendered":"https:\/\/tremunpiercing.com\/?post_type=product&#038;p=17829"},"modified":"2026-03-29T20:29:21","modified_gmt":"2026-03-29T19:29:21","slug":"deborah-white-cz","status":"publish","type":"product","link":"https:\/\/tremunpiercing.com\/sk\/product\/deborah-white-cz\/","title":{"rendered":"Deborah - Biela CZ"},"content":{"rendered":"<h2 data-start=\"3398\" data-end=\"3472\"><strong data-start=\"3402\" data-end=\"3470\">Deborah White CZ s vn\u00fatorn\u00fdm z\u00e1vitom - tit\u00e1n F-136 (14G)<\/strong><\/h2>\n<p>\u0160perk Deborah White CZ s vn\u00fatorn\u00fdm z\u00e1vitom je vyroben\u00fd z tit\u00e1nu F-136 na implant\u00e1ty a je spo\u013eahlivou vo\u013ebou pre bezpe\u010dn\u00e9, hypoalerg\u00e9nne \u0161perky. Tento \u0161perk s tvrdos\u0165ou 14G je pevn\u00fd, ale z\u00e1rove\u0148 pohodln\u00fd a je vyroben\u00fd tak, aby vydr\u017eal ka\u017edodenn\u00e9 opotrebovanie. Kamene z \u010disto bielych zirk\u00f3nov maj\u00fa nad\u010dasov\u00fd elegantn\u00fd lesk vhodn\u00fd pre r\u00f4zne \u0161t\u00fdly piercingu.<\/p>\n<p>Kon\u0161trukcia tohto dielu s vn\u00fatorn\u00fdm z\u00e1vitom poskytuje pohodlnej\u0161ie, hlad\u0161ie a bezpe\u010dnej\u0161ie uchytenie, \u010do u\u013eah\u010duje proces profesion\u00e1lom a zlep\u0161uje celkov\u00fd z\u00e1\u017eitok pre klientov. Tento <a href=\"https:\/\/tremunpiercing.com\/product-category\/titanium-jewelry\/barbell-titanium-jewelry\/\">tit\u00e1nov\u00e1 \u010dinka<\/a> je dokonalou kombin\u00e1ciou funk\u010dnosti a m\u00f3dy, tak\u017ee je vynikaj\u00facim doplnkom v\u00e1\u0161ho piercingov\u00e9ho \u0161t\u00fadia alebo zbierky \u0161perkov.<\/p>","protected":false},"excerpt":{"rendered":"<ul>\n<li>Vn\u00fatorn\u00e9 z\u00e1vity<\/li>\n<li>Materi\u00e1l: F-136<\/li>\n<li>Meradlo: 14G<\/li>\n<li>Drahokam: Kubick\u00fd zirk\u00f3n<\/li>\n<\/ul>","protected":false},"featured_media":17830,"comment_status":"closed","ping_status":"closed","template":"","meta":{"_acf_changed":false},"product_brand":[],"product_cat":[343,340],"product_tag":[225,187,179,180,188,189,190,200,183,184,185],"class_list":{"0":"post-17829","1":"product","2":"type-product","3":"status-publish","4":"has-post-thumbnail","6":"product_cat-tops-titanium-jewelry","7":"product_cat-titanium-jewelry","8":"product_tag-cluster","9":"product_tag-conch","10":"product_tag-cristal","11":"product_tag-cz","12":"product_tag-ear","13":"product_tag-helix","14":"product_tag-oreja","15":"product_tag-ornamental","16":"product_tag-perforacion","17":"product_tag-piercing","18":"product_tag-shiny","20":"first","21":"instock","22":"taxable","23":"shipping-taxable","24":"purchasable","25":"product-type-simple"},"acf":[],"gallery_images":[27609,27607],"_links":{"self":[{"href":"https:\/\/tremunpiercing.com\/sk\/wp-json\/wp\/v2\/product\/17829","targetHints":{"allow":["GET"]}}],"collection":[{"href":"https:\/\/tremunpiercing.com\/sk\/wp-json\/wp\/v2\/product"}],"about":[{"href":"https:\/\/tremunpiercing.com\/sk\/wp-json\/wp\/v2\/types\/product"}],"replies":[{"embeddable":true,"href":"https:\/\/tremunpiercing.com\/sk\/wp-json\/wp\/v2\/comments?post=17829"}],"version-history":[{"count":1,"href":"https:\/\/tremunpiercing.com\/sk\/wp-json\/wp\/v2\/product\/17829\/revisions"}],"predecessor-version":[{"id":27610,"href":"https:\/\/tremunpiercing.com\/sk\/wp-json\/wp\/v2\/product\/17829\/revisions\/27610"}],"wp:featuredmedia":[{"embeddable":true,"href":"https:\/\/tremunpiercing.com\/sk\/wp-json\/wp\/v2\/media\/17830"}],"wp:attachment":[{"href":"https:\/\/tremunpiercing.com\/sk\/wp-json\/wp\/v2\/media?parent=17829"}],"wp:term":[{"taxonomy":"product_brand","embeddable":true,"href":"https:\/\/tremunpiercing.com\/sk\/wp-json\/wp\/v2\/product_brand?post=17829"},{"taxonomy":"product_cat","embeddable":true,"href":"https:\/\/tremunpiercing.com\/sk\/wp-json\/wp\/v2\/product_cat?post=17829"},{"taxonomy":"product_tag","embeddable":true,"href":"https:\/\/tremunpiercing.com\/sk\/wp-json\/wp\/v2\/product_tag?post=17829"}],"curies":[{"name":"wp","href":"https:\/\/api.w.org\/{rel}","templated":true}]}}