{"id":20544,"date":"2025-08-29T20:22:06","date_gmt":"2025-08-29T19:22:06","guid":{"rendered":"https:\/\/tremunpiercing.com\/?post_type=product&#038;p=20544"},"modified":"2026-04-09T15:53:22","modified_gmt":"2026-04-09T14:53:22","slug":"becky-lab-emerald","status":"publish","type":"product","link":"https:\/\/tremunpiercing.com\/sk\/product\/becky-lab-emerald\/","title":{"rendered":"Becky Lab Emerald"},"content":{"rendered":"<p>Nad\u010dasov\u00fd a ohromuj\u00faci smaragd Becky Lab dod\u00e1 ka\u017ed\u00e9mu profesion\u00e1lnemu piercingu n\u00e1dych luxusu. Tento push-pin \u0161perk vyroben\u00fd zo 14-kar\u00e1tov\u00e9ho \u017elt\u00e9ho zlata a s \u00fa\u017easn\u00fdm laborat\u00f3rne vytvoren\u00fdm kame\u0148om smaragdovej farby, ktor\u00fd \u017eiari v s\u00fdtozelenom odtieni, sa pova\u017euje za zlat\u00fd \u0161tandard (25G) pre piercing do nosa, tragu a \u0161pir\u00e1ly a sp\u00e1ja sofistikovanos\u0165 s funk\u010dnos\u0165ou. Mimoriadne bezpe\u010dn\u00fd syst\u00e9m push pinov je pre piercerov jednoduch\u00fd na in\u0161tal\u00e1ciu a poskytuje pohodln\u00e9 nosenie po cel\u00e9 roky. Skuto\u010dn\u00fd z\u00e1klad pre \u0161t\u00fadi\u00e1 a predajcov, ktor\u00ed chc\u00fa posun\u00fa\u0165 svoje \u0161pi\u010dkov\u00e9 zlat\u00e9 \u0161perky na vy\u0161\u0161iu \u00farove\u0148.<\/p>\n<p>&nbsp;<\/p>","protected":false},"excerpt":{"rendered":"<ul>\n<li>Pr\u00edslu\u0161enstvo na zatl\u00e1\u010dacie kol\u00edky<\/li>\n<li>Mierka: 25G<\/li>\n<li>Materi\u00e1l: \u017dlt\u00e9 zlato 14k<\/li>\n<li>Drahokam: Smaragd<\/li>\n<\/ul>","protected":false},"featured_media":20565,"comment_status":"closed","ping_status":"closed","template":"","meta":{"_acf_changed":false},"product_brand":[],"product_cat":[400,337,463],"product_tag":[187,188,189,205,206,190,183,184,207],"class_list":{"0":"post-20544","1":"product","2":"type-product","3":"status-publish","4":"has-post-thumbnail","6":"product_cat-tremun","7":"product_cat-gold-jewelry","8":"product_cat-tops-gold-tremun","9":"product_tag-conch","10":"product_tag-ear","11":"product_tag-helix","12":"product_tag-lobe","13":"product_tag-lobulo","14":"product_tag-oreja","15":"product_tag-perforacion","16":"product_tag-piercing","17":"product_tag-tragus","19":"first","20":"instock","21":"taxable","22":"shipping-taxable","23":"purchasable","24":"product-type-simple"},"acf":[],"gallery_images":[29320,29319],"_links":{"self":[{"href":"https:\/\/tremunpiercing.com\/sk\/wp-json\/wp\/v2\/product\/20544","targetHints":{"allow":["GET"]}}],"collection":[{"href":"https:\/\/tremunpiercing.com\/sk\/wp-json\/wp\/v2\/product"}],"about":[{"href":"https:\/\/tremunpiercing.com\/sk\/wp-json\/wp\/v2\/types\/product"}],"replies":[{"embeddable":true,"href":"https:\/\/tremunpiercing.com\/sk\/wp-json\/wp\/v2\/comments?post=20544"}],"version-history":[{"count":1,"href":"https:\/\/tremunpiercing.com\/sk\/wp-json\/wp\/v2\/product\/20544\/revisions"}],"predecessor-version":[{"id":29321,"href":"https:\/\/tremunpiercing.com\/sk\/wp-json\/wp\/v2\/product\/20544\/revisions\/29321"}],"wp:featuredmedia":[{"embeddable":true,"href":"https:\/\/tremunpiercing.com\/sk\/wp-json\/wp\/v2\/media\/20565"}],"wp:attachment":[{"href":"https:\/\/tremunpiercing.com\/sk\/wp-json\/wp\/v2\/media?parent=20544"}],"wp:term":[{"taxonomy":"product_brand","embeddable":true,"href":"https:\/\/tremunpiercing.com\/sk\/wp-json\/wp\/v2\/product_brand?post=20544"},{"taxonomy":"product_cat","embeddable":true,"href":"https:\/\/tremunpiercing.com\/sk\/wp-json\/wp\/v2\/product_cat?post=20544"},{"taxonomy":"product_tag","embeddable":true,"href":"https:\/\/tremunpiercing.com\/sk\/wp-json\/wp\/v2\/product_tag?post=20544"}],"curies":[{"name":"wp","href":"https:\/\/api.w.org\/{rel}","templated":true}]}}