{"id":20546,"date":"2025-08-29T20:59:22","date_gmt":"2025-08-29T19:59:22","guid":{"rendered":"https:\/\/tremunpiercing.com\/?post_type=product&#038;p=20546"},"modified":"2026-04-09T15:51:59","modified_gmt":"2026-04-09T14:51:59","slug":"becky-mercury-mist-topaz","status":"publish","type":"product","link":"https:\/\/tremunpiercing.com\/sk\/product\/becky-mercury-mist-topaz\/","title":{"rendered":"Becky Mercury Mist Topaz"},"content":{"rendered":"<p>Pr\u00edvesok Becky Mercury Mist Topaz fascinuje svojou trblietavou premenou farieb z jemn\u00fdch pastelov\u00fdch na jasn\u00e9 odlesky svetla. Tento pr\u00edvesok na zatl\u00e1\u010danie (25G), vyroben\u00fd z mas\u00edvneho 14-kar\u00e1tov\u00e9ho \u017elt\u00e9ho zlata, je stabiln\u00fd a \u013eahko sa nos\u00ed. Tento pr\u00edvesok je navrhnut\u00fd na jednoduch\u00e9 nosenie v piercingoch nosov\u00fdch dierok, \u0161pir\u00e1ly a tragu a je k\u00faskom, ktor\u00fd m\u00f4\u017ee poskytn\u00fa\u0165 iskru a luxus profesion\u00e1lnym kolekci\u00e1m. Pilieri s\u00fa nad\u0161en\u00ed jeho v\u0161estrannos\u0165ou a spo\u013eahlivos\u0165ou, klienti miluj\u00fa jeho d\u00fahov\u00fd lesk a Becky Mercury Mist Topaz je skuto\u010dne dizajn\u00e9rskym snom o cenovo dostupnom spojen\u00ed umeleck\u00e9ho majstrovstva a luxusu!<\/p>\n<p>&nbsp;<\/p>","protected":false},"excerpt":{"rendered":"<ul>\n<li>Pr\u00edslu\u0161enstvo na zatl\u00e1\u010dacie kol\u00edky<\/li>\n<li>Mierka: 25G<\/li>\n<li>Materi\u00e1l: \u017dlt\u00e9 zlato 14k<\/li>\n<li>Drahokam: Top\u00e1s: Merk\u00farna hmla<\/li>\n<\/ul>","protected":false},"featured_media":20564,"comment_status":"closed","ping_status":"closed","template":"","meta":{"_acf_changed":false},"product_brand":[],"product_cat":[400,337,463],"product_tag":[187,188,189,205,206,190,183,184,207],"class_list":{"0":"post-20546","1":"product","2":"type-product","3":"status-publish","4":"has-post-thumbnail","6":"product_cat-tremun","7":"product_cat-gold-jewelry","8":"product_cat-tops-gold-tremun","9":"product_tag-conch","10":"product_tag-ear","11":"product_tag-helix","12":"product_tag-lobe","13":"product_tag-lobulo","14":"product_tag-oreja","15":"product_tag-perforacion","16":"product_tag-piercing","17":"product_tag-tragus","19":"first","20":"instock","21":"taxable","22":"shipping-taxable","23":"purchasable","24":"product-type-simple"},"acf":[],"gallery_images":[29314,29315],"_links":{"self":[{"href":"https:\/\/tremunpiercing.com\/sk\/wp-json\/wp\/v2\/product\/20546","targetHints":{"allow":["GET"]}}],"collection":[{"href":"https:\/\/tremunpiercing.com\/sk\/wp-json\/wp\/v2\/product"}],"about":[{"href":"https:\/\/tremunpiercing.com\/sk\/wp-json\/wp\/v2\/types\/product"}],"replies":[{"embeddable":true,"href":"https:\/\/tremunpiercing.com\/sk\/wp-json\/wp\/v2\/comments?post=20546"}],"version-history":[{"count":1,"href":"https:\/\/tremunpiercing.com\/sk\/wp-json\/wp\/v2\/product\/20546\/revisions"}],"predecessor-version":[{"id":29317,"href":"https:\/\/tremunpiercing.com\/sk\/wp-json\/wp\/v2\/product\/20546\/revisions\/29317"}],"wp:featuredmedia":[{"embeddable":true,"href":"https:\/\/tremunpiercing.com\/sk\/wp-json\/wp\/v2\/media\/20564"}],"wp:attachment":[{"href":"https:\/\/tremunpiercing.com\/sk\/wp-json\/wp\/v2\/media?parent=20546"}],"wp:term":[{"taxonomy":"product_brand","embeddable":true,"href":"https:\/\/tremunpiercing.com\/sk\/wp-json\/wp\/v2\/product_brand?post=20546"},{"taxonomy":"product_cat","embeddable":true,"href":"https:\/\/tremunpiercing.com\/sk\/wp-json\/wp\/v2\/product_cat?post=20546"},{"taxonomy":"product_tag","embeddable":true,"href":"https:\/\/tremunpiercing.com\/sk\/wp-json\/wp\/v2\/product_tag?post=20546"}],"curies":[{"name":"wp","href":"https:\/\/api.w.org\/{rel}","templated":true}]}}