{"id":20578,"date":"2025-08-29T22:40:24","date_gmt":"2025-08-29T21:40:24","guid":{"rendered":"https:\/\/tremunpiercing.com\/?post_type=product&#038;p=20578"},"modified":"2026-04-09T14:57:54","modified_gmt":"2026-04-09T13:57:54","slug":"katia-moissanite-sapphire-blue","status":"publish","type":"product","link":"https:\/\/tremunpiercing.com\/sk\/product\/katia-moissanite-sapphire-blue\/","title":{"rendered":"Katia Moissanite Sapphire Blue"},"content":{"rendered":"<p>Moissanit Katia Sapphire Blue pon\u00faka hlbok\u00fd oce\u00e1nsky lesk v sofistikovanej povrchovej \u00faprave zo 14-kar\u00e1tov\u00e9ho \u017elt\u00e9ho zlata. Tento \u0161perk s vn\u00fatorn\u00fdm z\u00e1vitom 14G obsahuje \u017eiariv\u00fd zaf\u00edrovo-modr\u00fd drahokam moissanit, ktor\u00fd l\u00e1me svetlo s o\u010daruj\u00facim leskom. Tvar \u0161perku je ur\u010den\u00fd na \u0161pir\u00e1lov\u00fd, konchov\u00fd alebo ploch\u00fd piercing, pon\u00faka jednoduch\u00fd sp\u00f4sob zabezpe\u010denia a vkladania a z\u00e1rove\u0148 je rovnako ohromuj\u00faci a pohodln\u00fd pri nosen\u00ed.<\/p>\n<p>S priemerom 7 mm predstavuje dokonal\u00fa rovnov\u00e1hu medzi eleganciou a pou\u017eite\u013enos\u0165ou pre profesion\u00e1lnych piercerov. K\u00fasok je odoln\u00fd pre klientelu, ktor\u00e1 t\u00fa\u017ei po s\u00fdtom t\u00f3ne s prepracovanos\u0165ou, a ur\u010dite vynikne. Katia Moissanite Sapphire Blue, ide\u00e1lny pre pr\u00e9miov\u00e9 piercingov\u00e9 \u0161t\u00fadi\u00e1 a predajcov \u0161perkov, pon\u00faka jedine\u010dn\u00fa kombin\u00e1ciu remeselnej kr\u00e1sy a modern\u00e9ho luxusu, ktor\u00e1 sa dobre sp\u00e1ja a vynikne v ka\u017edej kur\u00e1torskej kolekcii.<\/p>","protected":false},"excerpt":{"rendered":"<ul>\n<li>Vn\u00fatorn\u00fd z\u00e1vit<\/li>\n<li>Meradlo: 14G<\/li>\n<li>Priemer: 7 mm<\/li>\n<li>Materi\u00e1l: \u017dlt\u00e9 zlato 14k<\/li>\n<li>Drahokam: Moissanit Sapphire Blue<\/li>\n<\/ul>","protected":false},"featured_media":20579,"comment_status":"closed","ping_status":"closed","template":"","meta":{"_acf_changed":false},"product_brand":[],"product_cat":[400,337,463],"product_tag":[187,188,189,205,206,190,183,184,207],"class_list":{"0":"post-20578","1":"product","2":"type-product","3":"status-publish","4":"has-post-thumbnail","6":"product_cat-tremun","7":"product_cat-gold-jewelry","8":"product_cat-tops-gold-tremun","9":"product_tag-conch","10":"product_tag-ear","11":"product_tag-helix","12":"product_tag-lobe","13":"product_tag-lobulo","14":"product_tag-oreja","15":"product_tag-perforacion","16":"product_tag-piercing","17":"product_tag-tragus","19":"first","20":"instock","21":"taxable","22":"shipping-taxable","23":"purchasable","24":"product-type-simple"},"acf":[],"gallery_images":[29298,29297],"_links":{"self":[{"href":"https:\/\/tremunpiercing.com\/sk\/wp-json\/wp\/v2\/product\/20578","targetHints":{"allow":["GET"]}}],"collection":[{"href":"https:\/\/tremunpiercing.com\/sk\/wp-json\/wp\/v2\/product"}],"about":[{"href":"https:\/\/tremunpiercing.com\/sk\/wp-json\/wp\/v2\/types\/product"}],"replies":[{"embeddable":true,"href":"https:\/\/tremunpiercing.com\/sk\/wp-json\/wp\/v2\/comments?post=20578"}],"version-history":[{"count":1,"href":"https:\/\/tremunpiercing.com\/sk\/wp-json\/wp\/v2\/product\/20578\/revisions"}],"predecessor-version":[{"id":29300,"href":"https:\/\/tremunpiercing.com\/sk\/wp-json\/wp\/v2\/product\/20578\/revisions\/29300"}],"wp:featuredmedia":[{"embeddable":true,"href":"https:\/\/tremunpiercing.com\/sk\/wp-json\/wp\/v2\/media\/20579"}],"wp:attachment":[{"href":"https:\/\/tremunpiercing.com\/sk\/wp-json\/wp\/v2\/media?parent=20578"}],"wp:term":[{"taxonomy":"product_brand","embeddable":true,"href":"https:\/\/tremunpiercing.com\/sk\/wp-json\/wp\/v2\/product_brand?post=20578"},{"taxonomy":"product_cat","embeddable":true,"href":"https:\/\/tremunpiercing.com\/sk\/wp-json\/wp\/v2\/product_cat?post=20578"},{"taxonomy":"product_tag","embeddable":true,"href":"https:\/\/tremunpiercing.com\/sk\/wp-json\/wp\/v2\/product_tag?post=20578"}],"curies":[{"name":"wp","href":"https:\/\/api.w.org\/{rel}","templated":true}]}}