{"id":20900,"date":"2025-09-01T22:09:40","date_gmt":"2025-09-01T21:09:40","guid":{"rendered":"https:\/\/tremunpiercing.com\/?post_type=product&#038;p=20900"},"modified":"2026-04-22T00:12:36","modified_gmt":"2026-04-21T23:12:36","slug":"allyson","status":"publish","type":"product","link":"https:\/\/tremunpiercing.com\/sk\/product\/allyson\/","title":{"rendered":"Allyson"},"content":{"rendered":"<p>Allyson push pin je klasick\u00fd doplnok 25G vyroben\u00fd zo 14-kar\u00e1tov\u00e9ho \u017elt\u00e9ho zlata, ktor\u00fd je minimalistick\u00fd, ale elegantn\u00fd. \u010cist\u00e9 l\u00ednie a jemn\u00e1 geometrick\u00e1 silueta odr\u00e1\u017eaj\u00fa modern\u00fd \u0161t\u00fdl. Allyson je kr\u00e1sne skon\u0161truovan\u00fd pre piercingy do \u0161pir\u00e1ly, tragu a lalokov a hod\u00ed sa do \u0161t\u00fadi\u00ed, ktor\u00e9 dbaj\u00fa na vzne\u0161enej\u0161iu estetiku, ako aj na minim\u00e1lny vzh\u013ead. Tento v\u00fdrazn\u00fd k\u00fasok \u013eahko dopln\u00ed luxusn\u00e9 kolekcie telesn\u00fdch \u0161perkov.<\/p>\n<p>Tento hypoalerg\u00e9nny push pin je vyroben\u00fd pre pohodlie a dlh\u00fa \u017eivotnos\u0165 a z\u00e1rove\u0148 je ide\u00e1lnym doplnkom pre poskytovate\u013eov telesn\u00fdch \u0161perkov a piercerov, ktor\u00ed h\u013eadaj\u00fa \u0161pi\u010dkov\u00e9 materi\u00e1ly lek\u00e1rskej kvality. Allyson je jednozna\u010dnou v\u00fdhrou a favoritom pre tie tetovacie sal\u00f3ny, ktor\u00e9 sa za\u010d\u00ednaj\u00fa ubera\u0165 \u0161pi\u010dkov\u00fdm smerom kur\u00e1torsk\u00fdch l\u00edni\u00ed \u0161perkov.<\/p>","protected":false},"excerpt":{"rendered":"<ul>\n<li>Pr\u00edslu\u0161enstvo na zatl\u00e1\u010dacie kol\u00edky<\/li>\n<li>Mierka: 25G<\/li>\n<li>Materi\u00e1l: \u017dlt\u00e9 zlato 14k<\/li>\n<\/ul>","protected":false},"featured_media":20976,"comment_status":"closed","ping_status":"closed","template":"","meta":{"_acf_changed":false},"product_brand":[],"product_cat":[400,337,463],"product_tag":[187,188,189,205,206,190,183,184,207],"class_list":{"0":"post-20900","1":"product","2":"type-product","3":"status-publish","4":"has-post-thumbnail","6":"product_cat-tremun","7":"product_cat-gold-jewelry","8":"product_cat-tops-gold-tremun","9":"product_tag-conch","10":"product_tag-ear","11":"product_tag-helix","12":"product_tag-lobe","13":"product_tag-lobulo","14":"product_tag-oreja","15":"product_tag-perforacion","16":"product_tag-piercing","17":"product_tag-tragus","19":"first","20":"outofstock","21":"taxable","22":"shipping-taxable","23":"purchasable","24":"product-type-simple"},"acf":[],"gallery_images":[29237,29236],"_links":{"self":[{"href":"https:\/\/tremunpiercing.com\/sk\/wp-json\/wp\/v2\/product\/20900","targetHints":{"allow":["GET"]}}],"collection":[{"href":"https:\/\/tremunpiercing.com\/sk\/wp-json\/wp\/v2\/product"}],"about":[{"href":"https:\/\/tremunpiercing.com\/sk\/wp-json\/wp\/v2\/types\/product"}],"replies":[{"embeddable":true,"href":"https:\/\/tremunpiercing.com\/sk\/wp-json\/wp\/v2\/comments?post=20900"}],"version-history":[{"count":1,"href":"https:\/\/tremunpiercing.com\/sk\/wp-json\/wp\/v2\/product\/20900\/revisions"}],"predecessor-version":[{"id":29239,"href":"https:\/\/tremunpiercing.com\/sk\/wp-json\/wp\/v2\/product\/20900\/revisions\/29239"}],"wp:featuredmedia":[{"embeddable":true,"href":"https:\/\/tremunpiercing.com\/sk\/wp-json\/wp\/v2\/media\/20976"}],"wp:attachment":[{"href":"https:\/\/tremunpiercing.com\/sk\/wp-json\/wp\/v2\/media?parent=20900"}],"wp:term":[{"taxonomy":"product_brand","embeddable":true,"href":"https:\/\/tremunpiercing.com\/sk\/wp-json\/wp\/v2\/product_brand?post=20900"},{"taxonomy":"product_cat","embeddable":true,"href":"https:\/\/tremunpiercing.com\/sk\/wp-json\/wp\/v2\/product_cat?post=20900"},{"taxonomy":"product_tag","embeddable":true,"href":"https:\/\/tremunpiercing.com\/sk\/wp-json\/wp\/v2\/product_tag?post=20900"}],"curies":[{"name":"wp","href":"https:\/\/api.w.org\/{rel}","templated":true}]}}