{"id":21956,"date":"2025-09-17T16:26:13","date_gmt":"2025-09-17T15:26:13","guid":{"rendered":"https:\/\/tremunpiercing.com\/?post_type=product&#038;p=21956"},"modified":"2026-04-14T16:47:27","modified_gmt":"2026-04-14T15:47:27","slug":"prong-leaf-light-peony-opal","status":"publish","type":"product","link":"https:\/\/tremunpiercing.com\/sk\/product\/prong-leaf-light-peony-opal\/","title":{"rendered":"Svetl\u00fd op\u00e1l pivo\u0148ka s listami"},"content":{"rendered":"<p>\u0160perky Prong Leaf Light Peony Opal predstavuj\u00fa jemn\u00e9 op\u00e1lov\u00e9 t\u00f3ny, ktor\u00e9 sa jemne trblietaj\u00fa v akomko\u013evek svetle. Tento ru\u010dne navliekan\u00fd \u0161perk na telo, vyroben\u00fd z implant\u00e1tov\u00e9ho tit\u00e1nu (F-136), m\u00e1 jedine\u010dn\u00e9 prvky v tvare listu a drah\u00e9 kamene svetl\u00fdch pivoniek op\u00e1lov, ktor\u00e9 mu dod\u00e1vaj\u00fa prirodzen\u00fd, ale luxusn\u00fd \u0161t\u00fdl. V\u010faka r\u00f4znym ve\u013ekostiam gu\u013e\u00f4\u010dok (4 mm - 6 mm a 5 mm - 8 mm a 11 mm) umo\u017e\u0148uje profesion\u00e1lnym piercerom vytvori\u0165 jedine\u010dn\u00fd \u0161perk, ktor\u00fd bude vyhovova\u0165 ich klientom, a mo\u017eno ho nosi\u0165 pri piercingu do pupka, \u0161pir\u00e1ly alebo konchy. Bezpe\u010dnos\u0165 jeho navliekania, ako aj pocit z tohto \u0161perku v\u00e1m zaru\u010d\u00ed pohodlie pri ka\u017edodennom nosen\u00ed.<\/p>\n<p>Tento dekorat\u00edvny \u0161perk je dokonal\u00fdm \u017eensk\u00fdm doplnkom ka\u017ed\u00e9ho kur\u00e1torsk\u00e9ho ucha alebo zbierky a je ve\u013emi ob\u013e\u00fabenou po\u017eiadavkou piercingov\u00fdch \u0161t\u00fadi\u00ed a predajcov \u0161perkov v Eur\u00f3pe, Spojenom kr\u00e1\u013eovstve a USA.<\/p>","protected":false},"excerpt":{"rendered":"<ul>\n<li>Vn\u00fatorn\u00e9 z\u00e1vity<\/li>\n<li>Materi\u00e1l: F-136<\/li>\n<li>Ve\u013ekos\u0165: 4,5 mm<\/li>\n<li>Meradlo: 16G<\/li>\n<li>Drahokam: Op\u00e1l svetlej pivo\u0148ky<\/li>\n<\/ul>","protected":false},"featured_media":22290,"comment_status":"closed","ping_status":"closed","template":"","meta":{"_acf_changed":false},"product_brand":[],"product_cat":[340,343],"product_tag":[187,179,180,188,209,189,210,211,212,199,190,183,213,184,214,185,207],"class_list":{"0":"post-21956","1":"product","2":"type-product","3":"status-publish","4":"has-post-thumbnail","6":"product_cat-titanium-jewelry","7":"product_cat-tops-titanium-jewelry","8":"product_tag-conch","9":"product_tag-cristal","10":"product_tag-cz","11":"product_tag-ear","12":"product_tag-faux-rook","13":"product_tag-helix","14":"product_tag-labret","15":"product_tag-lip","16":"product_tag-medusa","17":"product_tag-nostril","18":"product_tag-oreja","19":"product_tag-perforacion","20":"product_tag-philtrum","21":"product_tag-piercing","22":"product_tag-rook","23":"product_tag-shiny","24":"product_tag-tragus","26":"first","27":"instock","28":"taxable","29":"shipping-taxable","30":"purchasable","31":"product-type-simple"},"acf":[],"gallery_images":[27572,27571],"_links":{"self":[{"href":"https:\/\/tremunpiercing.com\/sk\/wp-json\/wp\/v2\/product\/21956","targetHints":{"allow":["GET"]}}],"collection":[{"href":"https:\/\/tremunpiercing.com\/sk\/wp-json\/wp\/v2\/product"}],"about":[{"href":"https:\/\/tremunpiercing.com\/sk\/wp-json\/wp\/v2\/types\/product"}],"replies":[{"embeddable":true,"href":"https:\/\/tremunpiercing.com\/sk\/wp-json\/wp\/v2\/comments?post=21956"}],"version-history":[{"count":1,"href":"https:\/\/tremunpiercing.com\/sk\/wp-json\/wp\/v2\/product\/21956\/revisions"}],"predecessor-version":[{"id":27575,"href":"https:\/\/tremunpiercing.com\/sk\/wp-json\/wp\/v2\/product\/21956\/revisions\/27575"}],"wp:featuredmedia":[{"embeddable":true,"href":"https:\/\/tremunpiercing.com\/sk\/wp-json\/wp\/v2\/media\/22290"}],"wp:attachment":[{"href":"https:\/\/tremunpiercing.com\/sk\/wp-json\/wp\/v2\/media?parent=21956"}],"wp:term":[{"taxonomy":"product_brand","embeddable":true,"href":"https:\/\/tremunpiercing.com\/sk\/wp-json\/wp\/v2\/product_brand?post=21956"},{"taxonomy":"product_cat","embeddable":true,"href":"https:\/\/tremunpiercing.com\/sk\/wp-json\/wp\/v2\/product_cat?post=21956"},{"taxonomy":"product_tag","embeddable":true,"href":"https:\/\/tremunpiercing.com\/sk\/wp-json\/wp\/v2\/product_tag?post=21956"}],"curies":[{"name":"wp","href":"https:\/\/api.w.org\/{rel}","templated":true}]}}