{"id":21958,"date":"2025-09-17T16:30:55","date_gmt":"2025-09-17T15:30:55","guid":{"rendered":"https:\/\/tremunpiercing.com\/?post_type=product&#038;p=21958"},"modified":"2026-04-18T13:39:21","modified_gmt":"2026-04-18T12:39:21","slug":"trinity-sw","status":"publish","type":"product","link":"https:\/\/tremunpiercing.com\/sk\/product\/trinity-sw\/","title":{"rendered":"Trinity - SW"},"content":{"rendered":"<p>Tit\u00e1nov\u00fd top Trinity SW sp\u00e1ja svie\u017ei kon\u0161truk\u010dn\u00fd minimalizmus s klasick\u00fdm iskriv\u00fdm leskom. Tento zvr\u0161ok s vn\u00fatorn\u00fdm z\u00e1vitom je vyroben\u00fd z tit\u00e1nu na implant\u00e1ty (F-136) a m\u00e1 tri trblietav\u00e9 kry\u0161t\u00e1ly Swarovski, ktor\u00e9 zachyt\u00e1vaj\u00fa svetlo zo v\u0161etk\u00fdch uhlov. Je skon\u0161truovan\u00fd pre pohodlie a odolnos\u0165 a je skvelou vo\u013ebou pre r\u00f4zne umiestnenia, ako napr\u00edklad helix, tragus, konch alebo lalok.<\/p>\n<p>Okrem toho s\u00fa v\u0161etky kry\u0161t\u00e1ly dokonale zarovnan\u00e9 a vytv\u00e1raj\u00fa elegantn\u00fd trojuholn\u00edk, ktor\u00fd prirodzene vykres\u013euje jemn\u00fd lesk bez toho, aby odv\u00e1dzal pozornos\u0165 od ucha. Trinity-SW sa dod\u00e1va vo ve\u013ekostiach 2,5 mm, 3,6 mm a 4,5 mm, tak\u017ee je ide\u00e1lnou vo\u013ebou, ktor\u00fa mo\u017eno odporu\u010di\u0165 profesion\u00e1lnemu piercerovi, ktor\u00fd chce pon\u00faknu\u0165 \u0161pi\u010dkov\u00fa hypoalerg\u00e9nnu vo\u013ebu, ktor\u00fa si jeho klienti ob\u013e\u00fabia na dlh\u00fd \u010das.<\/p>","protected":false},"excerpt":{"rendered":"<ul>\n<li>Vn\u00fatorn\u00e9 z\u00e1vity<\/li>\n<li>Materi\u00e1l: F-136<\/li>\n<li>Meradlo: 16G<\/li>\n<li>Drahokam: Kri\u0161t\u00e1\u013e Swarovski<\/li>\n<li>Ve\u013ekosti: 2,5 mm - 3,6 mm - 4,5 mm<\/li>\n<\/ul>","protected":false},"featured_media":22104,"comment_status":"closed","ping_status":"closed","template":"","meta":{"_acf_changed":false},"product_brand":[],"product_cat":[442,340,343],"product_tag":[187,188,189,210,205,206,212,190,183,213,184,207],"class_list":{"0":"post-21958","1":"product","2":"type-product","3":"status-publish","4":"has-post-thumbnail","6":"product_cat-sw","7":"product_cat-titanium-jewelry","8":"product_cat-tops-titanium-jewelry","9":"product_tag-conch","10":"product_tag-ear","11":"product_tag-helix","12":"product_tag-labret","13":"product_tag-lobe","14":"product_tag-lobulo","15":"product_tag-medusa","16":"product_tag-oreja","17":"product_tag-perforacion","18":"product_tag-philtrum","19":"product_tag-piercing","20":"product_tag-tragus","22":"first","23":"instock","24":"taxable","25":"shipping-taxable","26":"purchasable","27":"product-type-variable"},"acf":[],"gallery_images":[22105,27627,22106,27624,22107,27626,27625],"_links":{"self":[{"href":"https:\/\/tremunpiercing.com\/sk\/wp-json\/wp\/v2\/product\/21958","targetHints":{"allow":["GET"]}}],"collection":[{"href":"https:\/\/tremunpiercing.com\/sk\/wp-json\/wp\/v2\/product"}],"about":[{"href":"https:\/\/tremunpiercing.com\/sk\/wp-json\/wp\/v2\/types\/product"}],"replies":[{"embeddable":true,"href":"https:\/\/tremunpiercing.com\/sk\/wp-json\/wp\/v2\/comments?post=21958"}],"version-history":[{"count":1,"href":"https:\/\/tremunpiercing.com\/sk\/wp-json\/wp\/v2\/product\/21958\/revisions"}],"predecessor-version":[{"id":27579,"href":"https:\/\/tremunpiercing.com\/sk\/wp-json\/wp\/v2\/product\/21958\/revisions\/27579"}],"wp:featuredmedia":[{"embeddable":true,"href":"https:\/\/tremunpiercing.com\/sk\/wp-json\/wp\/v2\/media\/22104"}],"wp:attachment":[{"href":"https:\/\/tremunpiercing.com\/sk\/wp-json\/wp\/v2\/media?parent=21958"}],"wp:term":[{"taxonomy":"product_brand","embeddable":true,"href":"https:\/\/tremunpiercing.com\/sk\/wp-json\/wp\/v2\/product_brand?post=21958"},{"taxonomy":"product_cat","embeddable":true,"href":"https:\/\/tremunpiercing.com\/sk\/wp-json\/wp\/v2\/product_cat?post=21958"},{"taxonomy":"product_tag","embeddable":true,"href":"https:\/\/tremunpiercing.com\/sk\/wp-json\/wp\/v2\/product_tag?post=21958"}],"curies":[{"name":"wp","href":"https:\/\/api.w.org\/{rel}","templated":true}]}}