{"id":21985,"date":"2025-09-17T19:12:55","date_gmt":"2025-09-17T18:12:55","guid":{"rendered":"https:\/\/tremunpiercing.com\/?post_type=product&#038;p=21985"},"modified":"2026-04-18T11:37:35","modified_gmt":"2026-04-18T10:37:35","slug":"lena-sw-white","status":"publish","type":"product","link":"https:\/\/tremunpiercing.com\/sk\/product\/lena-sw-white\/","title":{"rendered":"Lena - SW White"},"content":{"rendered":"<p>Lena - SW White prin\u00e1\u0161a do minimalistick\u00e9ho dizajnu \u010dist\u00fd lesk. Tento 16G, 3 mm cvo\u010dek s vn\u00fatorn\u00fdm z\u00e1vitom je vyroben\u00fd z tit\u00e1nu implanta\u010dnej triedy F-136 a je vybaven\u00fd n\u00e1dhern\u00fdm bielym kry\u0161t\u00e1lom Swarovski, ktor\u00fd sa trbliece na v\u0161etky strany. Hypoalerg\u00e9nny tit\u00e1n poskytuje trval\u00fd komfort po\u010das nosenia a je ide\u00e1lny na piercing do labret, helixu a tragu.<\/p>\n<p>Vyroben\u00fd na profesion\u00e1lnu in\u0161tal\u00e1ciu, \u013eahko sa in\u0161taluje aj v t\u00fdch najtesnej\u0161\u00edch priestoroch a z\u00e1rove\u0148 zabra\u0148uje strat\u00e1m zo svorn\u00edka. Nad\u010dasov\u00fd lesk bieleho kry\u0161t\u00e1lu sa hod\u00ed k ak\u00e9muko\u013evek odtie\u0148u pleti a \u0161t\u00fdlu - ide o potrebn\u00fd cvo\u010dek pre piercingov\u00e9 \u0161t\u00fadi\u00e1 a kvalitn\u00e9 rafin\u00e9rie.<\/p>","protected":false},"excerpt":{"rendered":"<ul>\n<li>Vn\u00fatorn\u00e9 z\u00e1vity<\/li>\n<li>Materi\u00e1l: F-136<\/li>\n<li>Ve\u013ekos\u0165: 3 mm<\/li>\n<li>Drahokam: Kri\u0161t\u00e1\u013e Swarovski<\/li>\n<li>Meradlo: 16G<\/li>\n<\/ul>","protected":false},"featured_media":22379,"comment_status":"closed","ping_status":"closed","template":"","meta":{"_acf_changed":false},"product_brand":[],"product_cat":[442,340,343],"product_tag":[187,188,189,210,211,199,190,183,184],"class_list":{"0":"post-21985","1":"product","2":"type-product","3":"status-publish","4":"has-post-thumbnail","6":"product_cat-sw","7":"product_cat-titanium-jewelry","8":"product_cat-tops-titanium-jewelry","9":"product_tag-conch","10":"product_tag-ear","11":"product_tag-helix","12":"product_tag-labret","13":"product_tag-lip","14":"product_tag-nostril","15":"product_tag-oreja","16":"product_tag-perforacion","17":"product_tag-piercing","19":"first","20":"instock","21":"taxable","22":"shipping-taxable","23":"purchasable","24":"product-type-simple"},"acf":[],"gallery_images":[27511,27512],"_links":{"self":[{"href":"https:\/\/tremunpiercing.com\/sk\/wp-json\/wp\/v2\/product\/21985","targetHints":{"allow":["GET"]}}],"collection":[{"href":"https:\/\/tremunpiercing.com\/sk\/wp-json\/wp\/v2\/product"}],"about":[{"href":"https:\/\/tremunpiercing.com\/sk\/wp-json\/wp\/v2\/types\/product"}],"replies":[{"embeddable":true,"href":"https:\/\/tremunpiercing.com\/sk\/wp-json\/wp\/v2\/comments?post=21985"}],"version-history":[{"count":1,"href":"https:\/\/tremunpiercing.com\/sk\/wp-json\/wp\/v2\/product\/21985\/revisions"}],"predecessor-version":[{"id":27516,"href":"https:\/\/tremunpiercing.com\/sk\/wp-json\/wp\/v2\/product\/21985\/revisions\/27516"}],"wp:featuredmedia":[{"embeddable":true,"href":"https:\/\/tremunpiercing.com\/sk\/wp-json\/wp\/v2\/media\/22379"}],"wp:attachment":[{"href":"https:\/\/tremunpiercing.com\/sk\/wp-json\/wp\/v2\/media?parent=21985"}],"wp:term":[{"taxonomy":"product_brand","embeddable":true,"href":"https:\/\/tremunpiercing.com\/sk\/wp-json\/wp\/v2\/product_brand?post=21985"},{"taxonomy":"product_cat","embeddable":true,"href":"https:\/\/tremunpiercing.com\/sk\/wp-json\/wp\/v2\/product_cat?post=21985"},{"taxonomy":"product_tag","embeddable":true,"href":"https:\/\/tremunpiercing.com\/sk\/wp-json\/wp\/v2\/product_tag?post=21985"}],"curies":[{"name":"wp","href":"https:\/\/api.w.org\/{rel}","templated":true}]}}