{"id":21988,"date":"2025-09-17T19:20:38","date_gmt":"2025-09-17T18:20:38","guid":{"rendered":"https:\/\/tremunpiercing.com\/?post_type=product&#038;p=21988"},"modified":"2026-03-18T17:08:43","modified_gmt":"2026-03-18T16:08:43","slug":"lena-sw-lavender","status":"publish","type":"product","link":"https:\/\/tremunpiercing.com\/sk\/product\/lena-sw-lavender\/","title":{"rendered":"Lena - SW Lavender"},"content":{"rendered":"<p>Model Lena SW Lavender prin\u00e1\u0161a \u013eahk\u00fd \u0161t\u00fdl a nen\u00e1padn\u00fa sofistikovanos\u0165. T\u00e1to 3 mm n\u00e1u\u0161nica s vn\u00fatorn\u00fdm z\u00e1vitom 16G, vyroben\u00e1 z tit\u00e1nu implanta\u010dnej triedy F-136, sa p\u00fd\u0161i jemn\u00fdm kry\u0161t\u00e1lom Swarovski Lavender, ktor\u00fd vy\u017earuje jemn\u00e9 pastelov\u00e9 t\u00f3ny. Ohromuj\u00faco sa hodia na piercing v labretoch, tragu, \u0161pir\u00e1le a lalokoch.<\/p>\n<p>Vychutnajte si jednoduch\u00fa in\u0161tal\u00e1ciu a z\u00e1rove\u0148 prvotriedne pohodlie a bezpe\u010dnos\u0165 poko\u017eky. Je ide\u00e1lny pre prec\u00edznych piercerov a poskytuje spo\u013eahliv\u00fd a sofistikovan\u00fd v\u00fdrazn\u00fd prvok. Upokojuj\u00faca \u017eiara levandu\u013eovej farby je dokonalou vo\u013ebou pre klientov, ktor\u00ed h\u013eadaj\u00fa kr\u00e1su v nen\u00e1padnom luxuse v ka\u017edodenn\u00fdch \u0161perkoch.<\/p>","protected":false},"excerpt":{"rendered":"<ul>\n<li>Vn\u00fatorn\u00e9 z\u00e1vity<\/li>\n<li>Materi\u00e1l: F-136<\/li>\n<li>Ve\u013ekos\u0165: 3 mm<\/li>\n<li>Drahokam: Kri\u0161t\u00e1\u013e Swarovski<\/li>\n<li>Meradlo: 16G<\/li>\n<\/ul>","protected":false},"featured_media":21989,"comment_status":"closed","ping_status":"closed","template":"","meta":{"_acf_changed":false},"product_brand":[],"product_cat":[442,340,343],"product_tag":[187,188,189,210,211,199,190,183,184],"class_list":{"0":"post-21988","1":"product","2":"type-product","3":"status-publish","4":"has-post-thumbnail","6":"product_cat-sw","7":"product_cat-titanium-jewelry","8":"product_cat-tops-titanium-jewelry","9":"product_tag-conch","10":"product_tag-ear","11":"product_tag-helix","12":"product_tag-labret","13":"product_tag-lip","14":"product_tag-nostril","15":"product_tag-oreja","16":"product_tag-perforacion","17":"product_tag-piercing","19":"first","20":"instock","21":"taxable","22":"shipping-taxable","23":"purchasable","24":"product-type-simple"},"acf":[],"gallery_images":[27515,27514],"_links":{"self":[{"href":"https:\/\/tremunpiercing.com\/sk\/wp-json\/wp\/v2\/product\/21988","targetHints":{"allow":["GET"]}}],"collection":[{"href":"https:\/\/tremunpiercing.com\/sk\/wp-json\/wp\/v2\/product"}],"about":[{"href":"https:\/\/tremunpiercing.com\/sk\/wp-json\/wp\/v2\/types\/product"}],"replies":[{"embeddable":true,"href":"https:\/\/tremunpiercing.com\/sk\/wp-json\/wp\/v2\/comments?post=21988"}],"version-history":[{"count":1,"href":"https:\/\/tremunpiercing.com\/sk\/wp-json\/wp\/v2\/product\/21988\/revisions"}],"predecessor-version":[{"id":27517,"href":"https:\/\/tremunpiercing.com\/sk\/wp-json\/wp\/v2\/product\/21988\/revisions\/27517"}],"wp:featuredmedia":[{"embeddable":true,"href":"https:\/\/tremunpiercing.com\/sk\/wp-json\/wp\/v2\/media\/21989"}],"wp:attachment":[{"href":"https:\/\/tremunpiercing.com\/sk\/wp-json\/wp\/v2\/media?parent=21988"}],"wp:term":[{"taxonomy":"product_brand","embeddable":true,"href":"https:\/\/tremunpiercing.com\/sk\/wp-json\/wp\/v2\/product_brand?post=21988"},{"taxonomy":"product_cat","embeddable":true,"href":"https:\/\/tremunpiercing.com\/sk\/wp-json\/wp\/v2\/product_cat?post=21988"},{"taxonomy":"product_tag","embeddable":true,"href":"https:\/\/tremunpiercing.com\/sk\/wp-json\/wp\/v2\/product_tag?post=21988"}],"curies":[{"name":"wp","href":"https:\/\/api.w.org\/{rel}","templated":true}]}}