{"id":21991,"date":"2025-09-17T19:36:05","date_gmt":"2025-09-17T18:36:05","guid":{"rendered":"https:\/\/tremunpiercing.com\/?post_type=product&#038;p=21991"},"modified":"2026-03-22T15:52:25","modified_gmt":"2026-03-22T14:52:25","slug":"lena-sw-purplish-pink","status":"publish","type":"product","link":"https:\/\/tremunpiercing.com\/sk\/product\/lena-sw-purplish-pink\/","title":{"rendered":"Lena - SW purpurovo ru\u017eov\u00e1"},"content":{"rendered":"<p>Lena SW Purplish Pink predstavuje ide\u00e1lne spojenie elegancie a modernej sofistikovanosti. Je vhodne vyroben\u00fd z tit\u00e1nu implanta\u010dnej triedy F-136, m\u00e1 vn\u00fatorn\u00fd z\u00e1vit 16G, 3 mm a n\u00e1dhern\u00fd fialovo-ru\u017eov\u00fd kri\u0161t\u00e1\u013e Swarovski, ktor\u00fd je zn\u00e1my t\u00fdm, \u017ee \u017eiari brilantn\u00fdm oh\u0148om.<\/p>\n<p>Hypoalerg\u00e9nna tit\u00e1nov\u00e1 z\u00e1klad\u0148a poskytuje maxim\u00e1lne pohodlie a dlh\u00fa \u017eivotnos\u0165, tak\u017ee sa perfektne hod\u00ed na tragus, helix, labret a ploch\u00fd piercing. Vn\u00fatorn\u00fd z\u00e1vit je bezpe\u010dn\u00fd a pom\u00e1ha minimalizova\u0165 podr\u00e1\u017edenie, pri\u010dom zaru\u010duje dokonal\u00e9 uchytenie, ktor\u00e9 si zamiluj\u00fa aj profesion\u00e1li. Jemn\u00e1 ru\u017eovkast\u00e1 farba je jemn\u00fdm, ale sebavedom\u00fdm doplnkom ka\u017ed\u00e9ho vzh\u013eadu a je ob\u013e\u00faben\u00e1 u z\u00e1kazn\u00edkov \u201chigh-endov\u00fdch \u0161t\u00fadiov\u00fdch\u201d kolekci\u00ed.<\/p>","protected":false},"excerpt":{"rendered":"<ul>\n<li>Vn\u00fatorn\u00e9 z\u00e1vity<\/li>\n<li>Materi\u00e1l: F-136<\/li>\n<li>Ve\u013ekos\u0165: 3 mm<\/li>\n<li>Drahokam: Kri\u0161t\u00e1\u013e Swarovski<\/li>\n<li>Meradlo: 16G<\/li>\n<\/ul>","protected":false},"featured_media":22380,"comment_status":"closed","ping_status":"closed","template":"","meta":{"_acf_changed":false},"product_brand":[],"product_cat":[442,340,343],"product_tag":[187,188,189,210,211,199,190,183,184],"class_list":{"0":"post-21991","1":"product","2":"type-product","3":"status-publish","4":"has-post-thumbnail","6":"product_cat-sw","7":"product_cat-titanium-jewelry","8":"product_cat-tops-titanium-jewelry","9":"product_tag-conch","10":"product_tag-ear","11":"product_tag-helix","12":"product_tag-labret","13":"product_tag-lip","14":"product_tag-nostril","15":"product_tag-oreja","16":"product_tag-perforacion","17":"product_tag-piercing","19":"first","20":"instock","21":"taxable","22":"shipping-taxable","23":"purchasable","24":"product-type-simple"},"acf":[],"gallery_images":[27505,27506],"_links":{"self":[{"href":"https:\/\/tremunpiercing.com\/sk\/wp-json\/wp\/v2\/product\/21991","targetHints":{"allow":["GET"]}}],"collection":[{"href":"https:\/\/tremunpiercing.com\/sk\/wp-json\/wp\/v2\/product"}],"about":[{"href":"https:\/\/tremunpiercing.com\/sk\/wp-json\/wp\/v2\/types\/product"}],"replies":[{"embeddable":true,"href":"https:\/\/tremunpiercing.com\/sk\/wp-json\/wp\/v2\/comments?post=21991"}],"version-history":[{"count":1,"href":"https:\/\/tremunpiercing.com\/sk\/wp-json\/wp\/v2\/product\/21991\/revisions"}],"predecessor-version":[{"id":27507,"href":"https:\/\/tremunpiercing.com\/sk\/wp-json\/wp\/v2\/product\/21991\/revisions\/27507"}],"wp:featuredmedia":[{"embeddable":true,"href":"https:\/\/tremunpiercing.com\/sk\/wp-json\/wp\/v2\/media\/22380"}],"wp:attachment":[{"href":"https:\/\/tremunpiercing.com\/sk\/wp-json\/wp\/v2\/media?parent=21991"}],"wp:term":[{"taxonomy":"product_brand","embeddable":true,"href":"https:\/\/tremunpiercing.com\/sk\/wp-json\/wp\/v2\/product_brand?post=21991"},{"taxonomy":"product_cat","embeddable":true,"href":"https:\/\/tremunpiercing.com\/sk\/wp-json\/wp\/v2\/product_cat?post=21991"},{"taxonomy":"product_tag","embeddable":true,"href":"https:\/\/tremunpiercing.com\/sk\/wp-json\/wp\/v2\/product_tag?post=21991"}],"curies":[{"name":"wp","href":"https:\/\/api.w.org\/{rel}","templated":true}]}}