{"id":21994,"date":"2025-09-17T19:38:46","date_gmt":"2025-09-17T18:38:46","guid":{"rendered":"https:\/\/tremunpiercing.com\/?post_type=product&#038;p=21994"},"modified":"2026-03-18T16:21:28","modified_gmt":"2026-03-18T15:21:28","slug":"lena-sw-mint-green","status":"publish","type":"product","link":"https:\/\/tremunpiercing.com\/sk\/product\/lena-sw-mint-green\/","title":{"rendered":"Lena - SW Mint Green"},"content":{"rendered":"<p>Lena - SW Mint Green dod\u00e1 ka\u017edej profesion\u00e1lnej l\u00ednii piercingu vesel\u00fa farbu. Tento 16G, 3 mm kus s vn\u00fatorn\u00fdm z\u00e1vitom je vyroben\u00fd z tit\u00e1nu implanta\u010dnej triedy F-136 a m\u00e1 n\u00e1dhern\u00fd kry\u0161t\u00e1l Swarovski Mint Green, ktor\u00fd \u017eiari svie\u017eou energiou. Tento k\u00fasok je vhodn\u00fd na piercing do labret, helixu a tragu a sp\u00e1ja v sebe pohodlie a kr\u00e1su.<\/p>\n<p>Vn\u00fatorn\u00e9 z\u00e1vity zabezpe\u010duj\u00fa bezpe\u010dn\u00e9 a jednoduch\u00e9 nosenie a minimalizuj\u00fa mo\u017enos\u0165 podr\u00e1\u017edenia. Lena Mint Green je vytvoren\u00e1 pre \u0161t\u00fadi\u00e1, ktor\u00e9 klad\u00fa d\u00f4raz na bezpe\u010dnos\u0165 a kvalitu, a sp\u00e1ja v sebe kvalitu, farbu a luxus - tento k\u00fasok je dokonal\u00fdm doplnkom \u0161pi\u010dkovej expoz\u00edcie!<\/p>","protected":false},"excerpt":{"rendered":"<ul>\n<li>Vn\u00fatorn\u00e9 z\u00e1vity<\/li>\n<li>Materi\u00e1l: F-136<\/li>\n<li>Ve\u013ekos\u0165: 3 mm<\/li>\n<li>Drahokam: Kri\u0161t\u00e1\u013e Swarovski<\/li>\n<li>Meradlo: 16G<\/li>\n<\/ul>","protected":false},"featured_media":22378,"comment_status":"closed","ping_status":"closed","template":"","meta":{"_acf_changed":false},"product_brand":[],"product_cat":[442,340,343],"product_tag":[187,188,189,210,211,199,190,183,184],"class_list":{"0":"post-21994","1":"product","2":"type-product","3":"status-publish","4":"has-post-thumbnail","6":"product_cat-sw","7":"product_cat-titanium-jewelry","8":"product_cat-tops-titanium-jewelry","9":"product_tag-conch","10":"product_tag-ear","11":"product_tag-helix","12":"product_tag-labret","13":"product_tag-lip","14":"product_tag-nostril","15":"product_tag-oreja","16":"product_tag-perforacion","17":"product_tag-piercing","19":"first","20":"instock","21":"taxable","22":"shipping-taxable","23":"purchasable","24":"product-type-simple"},"acf":[],"gallery_images":[27502,27503],"_links":{"self":[{"href":"https:\/\/tremunpiercing.com\/sk\/wp-json\/wp\/v2\/product\/21994","targetHints":{"allow":["GET"]}}],"collection":[{"href":"https:\/\/tremunpiercing.com\/sk\/wp-json\/wp\/v2\/product"}],"about":[{"href":"https:\/\/tremunpiercing.com\/sk\/wp-json\/wp\/v2\/types\/product"}],"replies":[{"embeddable":true,"href":"https:\/\/tremunpiercing.com\/sk\/wp-json\/wp\/v2\/comments?post=21994"}],"version-history":[{"count":1,"href":"https:\/\/tremunpiercing.com\/sk\/wp-json\/wp\/v2\/product\/21994\/revisions"}],"predecessor-version":[{"id":27504,"href":"https:\/\/tremunpiercing.com\/sk\/wp-json\/wp\/v2\/product\/21994\/revisions\/27504"}],"wp:featuredmedia":[{"embeddable":true,"href":"https:\/\/tremunpiercing.com\/sk\/wp-json\/wp\/v2\/media\/22378"}],"wp:attachment":[{"href":"https:\/\/tremunpiercing.com\/sk\/wp-json\/wp\/v2\/media?parent=21994"}],"wp:term":[{"taxonomy":"product_brand","embeddable":true,"href":"https:\/\/tremunpiercing.com\/sk\/wp-json\/wp\/v2\/product_brand?post=21994"},{"taxonomy":"product_cat","embeddable":true,"href":"https:\/\/tremunpiercing.com\/sk\/wp-json\/wp\/v2\/product_cat?post=21994"},{"taxonomy":"product_tag","embeddable":true,"href":"https:\/\/tremunpiercing.com\/sk\/wp-json\/wp\/v2\/product_tag?post=21994"}],"curies":[{"name":"wp","href":"https:\/\/api.w.org\/{rel}","templated":true}]}}