{"id":21997,"date":"2025-09-17T19:41:04","date_gmt":"2025-09-17T18:41:04","guid":{"rendered":"https:\/\/tremunpiercing.com\/?post_type=product&#038;p=21997"},"modified":"2026-03-29T18:28:43","modified_gmt":"2026-03-29T17:28:43","slug":"lena-sw-frosty-mint","status":"publish","type":"product","link":"https:\/\/tremunpiercing.com\/sk\/product\/lena-sw-frosty-mint\/","title":{"rendered":"Lena - SW Frosty Mint"},"content":{"rendered":"<p>Lena - SW Frosty Mint predstavuje modern\u00fd, osvie\u017euj\u00faci poh\u013ead na tradi\u010dn\u00e9 piercingy. Na 3 mm hrubom cvo\u010dku s vn\u00fatorn\u00fdm z\u00e1vitom (vyrobenom z tit\u00e1nu Implant Grade F-136) je umiestnen\u00fd kry\u0161t\u00e1l Swarovski Frosty Mint, ktor\u00fd osl\u0148uje jemn\u00fdm pastelov\u00fdm leskom. M\u00e1 hypoalerg\u00e9nny a vo\u010di kor\u00f3zii odoln\u00fd povrch, ktor\u00fd sa skvele hod\u00ed na ka\u017edodenn\u00e9 nosenie v\u0161etk\u00fdch typov piercingov v u\u0161iach (tragus, labret, helix). Vytvoren\u00fd \u0161peci\u00e1lne pre profesion\u00e1lov, vy\u017earuje jednoduchos\u0165 a eleganciu a z\u00e1rove\u0148 je odoln\u00fd na ka\u017edodenn\u00e9 prepichovanie. Frosty Mint bude \u013eahk\u00fdm popom svie\u017eosti pre \u0161t\u00fadi\u00e1 aj klientov.<\/p>","protected":false},"excerpt":{"rendered":"<ul>\n<li>Vn\u00fatorn\u00e9 z\u00e1vity<\/li>\n<li>Materi\u00e1l: F-136<\/li>\n<li>Ve\u013ekos\u0165: 3 mm<\/li>\n<li>Drahokam: Kri\u0161t\u00e1\u013e Swarovski<\/li>\n<li>Meradlo: 16G<\/li>\n<\/ul>","protected":false},"featured_media":21999,"comment_status":"closed","ping_status":"closed","template":"","meta":{"_acf_changed":false},"product_brand":[],"product_cat":[442,340,343],"product_tag":[187,188,189,210,211,199,190,183,184],"class_list":{"0":"post-21997","1":"product","2":"type-product","3":"status-publish","4":"has-post-thumbnail","6":"product_cat-sw","7":"product_cat-titanium-jewelry","8":"product_cat-tops-titanium-jewelry","9":"product_tag-conch","10":"product_tag-ear","11":"product_tag-helix","12":"product_tag-labret","13":"product_tag-lip","14":"product_tag-nostril","15":"product_tag-oreja","16":"product_tag-perforacion","17":"product_tag-piercing","19":"first","20":"instock","21":"taxable","22":"shipping-taxable","23":"purchasable","24":"product-type-simple"},"acf":[],"gallery_images":[27497,27496],"_links":{"self":[{"href":"https:\/\/tremunpiercing.com\/sk\/wp-json\/wp\/v2\/product\/21997","targetHints":{"allow":["GET"]}}],"collection":[{"href":"https:\/\/tremunpiercing.com\/sk\/wp-json\/wp\/v2\/product"}],"about":[{"href":"https:\/\/tremunpiercing.com\/sk\/wp-json\/wp\/v2\/types\/product"}],"replies":[{"embeddable":true,"href":"https:\/\/tremunpiercing.com\/sk\/wp-json\/wp\/v2\/comments?post=21997"}],"version-history":[{"count":1,"href":"https:\/\/tremunpiercing.com\/sk\/wp-json\/wp\/v2\/product\/21997\/revisions"}],"predecessor-version":[{"id":27500,"href":"https:\/\/tremunpiercing.com\/sk\/wp-json\/wp\/v2\/product\/21997\/revisions\/27500"}],"wp:featuredmedia":[{"embeddable":true,"href":"https:\/\/tremunpiercing.com\/sk\/wp-json\/wp\/v2\/media\/21999"}],"wp:attachment":[{"href":"https:\/\/tremunpiercing.com\/sk\/wp-json\/wp\/v2\/media?parent=21997"}],"wp:term":[{"taxonomy":"product_brand","embeddable":true,"href":"https:\/\/tremunpiercing.com\/sk\/wp-json\/wp\/v2\/product_brand?post=21997"},{"taxonomy":"product_cat","embeddable":true,"href":"https:\/\/tremunpiercing.com\/sk\/wp-json\/wp\/v2\/product_cat?post=21997"},{"taxonomy":"product_tag","embeddable":true,"href":"https:\/\/tremunpiercing.com\/sk\/wp-json\/wp\/v2\/product_tag?post=21997"}],"curies":[{"name":"wp","href":"https:\/\/api.w.org\/{rel}","templated":true}]}}