{"id":22004,"date":"2025-09-17T19:46:58","date_gmt":"2025-09-17T18:46:58","guid":{"rendered":"https:\/\/tremunpiercing.com\/?post_type=product&#038;p=22004"},"modified":"2026-04-14T16:47:26","modified_gmt":"2026-04-14T15:47:26","slug":"lena-sw-light-peony","status":"publish","type":"product","link":"https:\/\/tremunpiercing.com\/sk\/product\/lena-sw-light-peony\/","title":{"rendered":"Lena - Op\u00e1lov\u00e1 svetl\u00e1 pivonka"},"content":{"rendered":"<p>Lena-Opal Light Peony je ur\u010den\u00e1 pre t\u00fdch, ktor\u00ed maj\u00fa radi jemn\u00e9 a \u017eensk\u00e9 detaily. Kame\u0148 Opal Light Peony je n\u00e1dherne \u017eiariv\u00fd a \u0161perk z tit\u00e1nu Implant Grade F-136 m\u00e1 vn\u00fatorn\u00fd z\u00e1vit pre pohodlie a bezpe\u010dnos\u0165.<\/p>\n<p>Tento k\u00fasok je zv\u00fdraznen\u00fd pribli\u017ene 3 mm ve\u013ek\u00fdm piercingom - ide\u00e1lny pre tragus, helix, labret a ploch\u00fd piercing. Pastelov\u00e1 \u017eiara op\u00e1lu vyjadruje jemnos\u0165 sp\u00f4sobu, ak\u00fdm zachyt\u00e1va svetlo, a z\u00e1rove\u0148 pon\u00faka jemn\u00fd lesk ide\u00e1lny na ka\u017edodenn\u00e9 nosenie.<\/p>\n<p>Ako uzn\u00e1van\u00e1 a d\u00f4veryhodn\u00e1 vo\u013eba medzi piercingov\u00fdmi \u0161t\u00fadiami a profesion\u00e1lmi pon\u00faka Lena Opal Light Peony vynikaj\u00faci p\u00f4vab, biokompatibilitu a pevnos\u0165 zameran\u00fa na tit\u00e1n - vysokokvalitn\u00fd \u0161perk, ktor\u00fd je nevyhnutn\u00fd v ka\u017edej kolekcii zameranej na eleganciu.<\/p>","protected":false},"excerpt":{"rendered":"<ul>\n<li>Vn\u00fatorn\u00e9 z\u00e1vity<\/li>\n<li>Materi\u00e1l: F-136<\/li>\n<li>Ve\u013ekos\u0165: 3 mm<\/li>\n<li>Drahokam: Op\u00e1l Svetl\u00e1 pivonka<\/li>\n<li>Meradlo: 16G<\/li>\n<\/ul>","protected":false},"featured_media":22005,"comment_status":"closed","ping_status":"closed","template":"","meta":{"_acf_changed":false},"product_brand":[],"product_cat":[340,343],"product_tag":[187,188,189,210,211,199,190,183,184],"class_list":{"0":"post-22004","1":"product","2":"type-product","3":"status-publish","4":"has-post-thumbnail","6":"product_cat-titanium-jewelry","7":"product_cat-tops-titanium-jewelry","8":"product_tag-conch","9":"product_tag-ear","10":"product_tag-helix","11":"product_tag-labret","12":"product_tag-lip","13":"product_tag-nostril","14":"product_tag-oreja","15":"product_tag-perforacion","16":"product_tag-piercing","18":"first","19":"instock","20":"taxable","21":"shipping-taxable","22":"purchasable","23":"product-type-simple"},"acf":[],"gallery_images":[27498,27499],"_links":{"self":[{"href":"https:\/\/tremunpiercing.com\/sk\/wp-json\/wp\/v2\/product\/22004","targetHints":{"allow":["GET"]}}],"collection":[{"href":"https:\/\/tremunpiercing.com\/sk\/wp-json\/wp\/v2\/product"}],"about":[{"href":"https:\/\/tremunpiercing.com\/sk\/wp-json\/wp\/v2\/types\/product"}],"replies":[{"embeddable":true,"href":"https:\/\/tremunpiercing.com\/sk\/wp-json\/wp\/v2\/comments?post=22004"}],"version-history":[{"count":1,"href":"https:\/\/tremunpiercing.com\/sk\/wp-json\/wp\/v2\/product\/22004\/revisions"}],"predecessor-version":[{"id":27501,"href":"https:\/\/tremunpiercing.com\/sk\/wp-json\/wp\/v2\/product\/22004\/revisions\/27501"}],"wp:featuredmedia":[{"embeddable":true,"href":"https:\/\/tremunpiercing.com\/sk\/wp-json\/wp\/v2\/media\/22005"}],"wp:attachment":[{"href":"https:\/\/tremunpiercing.com\/sk\/wp-json\/wp\/v2\/media?parent=22004"}],"wp:term":[{"taxonomy":"product_brand","embeddable":true,"href":"https:\/\/tremunpiercing.com\/sk\/wp-json\/wp\/v2\/product_brand?post=22004"},{"taxonomy":"product_cat","embeddable":true,"href":"https:\/\/tremunpiercing.com\/sk\/wp-json\/wp\/v2\/product_cat?post=22004"},{"taxonomy":"product_tag","embeddable":true,"href":"https:\/\/tremunpiercing.com\/sk\/wp-json\/wp\/v2\/product_tag?post=22004"}],"curies":[{"name":"wp","href":"https:\/\/api.w.org\/{rel}","templated":true}]}}