{"id":22007,"date":"2025-09-17T19:53:10","date_gmt":"2025-09-17T18:53:10","guid":{"rendered":"https:\/\/tremunpiercing.com\/?post_type=product&#038;p=22007"},"modified":"2026-03-20T16:09:12","modified_gmt":"2026-03-20T15:09:12","slug":"lena-rainbow-moonstone","status":"publish","type":"product","link":"https:\/\/tremunpiercing.com\/sk\/product\/lena-rainbow-moonstone\/","title":{"rendered":"Lena - D\u00fahov\u00fd mesa\u010dn\u00fd kame\u0148"},"content":{"rendered":"<p>Lena - D\u00fahov\u00fd mesa\u010dn\u00fd kame\u0148 prinesie do va\u0161ej zbierky piercingov n\u00e1dych \u00e9terickej kr\u00e1sy. Tento 16G, 3 mm \u0161perk s vn\u00fatorn\u00fdm z\u00e1vitom je vyroben\u00fd z implant\u00e1tov\u00e9ho tit\u00e1nu triedy F-136 a obsahuje \u017eiariv\u00fd d\u00fahov\u00fd mesa\u010dn\u00fd kame\u0148, ktor\u00fd \u017eiari jemn\u00fdmi modr\u00fdmi a bielymi odtie\u0148mi. Perfektne sa hod\u00ed na piercing do labretu, tragu, \u0161pir\u00e1ly alebo laloku a poskytuje minimalistick\u00fd, ale sofistikovan\u00fd vzh\u013ead.<\/p>\n<p>Bezpe\u010dn\u00e9 z\u00e1vity zais\u0165uj\u00fa hladk\u00fd proces in\u0161tal\u00e1cie, minimalizuj\u00fa podr\u00e1\u017edenie a maximalizuj\u00fa pohodlie. Profesion\u00e1li v oblasti piercingu oce\u0148uj\u00fa jeho hypoalerg\u00e9nne vlastnosti a nad\u010dasov\u00fd vzh\u013ead, v\u010faka \u010domu je vhodnou vo\u013ebou pre klientov, ktor\u00ed oce\u0148uj\u00fa decentn\u00fd luxus.<\/p>","protected":false},"excerpt":{"rendered":"<ul>\n<li>Vn\u00fatorn\u00e9 z\u00e1vity<\/li>\n<li>Materi\u00e1l: F-136<\/li>\n<li>Ve\u013ekos\u0165: 3 mm<\/li>\n<li>Drahokam: D\u00fahov\u00fd mesa\u010dn\u00fd kame\u0148<\/li>\n<li>Meradlo: 16G<\/li>\n<\/ul>","protected":false},"featured_media":22376,"comment_status":"closed","ping_status":"closed","template":"","meta":{"_acf_changed":false},"product_brand":[],"product_cat":[340,343],"product_tag":[187,188,189,210,211,199,190,183,184],"class_list":{"0":"post-22007","1":"product","2":"type-product","3":"status-publish","4":"has-post-thumbnail","6":"product_cat-titanium-jewelry","7":"product_cat-tops-titanium-jewelry","8":"product_tag-conch","9":"product_tag-ear","10":"product_tag-helix","11":"product_tag-labret","12":"product_tag-lip","13":"product_tag-nostril","14":"product_tag-oreja","15":"product_tag-perforacion","16":"product_tag-piercing","18":"first","19":"instock","20":"taxable","21":"shipping-taxable","22":"purchasable","23":"product-type-simple"},"acf":[],"gallery_images":[27494,27493],"_links":{"self":[{"href":"https:\/\/tremunpiercing.com\/sk\/wp-json\/wp\/v2\/product\/22007","targetHints":{"allow":["GET"]}}],"collection":[{"href":"https:\/\/tremunpiercing.com\/sk\/wp-json\/wp\/v2\/product"}],"about":[{"href":"https:\/\/tremunpiercing.com\/sk\/wp-json\/wp\/v2\/types\/product"}],"replies":[{"embeddable":true,"href":"https:\/\/tremunpiercing.com\/sk\/wp-json\/wp\/v2\/comments?post=22007"}],"version-history":[{"count":1,"href":"https:\/\/tremunpiercing.com\/sk\/wp-json\/wp\/v2\/product\/22007\/revisions"}],"predecessor-version":[{"id":27495,"href":"https:\/\/tremunpiercing.com\/sk\/wp-json\/wp\/v2\/product\/22007\/revisions\/27495"}],"wp:featuredmedia":[{"embeddable":true,"href":"https:\/\/tremunpiercing.com\/sk\/wp-json\/wp\/v2\/media\/22376"}],"wp:attachment":[{"href":"https:\/\/tremunpiercing.com\/sk\/wp-json\/wp\/v2\/media?parent=22007"}],"wp:term":[{"taxonomy":"product_brand","embeddable":true,"href":"https:\/\/tremunpiercing.com\/sk\/wp-json\/wp\/v2\/product_brand?post=22007"},{"taxonomy":"product_cat","embeddable":true,"href":"https:\/\/tremunpiercing.com\/sk\/wp-json\/wp\/v2\/product_cat?post=22007"},{"taxonomy":"product_tag","embeddable":true,"href":"https:\/\/tremunpiercing.com\/sk\/wp-json\/wp\/v2\/product_tag?post=22007"}],"curies":[{"name":"wp","href":"https:\/\/api.w.org\/{rel}","templated":true}]}}